{"id":115190,"date":"2022-02-08T11:19:23","date_gmt":"2022-02-08T10:19:23","guid":{"rendered":"https:\/\/empow-her.com\/?post_type=product&#038;p=115190"},"modified":"2022-09-28T11:47:17","modified_gmt":"2022-09-28T09:47:17","slug":"shetalks-conference-futur-travail-bien-etre","status":"publish","type":"product","link":"https:\/\/empow-her.com\/en\/produit\/shetalks-conference-futur-travail-bien-etre\/","title":{"rendered":"SheTalks &#8211; Elles pensent le futur du travail"},"content":{"rendered":"<p><strong>Bien-\u00eatre et impact au premier plan<\/strong><\/p>\n<p><span class=\"TextRun SCXW7078688 BCX8\" lang=\"FR-FR\" xml:lang=\"FR-FR\" data-contrast=\"none\"><span class=\"NormalTextRun SpellingErrorV2 SCXW7078688 BCX8\">Sist&#8217;Her<\/span><span class=\"NormalTextRun SCXW7078688 BCX8\"> met en avant des femmes entrepreneures qui participent \u00e0 la qualit\u00e9 de vie au travail et au bien-\u00eatre.<\/span><\/span><span class=\"LineBreakBlob BlobObject DragDrop SCXW7078688 BCX8\"><span class=\"SCXW7078688 BCX8\">\u00a0<\/span><br class=\"SCXW7078688 BCX8\" \/><\/span><span class=\"LineBreakBlob BlobObject DragDrop SCXW7078688 BCX8\"><span class=\"SCXW7078688 BCX8\">\u00a0<\/span><br class=\"SCXW7078688 BCX8\" \/><\/span><span class=\"TextRun SCXW7078688 BCX8\" lang=\"FR-FR\" xml:lang=\"FR-FR\" data-contrast=\"none\"><span class=\"NormalTextRun SCXW7078688 BCX8\">Le mercredi 23 f\u00e9vrier de 18h \u00e0 20h30, venez \u00e0 la rencontre de trois entrepreneures qui r\u00e9volutionnent le travail de demain :\u00a0<\/span><\/span><\/p>\n<p><strong>&#8211; Emmanuelle Vall\u00e9e <\/strong>de Kolybry Ressources<br \/>\n<strong>&#8211; Pauline Gane, Fondatrice<\/strong> de Easy V et du podcast &#8220;soft skill by Easy V&#8221;<br \/>\n<strong>&#8211; Marie-Charlotte Parfait, <\/strong>Fondatrice de Aparentiere<\/p>\n<p><span class=\"TextRun SCXW7078688 BCX8\" lang=\"FR-FR\" xml:lang=\"FR-FR\" data-contrast=\"none\"><span class=\"NormalTextRun SCXW7078688 BCX8\">Avec 50 700 nouveaux cas de maladies professionnelles reconnues en 2016, selon Sant\u00e9 Publique France, nous savons que les risques li\u00e9s au travail sont nombreux. Le d\u00e9veloppement des maladies professionnelles telles que les TMS, le stress, la fatigue oculaire, le burnout&#8230; am\u00e8nent des entrepreneures \u00e0 \u0153uvrer pour am\u00e9liorer les conditions de travail chez les employ\u00e9s.<\/span><\/span><span class=\"LineBreakBlob BlobObject DragDrop SCXW7078688 BCX8\"><span class=\"SCXW7078688 BCX8\">\u00a0<\/span><br class=\"SCXW7078688 BCX8\" \/><\/span><span class=\"LineBreakBlob BlobObject DragDrop SCXW7078688 BCX8\"><span class=\"SCXW7078688 BCX8\">\u00a0<\/span><br class=\"SCXW7078688 BCX8\" \/><\/span><span class=\"TextRun SCXW7078688 BCX8\" lang=\"FR-FR\" xml:lang=\"FR-FR\" data-contrast=\"none\"><span class=\"NormalTextRun SCXW7078688 BCX8\">Leurs ambitions : favoriser la construction de la sant\u00e9 physique et mentale des personnes en emploi \u00e0 travers leurs projets innovants.<\/span><\/span><span class=\"LineBreakBlob BlobObject DragDrop SCXW7078688 BCX8\"><span class=\"SCXW7078688 BCX8\">\u00a0<\/span><br class=\"SCXW7078688 BCX8\" \/><\/span><span class=\"LineBreakBlob BlobObject DragDrop SCXW7078688 BCX8\"><span class=\"SCXW7078688 BCX8\">\u00a0<\/span><br class=\"SCXW7078688 BCX8\" \/><\/span><strong><span class=\"TextRun SCXW7078688 BCX8\" lang=\"FR-FR\" xml:lang=\"FR-FR\" data-contrast=\"none\"><span class=\"NormalTextRun SCXW7078688 BCX8\">Au programme pour ce <\/span><span class=\"NormalTextRun SpellingErrorV2 SCXW7078688 BCX8\">SheTalks<\/span><\/span><\/strong><span class=\"LineBreakBlob BlobObject DragDrop SCXW7078688 BCX8\"><strong><span class=\"SCXW7078688 BCX8\"> :<\/span><\/strong><\/span><\/p>\n<p><span class=\"TextRun SCXW7078688 BCX8\" lang=\"FR-FR\" xml:lang=\"FR-FR\" data-contrast=\"none\"><span class=\"NormalTextRun SCXW7078688 BCX8\">&#8211; Accueil \u00e0 18h00<\/span><\/span><span class=\"LineBreakBlob BlobObject DragDrop SCXW7078688 BCX8\"><span class=\"SCXW7078688 BCX8\">\u00a0<\/span><br class=\"SCXW7078688 BCX8\" \/><\/span><span class=\"TextRun SCXW7078688 BCX8\" lang=\"FR-FR\" xml:lang=\"FR-FR\" data-contrast=\"none\"><span class=\"NormalTextRun SCXW7078688 BCX8\">&#8211; Conf\u00e9rence de 18h30 \u00e0 19h30 avec un Q&amp;A<\/span><\/span><span class=\"LineBreakBlob BlobObject DragDrop SCXW7078688 BCX8\"><span class=\"SCXW7078688 BCX8\">\u00a0<\/span><br class=\"SCXW7078688 BCX8\" \/><\/span><span class=\"TextRun SCXW7078688 BCX8\" lang=\"FR-FR\" xml:lang=\"FR-FR\" data-contrast=\"none\"><span class=\"NormalTextRun SCXW7078688 BCX8\">&#8211; Rencontre et temps d\u2019\u00e9change autour d\u2019un verre chez <\/span><span class=\"NormalTextRun SpellingErrorV2 SCXW7078688 BCX8\">Sist\u2019Her<\/span><span class=\"NormalTextRun SCXW7078688 BCX8\"> de 19h30 \u00e0 20h30<\/span><\/span><span class=\"LineBreakBlob BlobObject DragDrop SCXW7078688 BCX8\"><span class=\"SCXW7078688 BCX8\">\u00a0<\/span><br class=\"SCXW7078688 BCX8\" \/><\/span><span class=\"LineBreakBlob BlobObject DragDrop SCXW7078688 BCX8\"><span class=\"SCXW7078688 BCX8\">\u00a0<\/span><br class=\"SCXW7078688 BCX8\" \/><\/span><span class=\"TextRun SCXW7078688 BCX8\" lang=\"FR-FR\" xml:lang=\"FR-FR\" data-contrast=\"none\"><span class=\"NormalTextRun SCXW7078688 BCX8\">Cet \u00e9v\u00e8nement est coorganis\u00e9 avec PULSE Montreuil &#8211; anciennement Le Comptoir dans le cadre du programme d\u2019accompagnement #EllesEnsemble d\u00e9di\u00e9 aux femmes entrepreneuses sur le territoire d\u2019Est Ensemble.<\/span><\/span><\/p>\n<p>&#x1f516; <strong>R\u00e9servation gratuite obligatoire <\/strong><\/p>\n<p>&#x1f4cd; <strong>Sist&#8217;her Paris<\/strong>, 82 rue du Faubourg St Martin<br \/>\nOuvert en mars 2021, Sist\u2019Her est le premier tiers-lieu d\u00e9di\u00e9 \u00e0 toutes celles qui souhaitent fa\u00e7onner le monde &#x1f30e;. Port\u00e9 par l\u2019association Empow\u2019Her, c\u2019est un lieu de vie bienveillant et joyeux, ouvert \u00e0 tou\u00b7te\u00b7s o\u00f9 il est possible de se former, cr\u00e9er et se rencontrer. &#x1f3e1;<\/p>\n<p>Ce projet est co-financ\u00e9 par le Fonds Social Europ\u00e9en.<\/p>\n","protected":false},"excerpt":{"rendered":"<p><strong>Bien-\u00eatre et impact au premier plan<\/strong><\/p>\n<p><span class=\"TextRun SCXW7078688 BCX8\" lang=\"FR-FR\" xml:lang=\"FR-FR\" data-contrast=\"none\"><span class=\"NormalTextRun SpellingErrorV2 SCXW7078688 BCX8\">Sist&#8217;Her<\/span><span class=\"NormalTextRun SCXW7078688 BCX8\"> met en avant des femmes entrepreneures qui participent \u00e0 la qualit\u00e9 de vie au travail et au bien-\u00eatre.<\/span><\/span><span class=\"LineBreakBlob BlobObject DragDrop SCXW7078688 BCX8\"><span class=\"SCXW7078688 BCX8\">\u00a0<\/span><br class=\"SCXW7078688 BCX8\" \/><\/span><span class=\"LineBreakBlob BlobObject DragDrop SCXW7078688 BCX8\"><span class=\"SCXW7078688 BCX8\">\u00a0<\/span><br class=\"SCXW7078688 BCX8\" \/><\/span><span class=\"TextRun SCXW7078688 BCX8\" lang=\"FR-FR\" xml:lang=\"FR-FR\" data-contrast=\"none\"><span class=\"NormalTextRun SCXW7078688 BCX8\">Le mercredi 23 f\u00e9vrier de 18h \u00e0 20h30, venez \u00e0 la rencontre de trois entrepreneures qui r\u00e9volutionnent le travail de demain :\u00a0<\/span><\/span><\/p>\n<p><strong>&#8211; Emmanuelle Vall\u00e9e<\/strong> de Kolybry Ressources<br \/>\n<strong>&#8211; Pauline Gane,<\/strong> Fondatrice de Easy V et du podcast &#8220;soft skill by Easy V&#8221;<br \/>\n<strong>&#8211; Marie-Charlotte Parfait,<\/strong> Fondatrice de Aparentiere<\/p>\n<p><span class=\"TextRun SCXW7078688 BCX8\" lang=\"FR-FR\" xml:lang=\"FR-FR\" data-contrast=\"none\"><span class=\"NormalTextRun SCXW7078688 BCX8\">Avec 50 700 nouveaux cas de maladies professionnelles reconnues en 2016, selon Sant\u00e9 Publique France, nous savons que les risques li\u00e9s au travail sont nombreux. Le d\u00e9veloppement des maladies professionnelles telles que les TMS, le stress, la fatigue oculaire, le burnout&#8230; am\u00e8nent des entrepreneures \u00e0 \u0153uvrer pour am\u00e9liorer les conditions de travail chez les employ\u00e9s.<\/span><\/span><span class=\"LineBreakBlob BlobObject DragDrop SCXW7078688 BCX8\"><span class=\"SCXW7078688 BCX8\">\u00a0<\/span><br class=\"SCXW7078688 BCX8\" \/><\/span><span class=\"LineBreakBlob BlobObject DragDrop SCXW7078688 BCX8\"><span class=\"SCXW7078688 BCX8\">\u00a0<\/span><br class=\"SCXW7078688 BCX8\" \/><\/span><span class=\"TextRun SCXW7078688 BCX8\" lang=\"FR-FR\" xml:lang=\"FR-FR\" data-contrast=\"none\"><span class=\"NormalTextRun SCXW7078688 BCX8\">Leurs ambitions : favoriser la construction de la sant\u00e9 physique et mentale des personnes en emploi \u00e0 travers leurs projets innovants.<\/span><\/span><span class=\"LineBreakBlob BlobObject DragDrop SCXW7078688 BCX8\"><span class=\"SCXW7078688 BCX8\">\u00a0<\/span><br class=\"SCXW7078688 BCX8\" \/><\/span><span class=\"LineBreakBlob BlobObject DragDrop SCXW7078688 BCX8\"><span class=\"SCXW7078688 BCX8\">\u00a0<\/span><br class=\"SCXW7078688 BCX8\" \/><\/span><strong><span class=\"TextRun SCXW7078688 BCX8\" lang=\"FR-FR\" xml:lang=\"FR-FR\" data-contrast=\"none\"><span class=\"NormalTextRun SCXW7078688 BCX8\">Au programme pour ce <\/span><span class=\"NormalTextRun SpellingErrorV2 SCXW7078688 BCX8\">SheTalks<\/span><\/span><\/strong><span class=\"LineBreakBlob BlobObject DragDrop SCXW7078688 BCX8\"><strong><span class=\"SCXW7078688 BCX8\"> :<\/span><\/strong><\/span><\/p>\n<p><span class=\"TextRun SCXW7078688 BCX8\" lang=\"FR-FR\" xml:lang=\"FR-FR\" data-contrast=\"none\"><span class=\"NormalTextRun SCXW7078688 BCX8\">&#8211; Accueil \u00e0 18h00<\/span><\/span><span class=\"LineBreakBlob BlobObject DragDrop SCXW7078688 BCX8\"><span class=\"SCXW7078688 BCX8\">\u00a0<\/span><br class=\"SCXW7078688 BCX8\" \/><\/span><span class=\"TextRun SCXW7078688 BCX8\" lang=\"FR-FR\" xml:lang=\"FR-FR\" data-contrast=\"none\"><span class=\"NormalTextRun SCXW7078688 BCX8\">&#8211; Conf\u00e9rence de 18h30 \u00e0 19h30 avec un Q&amp;A<\/span><\/span><span class=\"LineBreakBlob BlobObject DragDrop SCXW7078688 BCX8\"><span class=\"SCXW7078688 BCX8\">\u00a0<\/span><br class=\"SCXW7078688 BCX8\" \/><\/span><span class=\"TextRun SCXW7078688 BCX8\" lang=\"FR-FR\" xml:lang=\"FR-FR\" data-contrast=\"none\"><span class=\"NormalTextRun SCXW7078688 BCX8\">&#8211; Rencontre et temps d\u2019\u00e9change autour d\u2019un verre chez <\/span><span class=\"NormalTextRun SpellingErrorV2 SCXW7078688 BCX8\">Sist\u2019Her<\/span><span class=\"NormalTextRun SCXW7078688 BCX8\"> de 19h30 \u00e0 20h30<\/span><\/span><span class=\"LineBreakBlob BlobObject DragDrop SCXW7078688 BCX8\"><span class=\"SCXW7078688 BCX8\">\u00a0<\/span><br class=\"SCXW7078688 BCX8\" \/><\/span><span class=\"LineBreakBlob BlobObject DragDrop SCXW7078688 BCX8\"><span class=\"SCXW7078688 BCX8\">\u00a0<\/span><br class=\"SCXW7078688 BCX8\" \/><\/span><span class=\"TextRun SCXW7078688 BCX8\" lang=\"FR-FR\" xml:lang=\"FR-FR\" data-contrast=\"none\"><span class=\"NormalTextRun SCXW7078688 BCX8\">Cet \u00e9v\u00e8nement est coorganis\u00e9 avec PULSE Montreuil &#8211; anciennement Le Comptoir dans le cadre du programme d\u2019accompagnement #EllesEnsemble d\u00e9di\u00e9 aux femmes entrepreneuses sur le territoire d\u2019Est Ensemble.<\/span><\/span><\/p>\n<p>&#x1f516; <strong>R\u00e9servation gratuite obligatoire <\/strong><\/p>\n<p>&#x1f4cd; <strong>Sist&#8217;her Paris<\/strong>, 82 rue du Faubourg St Martin<br \/>\nOuvert en mars 2021, Sist\u2019Her est le premier tiers-lieu d\u00e9di\u00e9 \u00e0 toutes celles qui souhaitent fa\u00e7onner le monde &#x1f30e;. Port\u00e9 par l\u2019association Empow\u2019Her, c\u2019est un lieu de vie bienveillant et joyeux, ouvert \u00e0 tou\u00b7te\u00b7s o\u00f9 il est possible de se former, cr\u00e9er et se rencontrer. &#x1f3e1;<\/p>\n<p>Ce projet est co-financ\u00e9 par le Fonds Social Europ\u00e9en.<\/p>\n","protected":false},"featured_media":115183,"template":"","format":"standard","meta":{"_acf_changed":false,"om_disable_all_campaigns":false,"_uf_show_specific_survey":0,"_uf_disable_surveys":false},"product_brand":[],"product_cat":[119],"product_tag":[],"lieu":[127],"thematiques":[],"class_list":{"0":"post-115190","1":"product","2":"type-product","3":"status-publish","4":"format-standard","5":"has-post-thumbnail","7":"product_cat-evenement-sisther","8":"lieu-hub-empowher","10":"first","11":"instock","12":"virtual","13":"purchasable","14":"product-type-appointment"},"exclude_global_add_ons":[],"addons":[],"acf":[],"yoast_head":"<!-- This site is optimized with the Yoast SEO plugin v24.8 - https:\/\/yoast.com\/wordpress\/plugins\/seo\/ -->\n<title>SheTalks - Elles pensent le futur du travail - Empow&#039;Her<\/title>\n<meta name=\"description\" content=\"Sist&#039;Her met en avant des femmes entrepreneures qui participent \u00e0 la qualit\u00e9 de vie au travail et au bien-\u00eatre !\" \/>\n<meta name=\"robots\" content=\"index, follow, max-snippet:-1, max-image-preview:large, max-video-preview:-1\" \/>\n<link rel=\"canonical\" href=\"https:\/\/empow-her.com\/produit\/shetalks-conference-futur-travail-bien-etre\/\" \/>\n<meta property=\"og:locale\" content=\"en_US\" \/>\n<meta property=\"og:type\" content=\"article\" \/>\n<meta property=\"og:title\" content=\"SheTalks - Elles pensent le futur du travail - Empow&#039;Her\" \/>\n<meta property=\"og:description\" content=\"Sist&#039;Her met en avant des femmes entrepreneures qui participent \u00e0 la qualit\u00e9 de vie au travail et au bien-\u00eatre !\" \/>\n<meta property=\"og:url\" content=\"https:\/\/empow-her.com\/produit\/shetalks-conference-futur-travail-bien-etre\/\" \/>\n<meta property=\"og:site_name\" content=\"Empow&#039;Her\" \/>\n<meta property=\"article:modified_time\" content=\"2022-09-28T09:47:17+00:00\" \/>\n<meta property=\"og:image\" content=\"https:\/\/empow-her.com\/wp-content\/uploads\/2022\/02\/TEMPLATES-EVENTS-WOMEN-DARE-1.png\" \/>\n\t<meta property=\"og:image:width\" content=\"1080\" \/>\n\t<meta property=\"og:image:height\" content=\"1080\" \/>\n\t<meta property=\"og:image:type\" content=\"image\/png\" \/>\n<meta name=\"twitter:card\" content=\"summary_large_image\" \/>\n<meta name=\"twitter:label1\" content=\"Est. reading time\" \/>\n\t<meta name=\"twitter:data1\" content=\"2 minutes\" \/>\n<script type=\"application\/ld+json\" class=\"yoast-schema-graph\">{\"@context\":\"https:\/\/schema.org\",\"@graph\":[{\"@type\":\"WebPage\",\"@id\":\"https:\/\/empow-her.com\/produit\/shetalks-conference-futur-travail-bien-etre\/\",\"url\":\"https:\/\/empow-her.com\/produit\/shetalks-conference-futur-travail-bien-etre\/\",\"name\":\"SheTalks - Elles pensent le futur du travail - Empow&#039;Her\",\"isPartOf\":{\"@id\":\"https:\/\/empow-her.com\/#website\"},\"primaryImageOfPage\":{\"@id\":\"https:\/\/empow-her.com\/produit\/shetalks-conference-futur-travail-bien-etre\/#primaryimage\"},\"image\":{\"@id\":\"https:\/\/empow-her.com\/produit\/shetalks-conference-futur-travail-bien-etre\/#primaryimage\"},\"thumbnailUrl\":\"https:\/\/empow-her.com\/wp-content\/uploads\/2022\/02\/TEMPLATES-EVENTS-WOMEN-DARE-1.png\",\"datePublished\":\"2022-02-08T10:19:23+00:00\",\"dateModified\":\"2022-09-28T09:47:17+00:00\",\"description\":\"Sist'Her met en avant des femmes entrepreneures qui participent \u00e0 la qualit\u00e9 de vie au travail et au bien-\u00eatre !\",\"breadcrumb\":{\"@id\":\"https:\/\/empow-her.com\/produit\/shetalks-conference-futur-travail-bien-etre\/#breadcrumb\"},\"inLanguage\":\"en-US\",\"potentialAction\":[{\"@type\":\"ReadAction\",\"target\":[\"https:\/\/empow-her.com\/produit\/shetalks-conference-futur-travail-bien-etre\/\"]}]},{\"@type\":\"ImageObject\",\"inLanguage\":\"en-US\",\"@id\":\"https:\/\/empow-her.com\/produit\/shetalks-conference-futur-travail-bien-etre\/#primaryimage\",\"url\":\"https:\/\/empow-her.com\/wp-content\/uploads\/2022\/02\/TEMPLATES-EVENTS-WOMEN-DARE-1.png\",\"contentUrl\":\"https:\/\/empow-her.com\/wp-content\/uploads\/2022\/02\/TEMPLATES-EVENTS-WOMEN-DARE-1.png\",\"width\":1080,\"height\":1080},{\"@type\":\"BreadcrumbList\",\"@id\":\"https:\/\/empow-her.com\/produit\/shetalks-conference-futur-travail-bien-etre\/#breadcrumb\",\"itemListElement\":[{\"@type\":\"ListItem\",\"position\":1,\"name\":\"Accueil\",\"item\":\"https:\/\/empow-her.com\/en\/landing-page\/\"},{\"@type\":\"ListItem\",\"position\":2,\"name\":\"LA BOUTIQUE\",\"item\":\"https:\/\/empow-her.com\/boutique\/\"},{\"@type\":\"ListItem\",\"position\":3,\"name\":\"SheTalks &#8211; Elles pensent le futur du travail\"}]},{\"@type\":\"WebSite\",\"@id\":\"https:\/\/empow-her.com\/#website\",\"url\":\"https:\/\/empow-her.com\/\",\"name\":\"Empow&#039;Her\",\"description\":\"Women Development\",\"potentialAction\":[{\"@type\":\"SearchAction\",\"target\":{\"@type\":\"EntryPoint\",\"urlTemplate\":\"https:\/\/empow-her.com\/?s={search_term_string}\"},\"query-input\":{\"@type\":\"PropertyValueSpecification\",\"valueRequired\":true,\"valueName\":\"search_term_string\"}}],\"inLanguage\":\"en-US\"}]}<\/script>\n<!-- \/ Yoast SEO plugin. -->","yoast_head_json":{"title":"SheTalks - Elles pensent le futur du travail - Empow&#039;Her","description":"Sist'Her met en avant des femmes entrepreneures qui participent \u00e0 la qualit\u00e9 de vie au travail et au bien-\u00eatre !","robots":{"index":"index","follow":"follow","max-snippet":"max-snippet:-1","max-image-preview":"max-image-preview:large","max-video-preview":"max-video-preview:-1"},"canonical":"https:\/\/empow-her.com\/produit\/shetalks-conference-futur-travail-bien-etre\/","og_locale":"en_US","og_type":"article","og_title":"SheTalks - Elles pensent le futur du travail - Empow&#039;Her","og_description":"Sist'Her met en avant des femmes entrepreneures qui participent \u00e0 la qualit\u00e9 de vie au travail et au bien-\u00eatre !","og_url":"https:\/\/empow-her.com\/produit\/shetalks-conference-futur-travail-bien-etre\/","og_site_name":"Empow&#039;Her","article_modified_time":"2022-09-28T09:47:17+00:00","og_image":[{"width":1080,"height":1080,"url":"https:\/\/empow-her.com\/wp-content\/uploads\/2022\/02\/TEMPLATES-EVENTS-WOMEN-DARE-1.png","type":"image\/png"}],"twitter_card":"summary_large_image","twitter_misc":{"Est. reading time":"2 minutes"},"schema":{"@context":"https:\/\/schema.org","@graph":[{"@type":"WebPage","@id":"https:\/\/empow-her.com\/produit\/shetalks-conference-futur-travail-bien-etre\/","url":"https:\/\/empow-her.com\/produit\/shetalks-conference-futur-travail-bien-etre\/","name":"SheTalks - Elles pensent le futur du travail - Empow&#039;Her","isPartOf":{"@id":"https:\/\/empow-her.com\/#website"},"primaryImageOfPage":{"@id":"https:\/\/empow-her.com\/produit\/shetalks-conference-futur-travail-bien-etre\/#primaryimage"},"image":{"@id":"https:\/\/empow-her.com\/produit\/shetalks-conference-futur-travail-bien-etre\/#primaryimage"},"thumbnailUrl":"https:\/\/empow-her.com\/wp-content\/uploads\/2022\/02\/TEMPLATES-EVENTS-WOMEN-DARE-1.png","datePublished":"2022-02-08T10:19:23+00:00","dateModified":"2022-09-28T09:47:17+00:00","description":"Sist'Her met en avant des femmes entrepreneures qui participent \u00e0 la qualit\u00e9 de vie au travail et au bien-\u00eatre !","breadcrumb":{"@id":"https:\/\/empow-her.com\/produit\/shetalks-conference-futur-travail-bien-etre\/#breadcrumb"},"inLanguage":"en-US","potentialAction":[{"@type":"ReadAction","target":["https:\/\/empow-her.com\/produit\/shetalks-conference-futur-travail-bien-etre\/"]}]},{"@type":"ImageObject","inLanguage":"en-US","@id":"https:\/\/empow-her.com\/produit\/shetalks-conference-futur-travail-bien-etre\/#primaryimage","url":"https:\/\/empow-her.com\/wp-content\/uploads\/2022\/02\/TEMPLATES-EVENTS-WOMEN-DARE-1.png","contentUrl":"https:\/\/empow-her.com\/wp-content\/uploads\/2022\/02\/TEMPLATES-EVENTS-WOMEN-DARE-1.png","width":1080,"height":1080},{"@type":"BreadcrumbList","@id":"https:\/\/empow-her.com\/produit\/shetalks-conference-futur-travail-bien-etre\/#breadcrumb","itemListElement":[{"@type":"ListItem","position":1,"name":"Accueil","item":"https:\/\/empow-her.com\/en\/landing-page\/"},{"@type":"ListItem","position":2,"name":"LA BOUTIQUE","item":"https:\/\/empow-her.com\/boutique\/"},{"@type":"ListItem","position":3,"name":"SheTalks &#8211; Elles pensent le futur du travail"}]},{"@type":"WebSite","@id":"https:\/\/empow-her.com\/#website","url":"https:\/\/empow-her.com\/","name":"Empow&#039;Her","description":"Women Development","potentialAction":[{"@type":"SearchAction","target":{"@type":"EntryPoint","urlTemplate":"https:\/\/empow-her.com\/?s={search_term_string}"},"query-input":{"@type":"PropertyValueSpecification","valueRequired":true,"valueName":"search_term_string"}}],"inLanguage":"en-US"}]}},"_links":{"self":[{"href":"https:\/\/empow-her.com\/en\/wp-json\/wp\/v2\/product\/115190","targetHints":{"allow":["GET"]}}],"collection":[{"href":"https:\/\/empow-her.com\/en\/wp-json\/wp\/v2\/product"}],"about":[{"href":"https:\/\/empow-her.com\/en\/wp-json\/wp\/v2\/types\/product"}],"wp:featuredmedia":[{"embeddable":true,"href":"https:\/\/empow-her.com\/en\/wp-json\/wp\/v2\/media\/115183"}],"wp:attachment":[{"href":"https:\/\/empow-her.com\/en\/wp-json\/wp\/v2\/media?parent=115190"}],"wp:term":[{"taxonomy":"product_brand","embeddable":true,"href":"https:\/\/empow-her.com\/en\/wp-json\/wp\/v2\/product_brand?post=115190"},{"taxonomy":"product_cat","embeddable":true,"href":"https:\/\/empow-her.com\/en\/wp-json\/wp\/v2\/product_cat?post=115190"},{"taxonomy":"product_tag","embeddable":true,"href":"https:\/\/empow-her.com\/en\/wp-json\/wp\/v2\/product_tag?post=115190"},{"taxonomy":"lieu","embeddable":true,"href":"https:\/\/empow-her.com\/en\/wp-json\/wp\/v2\/lieu?post=115190"},{"taxonomy":"thematiques","embeddable":true,"href":"https:\/\/empow-her.com\/en\/wp-json\/wp\/v2\/thematiques?post=115190"}],"curies":[{"name":"wp","href":"https:\/\/api.w.org\/{rel}","templated":true}]}}