{"id":114801,"date":"2022-02-07T10:13:54","date_gmt":"2022-02-07T09:13:54","guid":{"rendered":"https:\/\/empow-her.com\/?post_type=product&#038;p=114801"},"modified":"2022-02-07T11:54:40","modified_gmt":"2022-02-07T10:54:40","slug":"atelier-powher-coach-carriere","status":"publish","type":"product","link":"https:\/\/empow-her.com\/en\/produit\/atelier-powher-coach-carriere\/","title":{"rendered":"Pow&#8217;her &#8211; PowHER ta carri\u00e8re"},"content":{"rendered":"<p><strong>L&#8217;atelier ultime pour booster ta carri\u00e8re !\u00a0<\/strong><\/p>\n<p><span style=\"font-weight: 400;\">Vous appr\u00e9hendez toutes formes de n\u00e9gociations avec vos employeurs ? Vous ne vous sentez pas assez l\u00e9gitime ou confiante pour faire \u00e9voluer votre carri\u00e8re ? Inscivez-vous \u00e0 notre prochain atelier Pow&#8217;Her ! Sarah Zitouni, fondatrice de PowHER ta Carri\u00e8re, vous apportera des conseils pour franchir ces barri\u00e8res et booster la boss girl qui est en vous !<\/span><\/p>\n<p><span style=\"font-weight: 400;\">Sarah Zitouni, strat\u00e8ge dans l&#8217;automobile et coach carri\u00e8re f\u00e9ministe, animera ce prochain atelier, dans l&#8217;objectif de booster votre carri\u00e8re ! Habituellement payant, Sarah a accept\u00e9 de rendre cet atelier gratuit pour le rendre accessible \u00e0 toutes et tous.<\/span><\/p>\n<p><strong>Au programme :<\/strong><\/p>\n<p><span style=\"font-weight: 400;\">&#8211; Une discussion en groupe autour des id\u00e9es re\u00e7ues sur la n\u00e9gociation de salaire<\/span><\/p>\n<p><span style=\"font-weight: 400;\">&#8211; Des conseils d\u00e9taill\u00e9s pour pr\u00e9parer au mieux vos n\u00e9gociations ( comment prendre le rendez-vous, \u00e0 quel moment, comment d\u00e9rouler son argumentaire&#8230;)<\/span><\/p>\n<p><span style=\"font-weight: 400;\">&#8211; Des techniques concr\u00e8tes pour apprivoiser la psychologie de la n\u00e9gociation<\/span><\/p>\n<p>&#x1f50e; Zoom<span style=\"font-weight: 400;\">\u00a0sur PowHER Ta Carri\u00e8re : Sarah a une longue exp\u00e9rience de n\u00e9gociation en tant que directrice commerciale, ce qui l&#8217;a amen\u00e9 \u00e0 d\u00e9velopper une m\u00e9thode r\u00e9aliste et efficace, pour r\u00e9ussir \u00e0 \u00e9voluer dans un milieu essentiellement compos\u00e9 d&#8217;hommes.<\/span><\/p>\n<p><span style=\"font-weight: 400;\">Sa volont\u00e9 avec PowHER ta carri\u00e8re est de proposer des outils efficaces et un coaching de qualit\u00e9 pour aider chacune \u00e0 s&#8217;\u00e9panouir dans une carri\u00e8re enrichissante. Certaines de ses coach\u00e9es ont d\u00e9j\u00e0 vu leur salaire augmenter de 40% !<\/span><\/p>\n<p><strong><span class=\"pq6dq46d tbxw36s4 knj5qynh kvgmc6g5 ditlmg2l oygrvhab nvdbi5me sf5mxxl7 gl3lb2sf hhz5lgdu\"><img decoding=\"async\" src=\"https:\/\/static.xx.fbcdn.net\/images\/emoji.php\/v9\/td3\/2\/16\/1f914.png\" alt=\"&#x1f914;\" width=\"16\" height=\"16\" \/>\u00a0<\/span><\/strong>C&#8217;est quoi les ateliers Pow&#8217;her ?\u00a0<span style=\"font-weight: 400;\">Des formats d&#8217;ateliers vari\u00e9s pour se former, booster ses soft skills et avoir confiance en soi !<\/span><\/p>\n<p>&#x1f637; Mesures sanitaires<br \/>\n&#x1f4f1; PASS SANITAIRE<br \/>\nUn pass sanitaire valide vous sera demand\u00e9 \u00e0 l\u2019entr\u00e9e.<br \/>\n&#x1f4cd; Vous pouvez r\u00e9aliser un test antig\u00e9nique Pharmacie Boutin<br \/>\nau 90 rue du faubourg Saint-Martin \u00e0 proximit\u00e9.<\/p>\n<p>&#x1f4cd; Sist\u2019her Paris, 82 rue du Faubourg St Martin<br \/>\nOuvert en mars 2021, Sist\u2019Her est le premier tiers-lieu d\u00e9di\u00e9 \u00e0 toutes celles qui souhaitent fa\u00e7onner le monde &#x1f30e;. Port\u00e9 par l\u2019association Empow\u2019Her, c\u2019est un lieu de vie bienveillant et joyeux, ouvert \u00e0 tou\u00b7te\u00b7s o\u00f9 il est possible de se former, cr\u00e9er et se rencontrer. &#x1f3e1;<\/p>\n<p>Ce projet est co-financ\u00e9 par le Fonds Social Europ\u00e9en.<\/p>\n","protected":false},"excerpt":{"rendered":"<p><strong>L&#8217;atelier ultime pour booster ta carri\u00e8re !\u00a0<\/strong><\/p>\n<p><span style=\"font-weight: 400;\">Vous appr\u00e9hendez toutes formes de n\u00e9gociations avec vos employeurs ? Vous ne vous sentez pas assez l\u00e9gitime ou confiante pour faire \u00e9voluer votre carri\u00e8re ? Inscivez-vous \u00e0 notre prochain atelier Pow&#8217;Her ! Sarah Zitouni, fondatrice de Pow&#8217;Her ta Carri\u00e8re, vous apportera des conseils pour franchir ces barri\u00e8res et booster la boss girl qui est en vous !<\/span><\/p>\n<p><span style=\"font-weight: 400;\">Sarah Zitouni, strat\u00e8ge dans l&#8217;automobile et coach carri\u00e8re f\u00e9ministe, animera ce prochain atelier, dans l&#8217;objectif de booster votre carri\u00e8re ! Habituellement payant, Sarah a accept\u00e9 de rendre cet atelier gratuit pour le rendre accessible \u00e0 toutes et tous.<\/span><\/p>\n<p><strong>Au programme :<\/strong><\/p>\n<p><span style=\"font-weight: 400;\">&#8211; Une discussion en groupe autour des id\u00e9es re\u00e7ues sur la n\u00e9gociation de salaire<\/span><\/p>\n<p><span style=\"font-weight: 400;\">&#8211; Des conseils d\u00e9taill\u00e9s pour pr\u00e9parer au mieux vos n\u00e9gociations ( comment prendre le rendez-vous, \u00e0 quel moment, comment d\u00e9rouler son argumentaire&#8230;)<\/span><\/p>\n<p><span style=\"font-weight: 400;\">&#8211; Des techniques concr\u00e8tes pour apprivoiser la psychologie de la n\u00e9gociation<\/span><\/p>\n<p>&#x1f50e; Zoom<span style=\"font-weight: 400;\">\u00a0sur Pow&#8217;Her Ta Carri\u00e8re : Sarah a une longue exp\u00e9rience de n\u00e9gociation en tant que directrice commerciale, ce qui l&#8217;a amen\u00e9 \u00e0 d\u00e9velopper une m\u00e9thode r\u00e9aliste et efficace, pour r\u00e9ussir \u00e0 \u00e9voluer dans un milieu essentiellement compos\u00e9 d&#8217;hommes.<\/span><\/p>\n<p><span style=\"font-weight: 400;\">Sa volont\u00e9 avec Pow&#8217;her ta carri\u00e8re est de proposer des outils efficaces et un coaching de qualit\u00e9 pour aider chacune \u00e0 s&#8217;\u00e9panouir dans une carri\u00e8re enrichissante. Certaines de ses coach\u00e9es ont d\u00e9j\u00e0 vu leur salaire augmenter de 40% !<\/span><\/p>\n<p><strong>C&#8217;est quoi les ateliers Pow&#8217;her ?\u00a0<\/strong><\/p>\n<p><span style=\"font-weight: 400;\">Des formats d&#8217;ateliers vari\u00e9s pour se former, booster ses soft skills et avoir confiance en soi !<\/span><\/p>\n<p>&#x1f637; Mesures sanitaires<br \/>\n&#x1f4f1; PASS SANITAIRE<br \/>\nUn pass sanitaire valide vous sera demand\u00e9 \u00e0 l\u2019entr\u00e9e.<br \/>\n&#x1f4cd; Vous pouvez r\u00e9aliser un test antig\u00e9nique Pharmacie Boutin<br \/>\nau 90 rue du faubourg Saint-Martin \u00e0 proximit\u00e9.<\/p>\n<p>&#x1f4cd; Sist\u2019her Paris, 82 rue du Faubourg St Martin<br \/>\nOuvert en mars 2021, Sist\u2019Her est le premier tiers-lieu d\u00e9di\u00e9 \u00e0 toutes celles qui souhaitent fa\u00e7onner le monde &#x1f30e;. Port\u00e9 par l\u2019association Empow\u2019Her, c\u2019est un lieu de vie bienveillant et joyeux, ouvert \u00e0 tou\u00b7te\u00b7s o\u00f9 il est possible de se former, cr\u00e9er et se rencontrer. &#x1f3e1;<\/p>\n<p>Ce projet est co-financ\u00e9 par le Fonds Social Europ\u00e9en.<\/p>\n","protected":false},"featured_media":114811,"template":"","format":"standard","meta":{"_acf_changed":false,"om_disable_all_campaigns":false,"_uf_show_specific_survey":0,"_uf_disable_surveys":false},"product_brand":[],"product_cat":[119],"product_tag":[],"lieu":[127],"thematiques":[],"class_list":{"0":"post-114801","1":"product","2":"type-product","3":"status-publish","4":"format-standard","5":"has-post-thumbnail","7":"product_cat-evenement-sisther","8":"lieu-hub-empowher","10":"first","11":"instock","12":"virtual","13":"purchasable","14":"product-type-appointment"},"exclude_global_add_ons":[],"addons":[],"acf":[],"yoast_head":"<!-- This site is optimized with the Yoast SEO plugin v24.8 - https:\/\/yoast.com\/wordpress\/plugins\/seo\/ -->\n<title>Pow&#039;her - PowHER ta carri\u00e8re - Empow&#039;Her<\/title>\n<meta name=\"description\" content=\"Participez \u00e0 un atelier Pow&#039;Her pour booster votre carri\u00e8re professionnel et votre salaire, avec un coaching de qualit\u00e9 !\" \/>\n<meta name=\"robots\" content=\"index, follow, max-snippet:-1, max-image-preview:large, max-video-preview:-1\" \/>\n<link rel=\"canonical\" href=\"https:\/\/empow-her.com\/produit\/atelier-powher-coach-carriere\/\" \/>\n<meta property=\"og:locale\" content=\"en_US\" \/>\n<meta property=\"og:type\" content=\"article\" \/>\n<meta property=\"og:title\" content=\"Pow&#039;her - PowHER ta carri\u00e8re - Empow&#039;Her\" \/>\n<meta property=\"og:description\" content=\"Participez \u00e0 un atelier Pow&#039;Her pour booster votre carri\u00e8re professionnel et votre salaire, avec un coaching de qualit\u00e9 !\" \/>\n<meta property=\"og:url\" content=\"https:\/\/empow-her.com\/produit\/atelier-powher-coach-carriere\/\" \/>\n<meta property=\"og:site_name\" content=\"Empow&#039;Her\" \/>\n<meta property=\"article:modified_time\" content=\"2022-02-07T10:54:40+00:00\" \/>\n<meta property=\"og:image\" content=\"https:\/\/empow-her.com\/wp-content\/uploads\/2022\/01\/TEMPLATES-EVENTS-WOMEN-DARE-1.png\" \/>\n\t<meta property=\"og:image:width\" content=\"1080\" \/>\n\t<meta property=\"og:image:height\" content=\"1080\" \/>\n\t<meta property=\"og:image:type\" content=\"image\/png\" \/>\n<meta name=\"twitter:card\" content=\"summary_large_image\" \/>\n<meta name=\"twitter:label1\" content=\"Est. reading time\" \/>\n\t<meta name=\"twitter:data1\" content=\"2 minutes\" \/>\n<script type=\"application\/ld+json\" class=\"yoast-schema-graph\">{\"@context\":\"https:\/\/schema.org\",\"@graph\":[{\"@type\":\"WebPage\",\"@id\":\"https:\/\/empow-her.com\/produit\/atelier-powher-coach-carriere\/\",\"url\":\"https:\/\/empow-her.com\/produit\/atelier-powher-coach-carriere\/\",\"name\":\"Pow'her - PowHER ta carri\u00e8re - Empow&#039;Her\",\"isPartOf\":{\"@id\":\"https:\/\/empow-her.com\/#website\"},\"primaryImageOfPage\":{\"@id\":\"https:\/\/empow-her.com\/produit\/atelier-powher-coach-carriere\/#primaryimage\"},\"image\":{\"@id\":\"https:\/\/empow-her.com\/produit\/atelier-powher-coach-carriere\/#primaryimage\"},\"thumbnailUrl\":\"https:\/\/empow-her.com\/wp-content\/uploads\/2022\/01\/TEMPLATES-EVENTS-WOMEN-DARE-1.png\",\"datePublished\":\"2022-02-07T09:13:54+00:00\",\"dateModified\":\"2022-02-07T10:54:40+00:00\",\"description\":\"Participez \u00e0 un atelier Pow'Her pour booster votre carri\u00e8re professionnel et votre salaire, avec un coaching de qualit\u00e9 !\",\"breadcrumb\":{\"@id\":\"https:\/\/empow-her.com\/produit\/atelier-powher-coach-carriere\/#breadcrumb\"},\"inLanguage\":\"en-US\",\"potentialAction\":[{\"@type\":\"ReadAction\",\"target\":[\"https:\/\/empow-her.com\/produit\/atelier-powher-coach-carriere\/\"]}]},{\"@type\":\"ImageObject\",\"inLanguage\":\"en-US\",\"@id\":\"https:\/\/empow-her.com\/produit\/atelier-powher-coach-carriere\/#primaryimage\",\"url\":\"https:\/\/empow-her.com\/wp-content\/uploads\/2022\/01\/TEMPLATES-EVENTS-WOMEN-DARE-1.png\",\"contentUrl\":\"https:\/\/empow-her.com\/wp-content\/uploads\/2022\/01\/TEMPLATES-EVENTS-WOMEN-DARE-1.png\",\"width\":1080,\"height\":1080},{\"@type\":\"BreadcrumbList\",\"@id\":\"https:\/\/empow-her.com\/produit\/atelier-powher-coach-carriere\/#breadcrumb\",\"itemListElement\":[{\"@type\":\"ListItem\",\"position\":1,\"name\":\"Accueil\",\"item\":\"https:\/\/empow-her.com\/en\/landing-page\/\"},{\"@type\":\"ListItem\",\"position\":2,\"name\":\"LA BOUTIQUE\",\"item\":\"https:\/\/empow-her.com\/boutique\/\"},{\"@type\":\"ListItem\",\"position\":3,\"name\":\"Pow&#8217;her &#8211; PowHER ta carri\u00e8re\"}]},{\"@type\":\"WebSite\",\"@id\":\"https:\/\/empow-her.com\/#website\",\"url\":\"https:\/\/empow-her.com\/\",\"name\":\"Empow&#039;Her\",\"description\":\"Women Development\",\"potentialAction\":[{\"@type\":\"SearchAction\",\"target\":{\"@type\":\"EntryPoint\",\"urlTemplate\":\"https:\/\/empow-her.com\/?s={search_term_string}\"},\"query-input\":{\"@type\":\"PropertyValueSpecification\",\"valueRequired\":true,\"valueName\":\"search_term_string\"}}],\"inLanguage\":\"en-US\"}]}<\/script>\n<!-- \/ Yoast SEO plugin. -->","yoast_head_json":{"title":"Pow'her - PowHER ta carri\u00e8re - Empow&#039;Her","description":"Participez \u00e0 un atelier Pow'Her pour booster votre carri\u00e8re professionnel et votre salaire, avec un coaching de qualit\u00e9 !","robots":{"index":"index","follow":"follow","max-snippet":"max-snippet:-1","max-image-preview":"max-image-preview:large","max-video-preview":"max-video-preview:-1"},"canonical":"https:\/\/empow-her.com\/produit\/atelier-powher-coach-carriere\/","og_locale":"en_US","og_type":"article","og_title":"Pow'her - PowHER ta carri\u00e8re - Empow&#039;Her","og_description":"Participez \u00e0 un atelier Pow'Her pour booster votre carri\u00e8re professionnel et votre salaire, avec un coaching de qualit\u00e9 !","og_url":"https:\/\/empow-her.com\/produit\/atelier-powher-coach-carriere\/","og_site_name":"Empow&#039;Her","article_modified_time":"2022-02-07T10:54:40+00:00","og_image":[{"width":1080,"height":1080,"url":"https:\/\/empow-her.com\/wp-content\/uploads\/2022\/01\/TEMPLATES-EVENTS-WOMEN-DARE-1.png","type":"image\/png"}],"twitter_card":"summary_large_image","twitter_misc":{"Est. reading time":"2 minutes"},"schema":{"@context":"https:\/\/schema.org","@graph":[{"@type":"WebPage","@id":"https:\/\/empow-her.com\/produit\/atelier-powher-coach-carriere\/","url":"https:\/\/empow-her.com\/produit\/atelier-powher-coach-carriere\/","name":"Pow'her - PowHER ta carri\u00e8re - Empow&#039;Her","isPartOf":{"@id":"https:\/\/empow-her.com\/#website"},"primaryImageOfPage":{"@id":"https:\/\/empow-her.com\/produit\/atelier-powher-coach-carriere\/#primaryimage"},"image":{"@id":"https:\/\/empow-her.com\/produit\/atelier-powher-coach-carriere\/#primaryimage"},"thumbnailUrl":"https:\/\/empow-her.com\/wp-content\/uploads\/2022\/01\/TEMPLATES-EVENTS-WOMEN-DARE-1.png","datePublished":"2022-02-07T09:13:54+00:00","dateModified":"2022-02-07T10:54:40+00:00","description":"Participez \u00e0 un atelier Pow'Her pour booster votre carri\u00e8re professionnel et votre salaire, avec un coaching de qualit\u00e9 !","breadcrumb":{"@id":"https:\/\/empow-her.com\/produit\/atelier-powher-coach-carriere\/#breadcrumb"},"inLanguage":"en-US","potentialAction":[{"@type":"ReadAction","target":["https:\/\/empow-her.com\/produit\/atelier-powher-coach-carriere\/"]}]},{"@type":"ImageObject","inLanguage":"en-US","@id":"https:\/\/empow-her.com\/produit\/atelier-powher-coach-carriere\/#primaryimage","url":"https:\/\/empow-her.com\/wp-content\/uploads\/2022\/01\/TEMPLATES-EVENTS-WOMEN-DARE-1.png","contentUrl":"https:\/\/empow-her.com\/wp-content\/uploads\/2022\/01\/TEMPLATES-EVENTS-WOMEN-DARE-1.png","width":1080,"height":1080},{"@type":"BreadcrumbList","@id":"https:\/\/empow-her.com\/produit\/atelier-powher-coach-carriere\/#breadcrumb","itemListElement":[{"@type":"ListItem","position":1,"name":"Accueil","item":"https:\/\/empow-her.com\/en\/landing-page\/"},{"@type":"ListItem","position":2,"name":"LA BOUTIQUE","item":"https:\/\/empow-her.com\/boutique\/"},{"@type":"ListItem","position":3,"name":"Pow&#8217;her &#8211; PowHER ta carri\u00e8re"}]},{"@type":"WebSite","@id":"https:\/\/empow-her.com\/#website","url":"https:\/\/empow-her.com\/","name":"Empow&#039;Her","description":"Women Development","potentialAction":[{"@type":"SearchAction","target":{"@type":"EntryPoint","urlTemplate":"https:\/\/empow-her.com\/?s={search_term_string}"},"query-input":{"@type":"PropertyValueSpecification","valueRequired":true,"valueName":"search_term_string"}}],"inLanguage":"en-US"}]}},"_links":{"self":[{"href":"https:\/\/empow-her.com\/en\/wp-json\/wp\/v2\/product\/114801","targetHints":{"allow":["GET"]}}],"collection":[{"href":"https:\/\/empow-her.com\/en\/wp-json\/wp\/v2\/product"}],"about":[{"href":"https:\/\/empow-her.com\/en\/wp-json\/wp\/v2\/types\/product"}],"wp:featuredmedia":[{"embeddable":true,"href":"https:\/\/empow-her.com\/en\/wp-json\/wp\/v2\/media\/114811"}],"wp:attachment":[{"href":"https:\/\/empow-her.com\/en\/wp-json\/wp\/v2\/media?parent=114801"}],"wp:term":[{"taxonomy":"product_brand","embeddable":true,"href":"https:\/\/empow-her.com\/en\/wp-json\/wp\/v2\/product_brand?post=114801"},{"taxonomy":"product_cat","embeddable":true,"href":"https:\/\/empow-her.com\/en\/wp-json\/wp\/v2\/product_cat?post=114801"},{"taxonomy":"product_tag","embeddable":true,"href":"https:\/\/empow-her.com\/en\/wp-json\/wp\/v2\/product_tag?post=114801"},{"taxonomy":"lieu","embeddable":true,"href":"https:\/\/empow-her.com\/en\/wp-json\/wp\/v2\/lieu?post=114801"},{"taxonomy":"thematiques","embeddable":true,"href":"https:\/\/empow-her.com\/en\/wp-json\/wp\/v2\/thematiques?post=114801"}],"curies":[{"name":"wp","href":"https:\/\/api.w.org\/{rel}","templated":true}]}}