{"id":114498,"date":"2021-12-29T11:34:09","date_gmt":"2021-12-29T10:34:09","guid":{"rendered":"https:\/\/empow-her.com\/?post_type=product&#038;p=114498"},"modified":"2021-12-29T12:21:11","modified_gmt":"2021-12-29T11:21:11","slug":"coaching-marketing-digital-2","status":"publish","type":"product","link":"https:\/\/empow-her.com\/en\/produit\/coaching-marketing-digital-2\/","title":{"rendered":"Coaching &#8211; Marketing digital"},"content":{"rendered":"","protected":false},"excerpt":{"rendered":"<div>\n<div>\n<div>\n<div>\n<p>Vous \u00eates en train de lancer vos offres, vous souhaitez commencer \u00e0 communiquer et toucher votre cible via le digital ? Vous voulez cr\u00e9er un site \u00e0 moindre frais ?<\/p>\n<p>&nbsp;<\/p>\n<p>Retrouvez en coaching individuel un.e expert.e en Marketing digital chez KPMG, pour une d\u00e9couverte ou un approfondissement des outils cl\u00e9s du digital.<\/p>\n<p>Pr\u00e9parez vos questions autour de diff\u00e9rents sujets : &#8211; L&#8217;utilisation des r\u00e9seaux sociaux : lesquels utiliser, pourquoi, et avec quelles diff\u00e9rences ?<\/p>\n<p>&#8211; Faire de la publicit\u00e9 sur les r\u00e9seaux sociaux : quelles sont les bonnes pratiques et comment mesurer l&#8217;efficacit\u00e9 des campagnes ? &#8211; Cr\u00e9er son site facilement quand on se lance : quels sont les outils bon march\u00e9 et comment \u00eatre bien r\u00e9f\u00e9renc\u00e9e sur Internet ?<\/p>\n<\/div>\n<div><\/div>\n<\/div>\n<div><strong>Intervenant.e.s :\u00a0<\/strong><\/div>\n<div>KPMG<\/div>\n<\/div>\n<\/div>\n<p>Session de coaching<strong> en\u00a0 ligne<\/strong><\/p>\n<p><strong>Dur\u00e9e<\/strong> : U<span data-sheets-value=\"{&quot;1&quot;:2,&quot;2&quot;:&quot;Permanence de 4h avec un cr\u00e9neau de 1h par participante (+ 15 minutes entre chaque)&quot;}\" data-sheets-userformat=\"{&quot;2&quot;:7167,&quot;3&quot;:{&quot;1&quot;:0},&quot;4&quot;:{&quot;1&quot;:2,&quot;2&quot;:16777215},&quot;5&quot;:{&quot;1&quot;:[{&quot;1&quot;:2,&quot;2&quot;:0,&quot;5&quot;:{&quot;1&quot;:2,&quot;2&quot;:0}},{&quot;1&quot;:0,&quot;2&quot;:0,&quot;3&quot;:3},{&quot;1&quot;:1,&quot;2&quot;:0,&quot;4&quot;:1}]},&quot;6&quot;:{&quot;1&quot;:[{&quot;1&quot;:2,&quot;2&quot;:0,&quot;5&quot;:{&quot;1&quot;:2,&quot;2&quot;:0}},{&quot;1&quot;:0,&quot;2&quot;:0,&quot;3&quot;:3},{&quot;1&quot;:1,&quot;2&quot;:0,&quot;4&quot;:1}]},&quot;7&quot;:{&quot;1&quot;:[{&quot;1&quot;:2,&quot;2&quot;:0,&quot;5&quot;:{&quot;1&quot;:2,&quot;2&quot;:0}},{&quot;1&quot;:0,&quot;2&quot;:0,&quot;3&quot;:3},{&quot;1&quot;:1,&quot;2&quot;:0,&quot;4&quot;:1}]},&quot;8&quot;:{&quot;1&quot;:[{&quot;1&quot;:2,&quot;2&quot;:0,&quot;5&quot;:{&quot;1&quot;:2,&quot;2&quot;:0}},{&quot;1&quot;:0,&quot;2&quot;:0,&quot;3&quot;:3},{&quot;1&quot;:1,&quot;2&quot;:0,&quot;4&quot;:1}]},&quot;9&quot;:0,&quot;10&quot;:1,&quot;11&quot;:4,&quot;12&quot;:0,&quot;14&quot;:{&quot;1&quot;:2,&quot;2&quot;:0},&quot;15&quot;:&quot;Calibri&quot;}\">n cr\u00e9neau de 1h en individuel<\/span><\/p>\n<p>&nbsp;<\/p>\n<p>Ce projet est co-financ\u00e9 par le Fonds Social Europ\u00e9en.<\/p>\n<p><img decoding=\"async\" class=\"alignnone size-medium wp-image-15794\" src=\"https:\/\/empow-her.com\/wp-content\/uploads\/2021\/07\/fse-logos-1-300x54.png\" alt=\"\" width=\"300\" height=\"54\" srcset=\"https:\/\/empow-her.com\/wp-content\/uploads\/2021\/07\/fse-logos-1-300x54.png 300w, https:\/\/empow-her.com\/wp-content\/uploads\/2021\/07\/fse-logos-1-600x108.png 600w, https:\/\/empow-her.com\/wp-content\/uploads\/2021\/07\/fse-logos-1-1024x184.png 1024w, https:\/\/empow-her.com\/wp-content\/uploads\/2021\/07\/fse-logos-1-768x138.png 768w, https:\/\/empow-her.com\/wp-content\/uploads\/2021\/07\/fse-logos-1-1536x275.png 1536w, https:\/\/empow-her.com\/wp-content\/uploads\/2021\/07\/fse-logos-1-2048x367.png 2048w, https:\/\/empow-her.com\/wp-content\/uploads\/2021\/07\/fse-logos-1-24x4.png 24w, https:\/\/empow-her.com\/wp-content\/uploads\/2021\/07\/fse-logos-1-36x6.png 36w, https:\/\/empow-her.com\/wp-content\/uploads\/2021\/07\/fse-logos-1-48x9.png 48w\" sizes=\"(max-width: 300px) 100vw, 300px\" \/><\/p>\n","protected":false},"featured_media":114507,"template":"","format":"standard","meta":{"_acf_changed":false,"om_disable_all_campaigns":false,"_uf_show_specific_survey":0,"_uf_disable_surveys":false},"product_brand":[],"product_cat":[121],"product_tag":[],"lieu":[125],"thematiques":[],"class_list":{"0":"post-114498","1":"product","2":"type-product","3":"status-publish","4":"format-standard","5":"has-post-thumbnail","7":"product_cat-coaching","8":"lieu-en-ligne","10":"first","11":"instock","12":"virtual","13":"purchasable","14":"product-type-appointment"},"exclude_global_add_ons":[],"addons":[],"acf":[],"yoast_head":"<!-- This site is optimized with the Yoast SEO plugin v24.8 - https:\/\/yoast.com\/wordpress\/plugins\/seo\/ -->\n<title>Coaching - Marketing digital - Empow&#039;Her<\/title>\n<meta name=\"robots\" content=\"index, follow, max-snippet:-1, max-image-preview:large, max-video-preview:-1\" \/>\n<link rel=\"canonical\" href=\"https:\/\/empow-her.com\/produit\/coaching-marketing-digital-2\/\" \/>\n<meta property=\"og:locale\" content=\"en_US\" \/>\n<meta property=\"og:type\" content=\"article\" \/>\n<meta property=\"og:title\" content=\"Coaching - Marketing digital - Empow&#039;Her\" \/>\n<meta property=\"og:description\" content=\"Vous \u00eates en train de lancer vos offres, vous souhaitez commencer \u00e0 communiquer et toucher votre cible via le digital ? Vous voulez cr\u00e9er un site \u00e0 moindre frais ?  &nbsp;  Retrouvez en coaching individuel un.e expert.e en Marketing digital chez KPMG, pour une d\u00e9couverte ou un approfondissement des outils cl\u00e9s du digital.  Pr\u00e9parez vos questions autour de diff\u00e9rents sujets : - L&#039;utilisation des r\u00e9seaux sociaux : lesquels utiliser, pourquoi, et avec quelles diff\u00e9rences ?  - Faire de la publicit\u00e9 sur les r\u00e9seaux sociaux : quelles sont les bonnes pratiques et comment mesurer l&#039;efficacit\u00e9 des campagnes ? - Cr\u00e9er son site facilement quand on se lance : quels sont les outils bon march\u00e9 et comment \u00eatre bien r\u00e9f\u00e9renc\u00e9e sur Internet ?     Intervenant.e.s :\u00a0 KPMG   Session de coaching en\u00a0 ligne  Dur\u00e9e : Un cr\u00e9neau de 1h en individuel  &nbsp;  Ce projet est co-financ\u00e9 par le Fonds Social Europ\u00e9en.\" \/>\n<meta property=\"og:url\" content=\"https:\/\/empow-her.com\/produit\/coaching-marketing-digital-2\/\" \/>\n<meta property=\"og:site_name\" content=\"Empow&#039;Her\" \/>\n<meta property=\"article:modified_time\" content=\"2021-12-29T11:21:11+00:00\" \/>\n<meta property=\"og:image\" content=\"https:\/\/empow-her.com\/wp-content\/uploads\/2021\/12\/TEMPLATES-EVENTS-WOMEN-DARE-40.png\" \/>\n\t<meta property=\"og:image:width\" content=\"1080\" \/>\n\t<meta property=\"og:image:height\" content=\"1080\" \/>\n\t<meta property=\"og:image:type\" content=\"image\/png\" \/>\n<meta name=\"twitter:card\" content=\"summary_large_image\" \/>\n<script type=\"application\/ld+json\" class=\"yoast-schema-graph\">{\"@context\":\"https:\/\/schema.org\",\"@graph\":[{\"@type\":\"WebPage\",\"@id\":\"https:\/\/empow-her.com\/produit\/coaching-marketing-digital-2\/\",\"url\":\"https:\/\/empow-her.com\/produit\/coaching-marketing-digital-2\/\",\"name\":\"Coaching - Marketing digital - Empow&#039;Her\",\"isPartOf\":{\"@id\":\"https:\/\/empow-her.com\/#website\"},\"primaryImageOfPage\":{\"@id\":\"https:\/\/empow-her.com\/produit\/coaching-marketing-digital-2\/#primaryimage\"},\"image\":{\"@id\":\"https:\/\/empow-her.com\/produit\/coaching-marketing-digital-2\/#primaryimage\"},\"thumbnailUrl\":\"https:\/\/empow-her.com\/wp-content\/uploads\/2021\/12\/TEMPLATES-EVENTS-WOMEN-DARE-40.png\",\"datePublished\":\"2021-12-29T10:34:09+00:00\",\"dateModified\":\"2021-12-29T11:21:11+00:00\",\"breadcrumb\":{\"@id\":\"https:\/\/empow-her.com\/produit\/coaching-marketing-digital-2\/#breadcrumb\"},\"inLanguage\":\"en-US\",\"potentialAction\":[{\"@type\":\"ReadAction\",\"target\":[\"https:\/\/empow-her.com\/produit\/coaching-marketing-digital-2\/\"]}]},{\"@type\":\"ImageObject\",\"inLanguage\":\"en-US\",\"@id\":\"https:\/\/empow-her.com\/produit\/coaching-marketing-digital-2\/#primaryimage\",\"url\":\"https:\/\/empow-her.com\/wp-content\/uploads\/2021\/12\/TEMPLATES-EVENTS-WOMEN-DARE-40.png\",\"contentUrl\":\"https:\/\/empow-her.com\/wp-content\/uploads\/2021\/12\/TEMPLATES-EVENTS-WOMEN-DARE-40.png\",\"width\":1080,\"height\":1080},{\"@type\":\"BreadcrumbList\",\"@id\":\"https:\/\/empow-her.com\/produit\/coaching-marketing-digital-2\/#breadcrumb\",\"itemListElement\":[{\"@type\":\"ListItem\",\"position\":1,\"name\":\"Accueil\",\"item\":\"https:\/\/empow-her.com\/en\/landing-page\/\"},{\"@type\":\"ListItem\",\"position\":2,\"name\":\"LA BOUTIQUE\",\"item\":\"https:\/\/empow-her.com\/boutique\/\"},{\"@type\":\"ListItem\",\"position\":3,\"name\":\"Coaching &#8211; Marketing digital\"}]},{\"@type\":\"WebSite\",\"@id\":\"https:\/\/empow-her.com\/#website\",\"url\":\"https:\/\/empow-her.com\/\",\"name\":\"Empow&#039;Her\",\"description\":\"Women Development\",\"potentialAction\":[{\"@type\":\"SearchAction\",\"target\":{\"@type\":\"EntryPoint\",\"urlTemplate\":\"https:\/\/empow-her.com\/?s={search_term_string}\"},\"query-input\":{\"@type\":\"PropertyValueSpecification\",\"valueRequired\":true,\"valueName\":\"search_term_string\"}}],\"inLanguage\":\"en-US\"}]}<\/script>\n<!-- \/ Yoast SEO plugin. -->","yoast_head_json":{"title":"Coaching - Marketing digital - Empow&#039;Her","robots":{"index":"index","follow":"follow","max-snippet":"max-snippet:-1","max-image-preview":"max-image-preview:large","max-video-preview":"max-video-preview:-1"},"canonical":"https:\/\/empow-her.com\/produit\/coaching-marketing-digital-2\/","og_locale":"en_US","og_type":"article","og_title":"Coaching - Marketing digital - Empow&#039;Her","og_description":"Vous \u00eates en train de lancer vos offres, vous souhaitez commencer \u00e0 communiquer et toucher votre cible via le digital ? Vous voulez cr\u00e9er un site \u00e0 moindre frais ?  &nbsp;  Retrouvez en coaching individuel un.e expert.e en Marketing digital chez KPMG, pour une d\u00e9couverte ou un approfondissement des outils cl\u00e9s du digital.  Pr\u00e9parez vos questions autour de diff\u00e9rents sujets : - L'utilisation des r\u00e9seaux sociaux : lesquels utiliser, pourquoi, et avec quelles diff\u00e9rences ?  - Faire de la publicit\u00e9 sur les r\u00e9seaux sociaux : quelles sont les bonnes pratiques et comment mesurer l'efficacit\u00e9 des campagnes ? - Cr\u00e9er son site facilement quand on se lance : quels sont les outils bon march\u00e9 et comment \u00eatre bien r\u00e9f\u00e9renc\u00e9e sur Internet ?     Intervenant.e.s :\u00a0 KPMG   Session de coaching en\u00a0 ligne  Dur\u00e9e : Un cr\u00e9neau de 1h en individuel  &nbsp;  Ce projet est co-financ\u00e9 par le Fonds Social Europ\u00e9en.","og_url":"https:\/\/empow-her.com\/produit\/coaching-marketing-digital-2\/","og_site_name":"Empow&#039;Her","article_modified_time":"2021-12-29T11:21:11+00:00","og_image":[{"width":1080,"height":1080,"url":"https:\/\/empow-her.com\/wp-content\/uploads\/2021\/12\/TEMPLATES-EVENTS-WOMEN-DARE-40.png","type":"image\/png"}],"twitter_card":"summary_large_image","schema":{"@context":"https:\/\/schema.org","@graph":[{"@type":"WebPage","@id":"https:\/\/empow-her.com\/produit\/coaching-marketing-digital-2\/","url":"https:\/\/empow-her.com\/produit\/coaching-marketing-digital-2\/","name":"Coaching - Marketing digital - Empow&#039;Her","isPartOf":{"@id":"https:\/\/empow-her.com\/#website"},"primaryImageOfPage":{"@id":"https:\/\/empow-her.com\/produit\/coaching-marketing-digital-2\/#primaryimage"},"image":{"@id":"https:\/\/empow-her.com\/produit\/coaching-marketing-digital-2\/#primaryimage"},"thumbnailUrl":"https:\/\/empow-her.com\/wp-content\/uploads\/2021\/12\/TEMPLATES-EVENTS-WOMEN-DARE-40.png","datePublished":"2021-12-29T10:34:09+00:00","dateModified":"2021-12-29T11:21:11+00:00","breadcrumb":{"@id":"https:\/\/empow-her.com\/produit\/coaching-marketing-digital-2\/#breadcrumb"},"inLanguage":"en-US","potentialAction":[{"@type":"ReadAction","target":["https:\/\/empow-her.com\/produit\/coaching-marketing-digital-2\/"]}]},{"@type":"ImageObject","inLanguage":"en-US","@id":"https:\/\/empow-her.com\/produit\/coaching-marketing-digital-2\/#primaryimage","url":"https:\/\/empow-her.com\/wp-content\/uploads\/2021\/12\/TEMPLATES-EVENTS-WOMEN-DARE-40.png","contentUrl":"https:\/\/empow-her.com\/wp-content\/uploads\/2021\/12\/TEMPLATES-EVENTS-WOMEN-DARE-40.png","width":1080,"height":1080},{"@type":"BreadcrumbList","@id":"https:\/\/empow-her.com\/produit\/coaching-marketing-digital-2\/#breadcrumb","itemListElement":[{"@type":"ListItem","position":1,"name":"Accueil","item":"https:\/\/empow-her.com\/en\/landing-page\/"},{"@type":"ListItem","position":2,"name":"LA BOUTIQUE","item":"https:\/\/empow-her.com\/boutique\/"},{"@type":"ListItem","position":3,"name":"Coaching &#8211; Marketing digital"}]},{"@type":"WebSite","@id":"https:\/\/empow-her.com\/#website","url":"https:\/\/empow-her.com\/","name":"Empow&#039;Her","description":"Women Development","potentialAction":[{"@type":"SearchAction","target":{"@type":"EntryPoint","urlTemplate":"https:\/\/empow-her.com\/?s={search_term_string}"},"query-input":{"@type":"PropertyValueSpecification","valueRequired":true,"valueName":"search_term_string"}}],"inLanguage":"en-US"}]}},"_links":{"self":[{"href":"https:\/\/empow-her.com\/en\/wp-json\/wp\/v2\/product\/114498","targetHints":{"allow":["GET"]}}],"collection":[{"href":"https:\/\/empow-her.com\/en\/wp-json\/wp\/v2\/product"}],"about":[{"href":"https:\/\/empow-her.com\/en\/wp-json\/wp\/v2\/types\/product"}],"wp:featuredmedia":[{"embeddable":true,"href":"https:\/\/empow-her.com\/en\/wp-json\/wp\/v2\/media\/114507"}],"wp:attachment":[{"href":"https:\/\/empow-her.com\/en\/wp-json\/wp\/v2\/media?parent=114498"}],"wp:term":[{"taxonomy":"product_brand","embeddable":true,"href":"https:\/\/empow-her.com\/en\/wp-json\/wp\/v2\/product_brand?post=114498"},{"taxonomy":"product_cat","embeddable":true,"href":"https:\/\/empow-her.com\/en\/wp-json\/wp\/v2\/product_cat?post=114498"},{"taxonomy":"product_tag","embeddable":true,"href":"https:\/\/empow-her.com\/en\/wp-json\/wp\/v2\/product_tag?post=114498"},{"taxonomy":"lieu","embeddable":true,"href":"https:\/\/empow-her.com\/en\/wp-json\/wp\/v2\/lieu?post=114498"},{"taxonomy":"thematiques","embeddable":true,"href":"https:\/\/empow-her.com\/en\/wp-json\/wp\/v2\/thematiques?post=114498"}],"curies":[{"name":"wp","href":"https:\/\/api.w.org\/{rel}","templated":true}]}}