{"id":114157,"date":"2021-12-10T16:00:13","date_gmt":"2021-12-10T15:00:13","guid":{"rendered":"https:\/\/empow-her.com\/?post_type=product&#038;p=114157"},"modified":"2021-12-10T16:08:51","modified_gmt":"2021-12-10T15:08:51","slug":"atelier-les-relations-presse-pourquoi-et-comment-les-activer","status":"publish","type":"product","link":"https:\/\/empow-her.com\/en\/produit\/atelier-les-relations-presse-pourquoi-et-comment-les-activer\/","title":{"rendered":"Atelier &#8211; Les relations presse : pourquoi et comment les activer"},"content":{"rendered":"","protected":false},"excerpt":{"rendered":"<div>\n<div><\/div>\n<\/div>\n<div>\n<div>\n<div>Lorsqu&#8217;on se lance dans l&#8217;entrepreneuriat, faire conna\u00eetre son projet aupr\u00e8s de sa cible devient vite central ! Parmi tous les outils existants, on parle souvent des r\u00e9seaux sociaux et de la communication digitale, mais les m\u00e9dias peuvent aussi apporter de la visibilit\u00e9 et de la l\u00e9gitimit\u00e9 \u00e0 votre projet. En quoi consistent les relations presses et sont-elles pertinentes pour atteindre vos objectifs? Comment entrer en contact efficacement avec les m\u00e9dias et les journalistes? Quels sont les supports \u00e0 conna\u00eetre quand on se lancer dans les relations presse? Dans le cadre de cet atelier avec Coralie, fondatrice de YesForComm, venez vous initier aux relations presse et obtenir les r\u00e9ponses \u00e0 ces questions !<\/div>\n<\/div>\n<div><strong>Intervenant.e.s<\/strong><\/div>\n<div>\n<div>YesForComm<\/div>\n<\/div>\n<\/div>\n<div><\/div>\n<div><b>Lieu : <\/b>Sist&#8217;Her Paris, 82 rue du Faubourg Saint-Martin<\/div>\n<div><\/div>\n<div><\/div>\n<div><\/div>\n<p>Ce projet est co-financ\u00e9 par le Fonds Social Europ\u00e9en.<\/p>\n<p><img decoding=\"async\" class=\"\" src=\"https:\/\/www.sep-asso.fr\/wp-content\/uploads\/2018\/02\/logo-union-europeenne.png\" alt=\"logo union europeenne \u2013 SEP\" width=\"87\" height=\"72\" \/>\u00a0\u00a0<img decoding=\"async\" class=\"alignnone wp-image-15218\" src=\"https:\/\/empow-her.com\/wp-content\/uploads\/2021\/06\/logo_fonds_social_europeen-300x187.png\" alt=\"\" width=\"104\" height=\"65\" srcset=\"https:\/\/empow-her.com\/wp-content\/uploads\/2021\/06\/logo_fonds_social_europeen-300x187.png 300w, https:\/\/empow-her.com\/wp-content\/uploads\/2021\/06\/logo_fonds_social_europeen-600x375.png 600w, https:\/\/empow-her.com\/wp-content\/uploads\/2021\/06\/logo_fonds_social_europeen-24x15.png 24w, https:\/\/empow-her.com\/wp-content\/uploads\/2021\/06\/logo_fonds_social_europeen-36x22.png 36w, https:\/\/empow-her.com\/wp-content\/uploads\/2021\/06\/logo_fonds_social_europeen-48x30.png 48w, https:\/\/empow-her.com\/wp-content\/uploads\/2021\/06\/logo_fonds_social_europeen.png 666w\" sizes=\"(max-width: 104px) 100vw, 104px\" \/>\u00a0<img decoding=\"async\" class=\"\" src=\"https:\/\/franceactive-idf.org\/wp-content\/uploads\/2020\/02\/logo-region-ile-de-france.png\" alt=\"Logo Region Ile De France - France Active \u00cele-de-France\" width=\"126\" height=\"29\" \/><\/p>\n","protected":false},"featured_media":114158,"template":"","format":"standard","meta":{"_acf_changed":false,"om_disable_all_campaigns":false,"_uf_show_specific_survey":0,"_uf_disable_surveys":false},"product_brand":[],"product_cat":[118],"product_tag":[],"lieu":[127],"thematiques":[],"class_list":{"0":"post-114157","1":"product","2":"type-product","3":"status-publish","4":"format-standard","5":"has-post-thumbnail","7":"product_cat-atelier-collectif","8":"lieu-hub-empowher","10":"first","11":"instock","12":"virtual","13":"purchasable","14":"product-type-appointment"},"exclude_global_add_ons":[],"addons":[],"acf":[],"yoast_head":"<!-- This site is optimized with the Yoast SEO plugin v24.8 - https:\/\/yoast.com\/wordpress\/plugins\/seo\/ -->\n<title>Atelier - Les relations presse : pourquoi et comment les activer - Empow&#039;Her<\/title>\n<meta name=\"robots\" content=\"index, follow, max-snippet:-1, max-image-preview:large, max-video-preview:-1\" \/>\n<link rel=\"canonical\" href=\"https:\/\/empow-her.com\/produit\/atelier-les-relations-presse-pourquoi-et-comment-les-activer\/\" \/>\n<meta property=\"og:locale\" content=\"en_US\" \/>\n<meta property=\"og:type\" content=\"article\" \/>\n<meta property=\"og:title\" content=\"Atelier - Les relations presse : pourquoi et comment les activer - Empow&#039;Her\" \/>\n<meta property=\"og:description\" content=\"Lorsqu&#039;on se lance dans l&#039;entrepreneuriat, faire conna\u00eetre son projet aupr\u00e8s de sa cible devient vite central ! Parmi tous les outils existants, on parle souvent des r\u00e9seaux sociaux et de la communication digitale, mais les m\u00e9dias peuvent aussi apporter de la visibilit\u00e9 et de la l\u00e9gitimit\u00e9 \u00e0 votre projet. En quoi consistent les relations presses et sont-elles pertinentes pour atteindre vos objectifs? Comment entrer en contact efficacement avec les m\u00e9dias et les journalistes? Quels sont les supports \u00e0 conna\u00eetre quand on se lancer dans les relations presse? Dans le cadre de cet atelier avec Coralie, fondatrice de YesForComm, venez vous initier aux relations presse et obtenir les r\u00e9ponses \u00e0 ces questions !  Intervenant.e.s  YesForComm    Lieu : Sist&#039;Her Paris, 82 rue du Faubourg Saint-Martin    Ce projet est co-financ\u00e9 par le Fonds Social Europ\u00e9en.  \u00a0\u00a0\u00a0\" \/>\n<meta property=\"og:url\" content=\"https:\/\/empow-her.com\/produit\/atelier-les-relations-presse-pourquoi-et-comment-les-activer\/\" \/>\n<meta property=\"og:site_name\" content=\"Empow&#039;Her\" \/>\n<meta property=\"article:modified_time\" content=\"2021-12-10T15:08:51+00:00\" \/>\n<meta property=\"og:image\" content=\"https:\/\/empow-her.com\/wp-content\/uploads\/2021\/12\/TEMPLATES-EVENTS-WOMEN-DARE-4-1.png\" \/>\n\t<meta property=\"og:image:width\" content=\"1080\" \/>\n\t<meta property=\"og:image:height\" content=\"1080\" \/>\n\t<meta property=\"og:image:type\" content=\"image\/png\" \/>\n<meta name=\"twitter:card\" content=\"summary_large_image\" \/>\n<script type=\"application\/ld+json\" class=\"yoast-schema-graph\">{\"@context\":\"https:\/\/schema.org\",\"@graph\":[{\"@type\":\"WebPage\",\"@id\":\"https:\/\/empow-her.com\/produit\/atelier-les-relations-presse-pourquoi-et-comment-les-activer\/\",\"url\":\"https:\/\/empow-her.com\/produit\/atelier-les-relations-presse-pourquoi-et-comment-les-activer\/\",\"name\":\"Atelier - Les relations presse : pourquoi et comment les activer - Empow&#039;Her\",\"isPartOf\":{\"@id\":\"https:\/\/empow-her.com\/#website\"},\"primaryImageOfPage\":{\"@id\":\"https:\/\/empow-her.com\/produit\/atelier-les-relations-presse-pourquoi-et-comment-les-activer\/#primaryimage\"},\"image\":{\"@id\":\"https:\/\/empow-her.com\/produit\/atelier-les-relations-presse-pourquoi-et-comment-les-activer\/#primaryimage\"},\"thumbnailUrl\":\"https:\/\/empow-her.com\/wp-content\/uploads\/2021\/12\/TEMPLATES-EVENTS-WOMEN-DARE-4-1.png\",\"datePublished\":\"2021-12-10T15:00:13+00:00\",\"dateModified\":\"2021-12-10T15:08:51+00:00\",\"breadcrumb\":{\"@id\":\"https:\/\/empow-her.com\/produit\/atelier-les-relations-presse-pourquoi-et-comment-les-activer\/#breadcrumb\"},\"inLanguage\":\"en-US\",\"potentialAction\":[{\"@type\":\"ReadAction\",\"target\":[\"https:\/\/empow-her.com\/produit\/atelier-les-relations-presse-pourquoi-et-comment-les-activer\/\"]}]},{\"@type\":\"ImageObject\",\"inLanguage\":\"en-US\",\"@id\":\"https:\/\/empow-her.com\/produit\/atelier-les-relations-presse-pourquoi-et-comment-les-activer\/#primaryimage\",\"url\":\"https:\/\/empow-her.com\/wp-content\/uploads\/2021\/12\/TEMPLATES-EVENTS-WOMEN-DARE-4-1.png\",\"contentUrl\":\"https:\/\/empow-her.com\/wp-content\/uploads\/2021\/12\/TEMPLATES-EVENTS-WOMEN-DARE-4-1.png\",\"width\":1080,\"height\":1080},{\"@type\":\"BreadcrumbList\",\"@id\":\"https:\/\/empow-her.com\/produit\/atelier-les-relations-presse-pourquoi-et-comment-les-activer\/#breadcrumb\",\"itemListElement\":[{\"@type\":\"ListItem\",\"position\":1,\"name\":\"Accueil\",\"item\":\"https:\/\/empow-her.com\/en\/landing-page\/\"},{\"@type\":\"ListItem\",\"position\":2,\"name\":\"LA BOUTIQUE\",\"item\":\"https:\/\/empow-her.com\/boutique\/\"},{\"@type\":\"ListItem\",\"position\":3,\"name\":\"Atelier &#8211; Les relations presse : pourquoi et comment les activer\"}]},{\"@type\":\"WebSite\",\"@id\":\"https:\/\/empow-her.com\/#website\",\"url\":\"https:\/\/empow-her.com\/\",\"name\":\"Empow&#039;Her\",\"description\":\"Women Development\",\"potentialAction\":[{\"@type\":\"SearchAction\",\"target\":{\"@type\":\"EntryPoint\",\"urlTemplate\":\"https:\/\/empow-her.com\/?s={search_term_string}\"},\"query-input\":{\"@type\":\"PropertyValueSpecification\",\"valueRequired\":true,\"valueName\":\"search_term_string\"}}],\"inLanguage\":\"en-US\"}]}<\/script>\n<!-- \/ Yoast SEO plugin. -->","yoast_head_json":{"title":"Atelier - Les relations presse : pourquoi et comment les activer - Empow&#039;Her","robots":{"index":"index","follow":"follow","max-snippet":"max-snippet:-1","max-image-preview":"max-image-preview:large","max-video-preview":"max-video-preview:-1"},"canonical":"https:\/\/empow-her.com\/produit\/atelier-les-relations-presse-pourquoi-et-comment-les-activer\/","og_locale":"en_US","og_type":"article","og_title":"Atelier - Les relations presse : pourquoi et comment les activer - Empow&#039;Her","og_description":"Lorsqu'on se lance dans l'entrepreneuriat, faire conna\u00eetre son projet aupr\u00e8s de sa cible devient vite central ! Parmi tous les outils existants, on parle souvent des r\u00e9seaux sociaux et de la communication digitale, mais les m\u00e9dias peuvent aussi apporter de la visibilit\u00e9 et de la l\u00e9gitimit\u00e9 \u00e0 votre projet. En quoi consistent les relations presses et sont-elles pertinentes pour atteindre vos objectifs? Comment entrer en contact efficacement avec les m\u00e9dias et les journalistes? Quels sont les supports \u00e0 conna\u00eetre quand on se lancer dans les relations presse? Dans le cadre de cet atelier avec Coralie, fondatrice de YesForComm, venez vous initier aux relations presse et obtenir les r\u00e9ponses \u00e0 ces questions !  Intervenant.e.s  YesForComm    Lieu : Sist'Her Paris, 82 rue du Faubourg Saint-Martin    Ce projet est co-financ\u00e9 par le Fonds Social Europ\u00e9en.  \u00a0\u00a0\u00a0","og_url":"https:\/\/empow-her.com\/produit\/atelier-les-relations-presse-pourquoi-et-comment-les-activer\/","og_site_name":"Empow&#039;Her","article_modified_time":"2021-12-10T15:08:51+00:00","og_image":[{"width":1080,"height":1080,"url":"https:\/\/empow-her.com\/wp-content\/uploads\/2021\/12\/TEMPLATES-EVENTS-WOMEN-DARE-4-1.png","type":"image\/png"}],"twitter_card":"summary_large_image","schema":{"@context":"https:\/\/schema.org","@graph":[{"@type":"WebPage","@id":"https:\/\/empow-her.com\/produit\/atelier-les-relations-presse-pourquoi-et-comment-les-activer\/","url":"https:\/\/empow-her.com\/produit\/atelier-les-relations-presse-pourquoi-et-comment-les-activer\/","name":"Atelier - Les relations presse : pourquoi et comment les activer - Empow&#039;Her","isPartOf":{"@id":"https:\/\/empow-her.com\/#website"},"primaryImageOfPage":{"@id":"https:\/\/empow-her.com\/produit\/atelier-les-relations-presse-pourquoi-et-comment-les-activer\/#primaryimage"},"image":{"@id":"https:\/\/empow-her.com\/produit\/atelier-les-relations-presse-pourquoi-et-comment-les-activer\/#primaryimage"},"thumbnailUrl":"https:\/\/empow-her.com\/wp-content\/uploads\/2021\/12\/TEMPLATES-EVENTS-WOMEN-DARE-4-1.png","datePublished":"2021-12-10T15:00:13+00:00","dateModified":"2021-12-10T15:08:51+00:00","breadcrumb":{"@id":"https:\/\/empow-her.com\/produit\/atelier-les-relations-presse-pourquoi-et-comment-les-activer\/#breadcrumb"},"inLanguage":"en-US","potentialAction":[{"@type":"ReadAction","target":["https:\/\/empow-her.com\/produit\/atelier-les-relations-presse-pourquoi-et-comment-les-activer\/"]}]},{"@type":"ImageObject","inLanguage":"en-US","@id":"https:\/\/empow-her.com\/produit\/atelier-les-relations-presse-pourquoi-et-comment-les-activer\/#primaryimage","url":"https:\/\/empow-her.com\/wp-content\/uploads\/2021\/12\/TEMPLATES-EVENTS-WOMEN-DARE-4-1.png","contentUrl":"https:\/\/empow-her.com\/wp-content\/uploads\/2021\/12\/TEMPLATES-EVENTS-WOMEN-DARE-4-1.png","width":1080,"height":1080},{"@type":"BreadcrumbList","@id":"https:\/\/empow-her.com\/produit\/atelier-les-relations-presse-pourquoi-et-comment-les-activer\/#breadcrumb","itemListElement":[{"@type":"ListItem","position":1,"name":"Accueil","item":"https:\/\/empow-her.com\/en\/landing-page\/"},{"@type":"ListItem","position":2,"name":"LA BOUTIQUE","item":"https:\/\/empow-her.com\/boutique\/"},{"@type":"ListItem","position":3,"name":"Atelier &#8211; Les relations presse : pourquoi et comment les activer"}]},{"@type":"WebSite","@id":"https:\/\/empow-her.com\/#website","url":"https:\/\/empow-her.com\/","name":"Empow&#039;Her","description":"Women Development","potentialAction":[{"@type":"SearchAction","target":{"@type":"EntryPoint","urlTemplate":"https:\/\/empow-her.com\/?s={search_term_string}"},"query-input":{"@type":"PropertyValueSpecification","valueRequired":true,"valueName":"search_term_string"}}],"inLanguage":"en-US"}]}},"_links":{"self":[{"href":"https:\/\/empow-her.com\/en\/wp-json\/wp\/v2\/product\/114157","targetHints":{"allow":["GET"]}}],"collection":[{"href":"https:\/\/empow-her.com\/en\/wp-json\/wp\/v2\/product"}],"about":[{"href":"https:\/\/empow-her.com\/en\/wp-json\/wp\/v2\/types\/product"}],"wp:featuredmedia":[{"embeddable":true,"href":"https:\/\/empow-her.com\/en\/wp-json\/wp\/v2\/media\/114158"}],"wp:attachment":[{"href":"https:\/\/empow-her.com\/en\/wp-json\/wp\/v2\/media?parent=114157"}],"wp:term":[{"taxonomy":"product_brand","embeddable":true,"href":"https:\/\/empow-her.com\/en\/wp-json\/wp\/v2\/product_brand?post=114157"},{"taxonomy":"product_cat","embeddable":true,"href":"https:\/\/empow-her.com\/en\/wp-json\/wp\/v2\/product_cat?post=114157"},{"taxonomy":"product_tag","embeddable":true,"href":"https:\/\/empow-her.com\/en\/wp-json\/wp\/v2\/product_tag?post=114157"},{"taxonomy":"lieu","embeddable":true,"href":"https:\/\/empow-her.com\/en\/wp-json\/wp\/v2\/lieu?post=114157"},{"taxonomy":"thematiques","embeddable":true,"href":"https:\/\/empow-her.com\/en\/wp-json\/wp\/v2\/thematiques?post=114157"}],"curies":[{"name":"wp","href":"https:\/\/api.w.org\/{rel}","templated":true}]}}