{"id":11349,"date":"2021-02-18T10:02:01","date_gmt":"2021-02-18T09:02:01","guid":{"rendered":"https:\/\/empow-her.com\/?post_type=product&#038;p=11349"},"modified":"2021-04-12T18:01:51","modified_gmt":"2021-04-12T16:01:51","slug":"atelier-entreprendre-en-association-avec-les-4-piliers","status":"publish","type":"product","link":"https:\/\/empow-her.com\/en\/produit\/atelier-entreprendre-en-association-avec-les-4-piliers\/","title":{"rendered":"Atelier &#8211; Entreprendre en association avec les 4 piliers"},"content":{"rendered":"","protected":false},"excerpt":{"rendered":"<p style=\"text-align: left;\">Qu\u2019est-ce qu\u2019une association ? Comment choisir entre cr\u00e9er une association ou une entreprise sociale ? Puis-je me payer en tant que cr\u00e9atrice d\u2019association ? Claire et Chlo\u00e9, d\u00e9l\u00e9gu\u00e9es g\u00e9n\u00e9rales d\u2019Assopreneur\u00b7e, vous guident \u00e0 travers les questions que l\u2019on se pose quand on veut entreprendre pour l\u2019int\u00e9r\u00eat g\u00e9n\u00e9ral !<\/p>\n<p style=\"text-align: left;\"><strong>Dur\u00e9e<\/strong> : 2h<\/p>\n<p style=\"text-align: left;\"><strong>Lieu<\/strong> : En ligne<\/p>\n<p><strong>Intervenantes<\/strong> : Claire et Chlo\u00e9, d&#8217;<a href=\"http:\/\/www.assopreneur.org\"><span data-sheets-value=\"{&quot;1&quot;:2,&quot;2&quot;:&quot;Sophie Petit&quot;}\" data-sheets-userformat=\"{&quot;2&quot;:5117,&quot;3&quot;:{&quot;1&quot;:0},&quot;5&quot;:{&quot;1&quot;:[{&quot;1&quot;:2,&quot;2&quot;:0,&quot;5&quot;:{&quot;1&quot;:2,&quot;2&quot;:0}},{&quot;1&quot;:0,&quot;2&quot;:0,&quot;3&quot;:3},{&quot;1&quot;:1,&quot;2&quot;:0,&quot;4&quot;:1}]},&quot;6&quot;:{&quot;1&quot;:[{&quot;1&quot;:2,&quot;2&quot;:0,&quot;5&quot;:{&quot;1&quot;:2,&quot;2&quot;:0}},{&quot;1&quot;:0,&quot;2&quot;:0,&quot;3&quot;:3},{&quot;1&quot;:1,&quot;2&quot;:0,&quot;4&quot;:1}]},&quot;7&quot;:{&quot;1&quot;:[{&quot;1&quot;:2,&quot;2&quot;:0,&quot;5&quot;:{&quot;1&quot;:2,&quot;2&quot;:0}},{&quot;1&quot;:0,&quot;2&quot;:0,&quot;3&quot;:3},{&quot;1&quot;:1,&quot;2&quot;:0,&quot;4&quot;:1}]},&quot;8&quot;:{&quot;1&quot;:[{&quot;1&quot;:2,&quot;2&quot;:0,&quot;5&quot;:{&quot;1&quot;:2,&quot;2&quot;:0}},{&quot;1&quot;:0,&quot;2&quot;:0,&quot;3&quot;:3},{&quot;1&quot;:1,&quot;2&quot;:0,&quot;4&quot;:1}]},&quot;9&quot;:1,&quot;10&quot;:1,&quot;11&quot;:4,&quot;12&quot;:0,&quot;15&quot;:&quot;Calibri&quot;}\">Assopreneur\u00b7e<\/span><\/a><\/p>\n<p>Cela fait 15 ans que Claire pilote des associations. Elle a r\u00e9alis\u00e9 assez vite que p\u00e9renniser une association, cela demandait du temps, de l&#8217;\u00e9nergie et aussi des techniques. Oui, piloter une association, ce n&#8217;est pas facile. Et oui, il est possible d&#8217;entreprendre en association et d&#8217;en vivre !<\/p>\n<p>On se sent souvent tr\u00e8s seul\u00b7e face \u00e0 ses questionnements et prises de d\u00e9cision quand on est Assopreneur\u00b7e. Durant sa carri\u00e8re, elle a vu beaucoup trop d&#8217;associations mettre la clef sous la porte. Alors en juin 2020, avec sa cofondatrice Chlo\u00e9 El\u00e9ouet, elles ont lanc\u00e9 le programme d&#8217;inspiration &amp; d&#8217;entraide dont elle aurait eu besoin toutes ces ann\u00e9es, pour soutenir les Assopreneur\u00b7e\u00b7s dans leur quotidien associatif.<\/p>\n<p>Assopreneur\u00b7e accompagne toute l&#8217;ann\u00e9e les personnes qui pilotent une association au quotidien, les D\u00e9l\u00e9gu\u00e9s\u00b7es g\u00e9n\u00e9raux\u00b7ales de m\u00e9tier et les personnes qui entreprennent en association.<\/p>\n<p>Depuis 4 ans, Claire est mentore et a imagin\u00e9 la m\u00e9thode des 4 piliers pour vous aider dans le pilotage de votre association. Une m\u00e9thode simple, pragmatique, efficace. Et \u00e7a marche !<\/p>\n<p><strong>Son super-pouvoir :<\/strong> SOS association \ud83d\ude09 !<\/p>\n<p><strong>Son petit mot : <\/strong>&#8220;Bravo, vous \u00eates au top ! Continuez, commencez avant d&#8217;\u00eatre pr\u00eate. Testez, adaptez, confrontez votre id\u00e9e et am\u00e9liorez. Profitez \u00e0 fond de la force de la communaut\u00e9 Empow Her et n&#8217;h\u00e9sitez pas \u00e0 demander de l&#8217;aide. Les montagnes russes de l&#8217;entreprenariat vous attendent et \u00e7a va \u00eatre une tr\u00e8s belle aventure. Je suis \u00e0 votre \u00e9coute, gogogooo !&#8221;<\/p>\n","protected":false},"featured_media":0,"template":"","format":"standard","meta":{"_acf_changed":false,"om_disable_all_campaigns":false,"_uf_show_specific_survey":0,"_uf_disable_surveys":false},"product_brand":[],"product_cat":[118],"product_tag":[],"lieu":[125],"thematiques":[],"class_list":{"0":"post-11349","1":"product","2":"type-product","3":"status-publish","4":"format-standard","6":"product_cat-atelier-collectif","7":"lieu-en-ligne","9":"first","10":"instock","11":"virtual","12":"purchasable","13":"product-type-appointment"},"exclude_global_add_ons":[],"addons":[],"acf":[],"yoast_head":"<!-- This site is optimized with the Yoast SEO plugin v24.8 - https:\/\/yoast.com\/wordpress\/plugins\/seo\/ -->\n<title>Atelier - Entreprendre en association avec les 4 piliers - Empow&#039;Her<\/title>\n<meta name=\"robots\" content=\"index, follow, max-snippet:-1, max-image-preview:large, max-video-preview:-1\" \/>\n<link rel=\"canonical\" href=\"https:\/\/empow-her.com\/produit\/atelier-entreprendre-en-association-avec-les-4-piliers\/\" \/>\n<meta property=\"og:locale\" content=\"en_US\" \/>\n<meta property=\"og:type\" content=\"article\" \/>\n<meta property=\"og:title\" content=\"Atelier - Entreprendre en association avec les 4 piliers - Empow&#039;Her\" \/>\n<meta property=\"og:description\" content=\"Qu\u2019est-ce qu\u2019une association ? Comment choisir entre cr\u00e9er une association ou une entreprise sociale ? Puis-je me payer en tant que cr\u00e9atrice d\u2019association ? Claire et Chlo\u00e9, d\u00e9l\u00e9gu\u00e9es g\u00e9n\u00e9rales d\u2019Assopreneur\u00b7e, vous guident \u00e0 travers les questions que l\u2019on se pose quand on veut entreprendre pour l\u2019int\u00e9r\u00eat g\u00e9n\u00e9ral ! Dur\u00e9e : 2h Lieu : En ligne Intervenantes : Claire et Chlo\u00e9, d&#039;Assopreneur\u00b7e  Cela fait 15 ans que Claire pilote des associations. Elle a r\u00e9alis\u00e9 assez vite que p\u00e9renniser une association, cela demandait du temps, de l&#039;\u00e9nergie et aussi des techniques. Oui, piloter une association, ce n&#039;est pas facile. Et oui, il est possible d&#039;entreprendre en association et d&#039;en vivre !  On se sent souvent tr\u00e8s seul\u00b7e face \u00e0 ses questionnements et prises de d\u00e9cision quand on est Assopreneur\u00b7e. Durant sa carri\u00e8re, elle a vu beaucoup trop d&#039;associations mettre la clef sous la porte. Alors en juin 2020, avec sa cofondatrice Chlo\u00e9 El\u00e9ouet, elles ont lanc\u00e9 le programme d&#039;inspiration &amp; d&#039;entraide dont elle aurait eu besoin toutes ces ann\u00e9es, pour soutenir les Assopreneur\u00b7e\u00b7s dans leur quotidien associatif.  Assopreneur\u00b7e accompagne toute l&#039;ann\u00e9e les personnes qui pilotent une association au quotidien, les D\u00e9l\u00e9gu\u00e9s\u00b7es g\u00e9n\u00e9raux\u00b7ales de m\u00e9tier et les personnes qui entreprennent en association.  Depuis 4 ans, Claire est mentore et a imagin\u00e9 la m\u00e9thode des 4 piliers pour vous aider dans le pilotage de votre association. Une m\u00e9thode simple, pragmatique, efficace. Et \u00e7a marche !  Son super-pouvoir : SOS association ;) !  Son petit mot : &quot;Bravo, vous \u00eates au top ! Continuez, commencez avant d&#039;\u00eatre pr\u00eate. Testez, adaptez, confrontez votre id\u00e9e et am\u00e9liorez. Profitez \u00e0 fond de la force de la communaut\u00e9 Empow Her et n&#039;h\u00e9sitez pas \u00e0 demander de l&#039;aide. Les montagnes russes de l&#039;entreprenariat vous attendent et \u00e7a va \u00eatre une tr\u00e8s belle aventure. Je suis \u00e0 votre \u00e9coute, gogogooo !&quot;\" \/>\n<meta property=\"og:url\" content=\"https:\/\/empow-her.com\/produit\/atelier-entreprendre-en-association-avec-les-4-piliers\/\" \/>\n<meta property=\"og:site_name\" content=\"Empow&#039;Her\" \/>\n<meta property=\"article:modified_time\" content=\"2021-04-12T16:01:51+00:00\" \/>\n<meta name=\"twitter:card\" content=\"summary_large_image\" \/>\n<script type=\"application\/ld+json\" class=\"yoast-schema-graph\">{\"@context\":\"https:\/\/schema.org\",\"@graph\":[{\"@type\":\"WebPage\",\"@id\":\"https:\/\/empow-her.com\/produit\/atelier-entreprendre-en-association-avec-les-4-piliers\/\",\"url\":\"https:\/\/empow-her.com\/produit\/atelier-entreprendre-en-association-avec-les-4-piliers\/\",\"name\":\"Atelier - Entreprendre en association avec les 4 piliers - Empow&#039;Her\",\"isPartOf\":{\"@id\":\"https:\/\/empow-her.com\/#website\"},\"datePublished\":\"2021-02-18T09:02:01+00:00\",\"dateModified\":\"2021-04-12T16:01:51+00:00\",\"breadcrumb\":{\"@id\":\"https:\/\/empow-her.com\/produit\/atelier-entreprendre-en-association-avec-les-4-piliers\/#breadcrumb\"},\"inLanguage\":\"en-US\",\"potentialAction\":[{\"@type\":\"ReadAction\",\"target\":[\"https:\/\/empow-her.com\/produit\/atelier-entreprendre-en-association-avec-les-4-piliers\/\"]}]},{\"@type\":\"BreadcrumbList\",\"@id\":\"https:\/\/empow-her.com\/produit\/atelier-entreprendre-en-association-avec-les-4-piliers\/#breadcrumb\",\"itemListElement\":[{\"@type\":\"ListItem\",\"position\":1,\"name\":\"Accueil\",\"item\":\"https:\/\/empow-her.com\/en\/landing-page\/\"},{\"@type\":\"ListItem\",\"position\":2,\"name\":\"LA BOUTIQUE\",\"item\":\"https:\/\/empow-her.com\/boutique\/\"},{\"@type\":\"ListItem\",\"position\":3,\"name\":\"Atelier &#8211; Entreprendre en association avec les 4 piliers\"}]},{\"@type\":\"WebSite\",\"@id\":\"https:\/\/empow-her.com\/#website\",\"url\":\"https:\/\/empow-her.com\/\",\"name\":\"Empow&#039;Her\",\"description\":\"Women Development\",\"potentialAction\":[{\"@type\":\"SearchAction\",\"target\":{\"@type\":\"EntryPoint\",\"urlTemplate\":\"https:\/\/empow-her.com\/?s={search_term_string}\"},\"query-input\":{\"@type\":\"PropertyValueSpecification\",\"valueRequired\":true,\"valueName\":\"search_term_string\"}}],\"inLanguage\":\"en-US\"}]}<\/script>\n<!-- \/ Yoast SEO plugin. -->","yoast_head_json":{"title":"Atelier - Entreprendre en association avec les 4 piliers - Empow&#039;Her","robots":{"index":"index","follow":"follow","max-snippet":"max-snippet:-1","max-image-preview":"max-image-preview:large","max-video-preview":"max-video-preview:-1"},"canonical":"https:\/\/empow-her.com\/produit\/atelier-entreprendre-en-association-avec-les-4-piliers\/","og_locale":"en_US","og_type":"article","og_title":"Atelier - Entreprendre en association avec les 4 piliers - Empow&#039;Her","og_description":"Qu\u2019est-ce qu\u2019une association ? Comment choisir entre cr\u00e9er une association ou une entreprise sociale ? Puis-je me payer en tant que cr\u00e9atrice d\u2019association ? Claire et Chlo\u00e9, d\u00e9l\u00e9gu\u00e9es g\u00e9n\u00e9rales d\u2019Assopreneur\u00b7e, vous guident \u00e0 travers les questions que l\u2019on se pose quand on veut entreprendre pour l\u2019int\u00e9r\u00eat g\u00e9n\u00e9ral ! Dur\u00e9e : 2h Lieu : En ligne Intervenantes : Claire et Chlo\u00e9, d'Assopreneur\u00b7e  Cela fait 15 ans que Claire pilote des associations. Elle a r\u00e9alis\u00e9 assez vite que p\u00e9renniser une association, cela demandait du temps, de l'\u00e9nergie et aussi des techniques. Oui, piloter une association, ce n'est pas facile. Et oui, il est possible d'entreprendre en association et d'en vivre !  On se sent souvent tr\u00e8s seul\u00b7e face \u00e0 ses questionnements et prises de d\u00e9cision quand on est Assopreneur\u00b7e. Durant sa carri\u00e8re, elle a vu beaucoup trop d'associations mettre la clef sous la porte. Alors en juin 2020, avec sa cofondatrice Chlo\u00e9 El\u00e9ouet, elles ont lanc\u00e9 le programme d'inspiration &amp; d'entraide dont elle aurait eu besoin toutes ces ann\u00e9es, pour soutenir les Assopreneur\u00b7e\u00b7s dans leur quotidien associatif.  Assopreneur\u00b7e accompagne toute l'ann\u00e9e les personnes qui pilotent une association au quotidien, les D\u00e9l\u00e9gu\u00e9s\u00b7es g\u00e9n\u00e9raux\u00b7ales de m\u00e9tier et les personnes qui entreprennent en association.  Depuis 4 ans, Claire est mentore et a imagin\u00e9 la m\u00e9thode des 4 piliers pour vous aider dans le pilotage de votre association. Une m\u00e9thode simple, pragmatique, efficace. Et \u00e7a marche !  Son super-pouvoir : SOS association ;) !  Son petit mot : \"Bravo, vous \u00eates au top ! Continuez, commencez avant d'\u00eatre pr\u00eate. Testez, adaptez, confrontez votre id\u00e9e et am\u00e9liorez. Profitez \u00e0 fond de la force de la communaut\u00e9 Empow Her et n'h\u00e9sitez pas \u00e0 demander de l'aide. Les montagnes russes de l'entreprenariat vous attendent et \u00e7a va \u00eatre une tr\u00e8s belle aventure. Je suis \u00e0 votre \u00e9coute, gogogooo !\"","og_url":"https:\/\/empow-her.com\/produit\/atelier-entreprendre-en-association-avec-les-4-piliers\/","og_site_name":"Empow&#039;Her","article_modified_time":"2021-04-12T16:01:51+00:00","twitter_card":"summary_large_image","schema":{"@context":"https:\/\/schema.org","@graph":[{"@type":"WebPage","@id":"https:\/\/empow-her.com\/produit\/atelier-entreprendre-en-association-avec-les-4-piliers\/","url":"https:\/\/empow-her.com\/produit\/atelier-entreprendre-en-association-avec-les-4-piliers\/","name":"Atelier - Entreprendre en association avec les 4 piliers - Empow&#039;Her","isPartOf":{"@id":"https:\/\/empow-her.com\/#website"},"datePublished":"2021-02-18T09:02:01+00:00","dateModified":"2021-04-12T16:01:51+00:00","breadcrumb":{"@id":"https:\/\/empow-her.com\/produit\/atelier-entreprendre-en-association-avec-les-4-piliers\/#breadcrumb"},"inLanguage":"en-US","potentialAction":[{"@type":"ReadAction","target":["https:\/\/empow-her.com\/produit\/atelier-entreprendre-en-association-avec-les-4-piliers\/"]}]},{"@type":"BreadcrumbList","@id":"https:\/\/empow-her.com\/produit\/atelier-entreprendre-en-association-avec-les-4-piliers\/#breadcrumb","itemListElement":[{"@type":"ListItem","position":1,"name":"Accueil","item":"https:\/\/empow-her.com\/en\/landing-page\/"},{"@type":"ListItem","position":2,"name":"LA BOUTIQUE","item":"https:\/\/empow-her.com\/boutique\/"},{"@type":"ListItem","position":3,"name":"Atelier &#8211; Entreprendre en association avec les 4 piliers"}]},{"@type":"WebSite","@id":"https:\/\/empow-her.com\/#website","url":"https:\/\/empow-her.com\/","name":"Empow&#039;Her","description":"Women Development","potentialAction":[{"@type":"SearchAction","target":{"@type":"EntryPoint","urlTemplate":"https:\/\/empow-her.com\/?s={search_term_string}"},"query-input":{"@type":"PropertyValueSpecification","valueRequired":true,"valueName":"search_term_string"}}],"inLanguage":"en-US"}]}},"_links":{"self":[{"href":"https:\/\/empow-her.com\/en\/wp-json\/wp\/v2\/product\/11349","targetHints":{"allow":["GET"]}}],"collection":[{"href":"https:\/\/empow-her.com\/en\/wp-json\/wp\/v2\/product"}],"about":[{"href":"https:\/\/empow-her.com\/en\/wp-json\/wp\/v2\/types\/product"}],"wp:attachment":[{"href":"https:\/\/empow-her.com\/en\/wp-json\/wp\/v2\/media?parent=11349"}],"wp:term":[{"taxonomy":"product_brand","embeddable":true,"href":"https:\/\/empow-her.com\/en\/wp-json\/wp\/v2\/product_brand?post=11349"},{"taxonomy":"product_cat","embeddable":true,"href":"https:\/\/empow-her.com\/en\/wp-json\/wp\/v2\/product_cat?post=11349"},{"taxonomy":"product_tag","embeddable":true,"href":"https:\/\/empow-her.com\/en\/wp-json\/wp\/v2\/product_tag?post=11349"},{"taxonomy":"lieu","embeddable":true,"href":"https:\/\/empow-her.com\/en\/wp-json\/wp\/v2\/lieu?post=11349"},{"taxonomy":"thematiques","embeddable":true,"href":"https:\/\/empow-her.com\/en\/wp-json\/wp\/v2\/thematiques?post=11349"}],"curies":[{"name":"wp","href":"https:\/\/api.w.org\/{rel}","templated":true}]}}