{"id":113053,"date":"2021-11-22T11:32:19","date_gmt":"2021-11-22T10:32:19","guid":{"rendered":"https:\/\/empow-her.com\/?post_type=product&#038;p=113053"},"modified":"2022-09-28T11:47:22","modified_gmt":"2022-09-28T09:47:22","slug":"vernissage-fancy-black-women","status":"publish","type":"product","link":"https:\/\/empow-her.com\/en\/produit\/vernissage-fancy-black-women\/","title":{"rendered":"Vernissage &#8211; Fancy Black Women"},"content":{"rendered":"","protected":false},"excerpt":{"rendered":"<p>Rendez-vous pour la prochaine <strong>soir\u00e9e vernissage de l&#8217;exposition photo &#8220;Fancy Mama&#8221;<\/strong> organis\u00e9e par l&#8217;artiste Krissima.<\/p>\n<p><strong>A propos de l&#8217;artiste\u00a0<\/strong><\/p>\n<p>Krissima Poba est une artiste engag\u00e9e qui fait part de ses engagements en image. \u00c0 travers ses s\u00e9ries Black French Touch, Fancy mama,<br \/>\nBanlieusarde, ou ses photographies documentaires, elle lie sciences (exactes et humaines !) et arts. La maternit\u00e9 est un des points centraux de la pratique photographique de Krissima. Cette exp\u00e9rience qu\u2019elle vit au quotidien et 24h\/24, Krissima d\u00e9cide de la raconter. C\u2019est maintenant sa plus grande source d\u2019inspiration.<\/p>\n<p>&nbsp;<\/p>\n<p><strong>Quelques mots sur l&#8217;exposition\u00a0<\/strong><\/p>\n<p><em>Ma maman a toujours eu l\u2019\u00e9l\u00e9gance fran\u00e7aise et la classe congolaise. Chez moi la mama est extr\u00eamement respect\u00e9e \u00eatre une maman c\u2019est \u00eatre\u00a0b\u00e9n\u00e9ficiaire d\u2019autorit\u00e9, de force, de sagesse&#8230; En France le clich\u00e9 visuel de la mama africaine est unilat\u00e9ral et n\u2019a aucun sens puisque l\u2019Afrique n\u2019est pas un pays Je refuse de laisser cette expression tomber du c\u00f4t\u00e9 n\u00e9gatif. Je veux \u00eatre la mama africaine ou plut\u00f4t la mama congolaise. Je vous pr\u00e9senterai donc ma version de ce clich\u00e9 : fancy mama<\/em><\/p>\n<p><em>Cette s\u00e9rie rend hommage \u00e0 ma grand-m\u00e8re et \u00e0 ma m\u00e8re en s\u2019inspirant tr\u00e8s fortement d\u2019elles. Cette s\u00e9rie me permet \u00e9galement d\u2019avoir des r\u00e9flexions sur des sujets qui me touchent particuli\u00e8rement en tant que maman afrodescendante d\u2019un afrodescendant.<\/em><\/p>\n<p>&nbsp;<\/p>\n<div dir=\"auto\"><strong>Femme africaine, Femme afro fran\u00e7aise, engag\u00e9e, cr\u00e9ative, m\u00e8re, s\u0153ur, fille et amante, elle n\u2019a de cesse de lancer \u00a0\u00e0 l\u2019humanit\u00e9 tout enti\u00e8re \u00ab le d\u00e9fi de sa beaut\u00e9, de son intelligence et de sa g\u00e9n\u00e9rosit\u00e9. \u00bb\u00a0 En cette fin d\u2019ann\u00e9e ne serait-il \u00a0pas temps ( ENFIN) de la c\u00e9l\u00e9brer comme il se doit ?<\/strong><\/div>\n<div dir=\"auto\"><\/div>\n<div dir=\"auto\">A l\u2019occasion de l\u2019exposition de notre Fancy mama nationale. Krissima et Sauce Gombo vous invitent, le temps d\u2019une soir\u00e9e \u00e0 c\u00e9l\u00e9brer la femme noire.<\/div>\n<div dir=\"auto\"><\/div>\n<div dir=\"auto\"><strong>Au Programme :\u00a0<\/strong><\/div>\n<div dir=\"auto\"><\/div>\n<div dir=\"auto\"><em>Concert, slam, ateliers photo, projection, concert acoustique et Bissap ! \u00c7a promet n\u2019est-ce pas ?\u00a0<\/em><\/div>\n<div dir=\"auto\"><\/div>\n<div dir=\"auto\"><\/div>\n<div class=\"taijpn5t cbu4d94t j83agx80\">\n<div class=\"dwo3fsh8 g5ia77u1 rt8b4zig n8ej3o3l agehan2d sk4xxmp2 rq0escxv q9uorilb kvgmc6g5 cxmmr5t8 oygrvhab hcukyx3x jb3vyjys rz4wbd8a qt6c0cv9 a8nywdso l9j0dhe7 i1ao9s8h k4urcfbm\">\n<div class=\"j83agx80 cbu4d94t sj5x9vvc cxgpxx05\">\n<div class=\"rq0escxv l9j0dhe7 du4w35lb j83agx80 pfnyh3mw jifvfom9 ll8tlv6m owycx6da btwxx1t3 hv4rvrfc dati1w0a jb3vyjys b5q2rw42 lq239pai mysgfdmx hddg9phg\">\n<div class=\"rq0escxv l9j0dhe7 du4w35lb j83agx80 cbu4d94t g5gj957u d2edcug0 hpfvmrgz rj1gh0hx buofh1pr o8rfisnq p8fzw8mz pcp91wgn iuny7tx3 ipjc6fyt\">\n<div class=\"j83agx80 cbu4d94t ew0dbk1b irj2b8pg\">\n<div class=\"qzhwtbm6 knvmm38d\"><\/div>\n<\/div>\n<\/div>\n<\/div>\n<\/div>\n<\/div>\n<\/div>\n<p><strong>&#x1f637; Mesures sanitaires<\/strong><br \/>\n&#x1f4f1; PASS SANITAIRE<br \/>\nUn pass sanitaire valide vous sera demand\u00e9 \u00e0 l\u2019entr\u00e9e.<br \/>\n&#x1f4cd; Vous pouvez r\u00e9aliser un test antig\u00e9nique Pharmacie Boutin<br \/>\nau 90 rue du faubourg Saint-Martin \u00e0 proximit\u00e9.<\/p>\n<p><strong>&#x1f4cd; Sist\u2019her Paris, 82 rue du Faubourg St Martin<\/strong><br \/>\nOuvert en mars 2021, Sist\u2019Her est le premier tiers-lieu d\u00e9di\u00e9 \u00e0 toutes celles qui souhaitent fa\u00e7onner le monde &#x1f30e;. Port\u00e9 par l\u2019association Empow\u2019Her, c\u2019est un lieu de vie bienveillant et joyeux, ouvert \u00e0 tou\u00b7te\u00b7s o\u00f9 il est possible de se former, cr\u00e9er et se rencontrer. &#x1f3e1;<\/p>\n<p>&nbsp;<\/p>\n","protected":false},"featured_media":113577,"template":"","format":"standard","meta":{"_acf_changed":false,"om_disable_all_campaigns":false,"_uf_show_specific_survey":0,"_uf_disable_surveys":false},"product_brand":[],"product_cat":[119],"product_tag":[],"lieu":[127],"thematiques":[],"class_list":{"0":"post-113053","1":"product","2":"type-product","3":"status-publish","4":"format-standard","5":"has-post-thumbnail","7":"product_cat-evenement-sisther","8":"lieu-hub-empowher","10":"first","11":"instock","12":"virtual","13":"purchasable","14":"product-type-appointment"},"exclude_global_add_ons":[],"addons":[],"acf":[],"yoast_head":"<!-- This site is optimized with the Yoast SEO plugin v24.8 - https:\/\/yoast.com\/wordpress\/plugins\/seo\/ -->\n<title>Vernissage - Fancy Black Women - Empow&#039;Her<\/title>\n<meta name=\"robots\" content=\"index, follow, max-snippet:-1, max-image-preview:large, max-video-preview:-1\" \/>\n<link rel=\"canonical\" href=\"https:\/\/empow-her.com\/produit\/vernissage-fancy-black-women\/\" \/>\n<meta property=\"og:locale\" content=\"en_US\" \/>\n<meta property=\"og:type\" content=\"article\" \/>\n<meta property=\"og:title\" content=\"Vernissage - Fancy Black Women - Empow&#039;Her\" \/>\n<meta property=\"og:description\" content=\"Rendez-vous pour la prochaine soir\u00e9e vernissage de l&#039;exposition photo &quot;Fancy Mama&quot; organis\u00e9e par l&#039;artiste Krissima.  A propos de l&#039;artiste\u00a0  Krissima Poba est une artiste engag\u00e9e qui fait part de ses engagements en image. \u00c0 travers ses s\u00e9ries Black French Touch, Fancy mama, Banlieusarde, ou ses photographies documentaires, elle lie sciences (exactes et humaines !) et arts. La maternit\u00e9 est un des points centraux de la pratique photographique de Krissima. Cette exp\u00e9rience qu\u2019elle vit au quotidien et 24h\/24, Krissima d\u00e9cide de la raconter. C\u2019est maintenant sa plus grande source d\u2019inspiration.  &nbsp;  Quelques mots sur l&#039;exposition\u00a0  Ma maman a toujours eu l\u2019\u00e9l\u00e9gance fran\u00e7aise et la classe congolaise. Chez moi la mama est extr\u00eamement respect\u00e9e \u00eatre une maman c\u2019est \u00eatre\u00a0b\u00e9n\u00e9ficiaire d\u2019autorit\u00e9, de force, de sagesse... En France le clich\u00e9 visuel de la mama africaine est unilat\u00e9ral et n\u2019a aucun sens puisque l\u2019Afrique n\u2019est pas un pays Je refuse de laisser cette expression tomber du c\u00f4t\u00e9 n\u00e9gatif. Je veux \u00eatre la mama africaine ou plut\u00f4t la mama congolaise. Je vous pr\u00e9senterai donc ma version de ce clich\u00e9 : fancy mama  Cette s\u00e9rie rend hommage \u00e0 ma grand-m\u00e8re et \u00e0 ma m\u00e8re en s\u2019inspirant tr\u00e8s fortement d\u2019elles. Cette s\u00e9rie me permet \u00e9galement d\u2019avoir des r\u00e9flexions sur des sujets qui me touchent particuli\u00e8rement en tant que maman afrodescendante d\u2019un afrodescendant.  &nbsp; Femme africaine, Femme afro fran\u00e7aise, engag\u00e9e, cr\u00e9ative, m\u00e8re, s\u0153ur, fille et amante, elle n\u2019a de cesse de lancer \u00a0\u00e0 l\u2019humanit\u00e9 tout enti\u00e8re \u00ab le d\u00e9fi de sa beaut\u00e9, de son intelligence et de sa g\u00e9n\u00e9rosit\u00e9. \u00bb\u00a0 En cette fin d\u2019ann\u00e9e ne serait-il \u00a0pas temps ( ENFIN) de la c\u00e9l\u00e9brer comme il se doit ?  A l\u2019occasion de l\u2019exposition de notre Fancy mama nationale. Krissima et Sauce Gombo vous invitent, le temps d\u2019une soir\u00e9e \u00e0 c\u00e9l\u00e9brer la femme noire.  Au Programme :\u00a0  Concert, slam, ateliers photo, projection, concert acoustique et Bissap ! \u00c7a promet n\u2019est-ce pas ?\u00a0                &#x1f637; Mesures sanitaires &#x1f4f1; PASS SANITAIRE Un pass sanitaire valide vous sera demand\u00e9 \u00e0 l\u2019entr\u00e9e. &#x1f4cd; Vous pouvez r\u00e9aliser un test antig\u00e9nique Pharmacie Boutin au 90 rue du faubourg Saint-Martin \u00e0 proximit\u00e9.  &#x1f4cd; Sist\u2019her Paris, 82 rue du Faubourg St Martin Ouvert en mars 2021, Sist\u2019Her est le premier tiers-lieu d\u00e9di\u00e9 \u00e0 toutes celles qui souhaitent fa\u00e7onner le monde &#x1f30e;. Port\u00e9 par l\u2019association Empow\u2019Her, c\u2019est un lieu de vie bienveillant et joyeux, ouvert \u00e0 tou\u00b7te\u00b7s o\u00f9 il est possible de se former, cr\u00e9er et se rencontrer. &#x1f3e1;  &nbsp;\" \/>\n<meta property=\"og:url\" content=\"https:\/\/empow-her.com\/produit\/vernissage-fancy-black-women\/\" \/>\n<meta property=\"og:site_name\" content=\"Empow&#039;Her\" \/>\n<meta property=\"article:modified_time\" content=\"2022-09-28T09:47:22+00:00\" \/>\n<meta property=\"og:image\" content=\"https:\/\/empow-her.com\/wp-content\/uploads\/2021\/11\/TEMPLATE-EVENTS-WOMEN-DARE.png\" \/>\n\t<meta property=\"og:image:width\" content=\"1080\" \/>\n\t<meta property=\"og:image:height\" content=\"1080\" \/>\n\t<meta property=\"og:image:type\" content=\"image\/png\" \/>\n<meta name=\"twitter:card\" content=\"summary_large_image\" \/>\n<script type=\"application\/ld+json\" class=\"yoast-schema-graph\">{\"@context\":\"https:\/\/schema.org\",\"@graph\":[{\"@type\":\"WebPage\",\"@id\":\"https:\/\/empow-her.com\/produit\/vernissage-fancy-black-women\/\",\"url\":\"https:\/\/empow-her.com\/produit\/vernissage-fancy-black-women\/\",\"name\":\"Vernissage - Fancy Black Women - Empow&#039;Her\",\"isPartOf\":{\"@id\":\"https:\/\/empow-her.com\/#website\"},\"primaryImageOfPage\":{\"@id\":\"https:\/\/empow-her.com\/produit\/vernissage-fancy-black-women\/#primaryimage\"},\"image\":{\"@id\":\"https:\/\/empow-her.com\/produit\/vernissage-fancy-black-women\/#primaryimage\"},\"thumbnailUrl\":\"https:\/\/empow-her.com\/wp-content\/uploads\/2021\/11\/TEMPLATE-EVENTS-WOMEN-DARE.png\",\"datePublished\":\"2021-11-22T10:32:19+00:00\",\"dateModified\":\"2022-09-28T09:47:22+00:00\",\"breadcrumb\":{\"@id\":\"https:\/\/empow-her.com\/produit\/vernissage-fancy-black-women\/#breadcrumb\"},\"inLanguage\":\"en-US\",\"potentialAction\":[{\"@type\":\"ReadAction\",\"target\":[\"https:\/\/empow-her.com\/produit\/vernissage-fancy-black-women\/\"]}]},{\"@type\":\"ImageObject\",\"inLanguage\":\"en-US\",\"@id\":\"https:\/\/empow-her.com\/produit\/vernissage-fancy-black-women\/#primaryimage\",\"url\":\"https:\/\/empow-her.com\/wp-content\/uploads\/2021\/11\/TEMPLATE-EVENTS-WOMEN-DARE.png\",\"contentUrl\":\"https:\/\/empow-her.com\/wp-content\/uploads\/2021\/11\/TEMPLATE-EVENTS-WOMEN-DARE.png\",\"width\":1080,\"height\":1080},{\"@type\":\"BreadcrumbList\",\"@id\":\"https:\/\/empow-her.com\/produit\/vernissage-fancy-black-women\/#breadcrumb\",\"itemListElement\":[{\"@type\":\"ListItem\",\"position\":1,\"name\":\"Accueil\",\"item\":\"https:\/\/empow-her.com\/en\/landing-page\/\"},{\"@type\":\"ListItem\",\"position\":2,\"name\":\"LA BOUTIQUE\",\"item\":\"https:\/\/empow-her.com\/boutique\/\"},{\"@type\":\"ListItem\",\"position\":3,\"name\":\"Vernissage &#8211; Fancy Black Women\"}]},{\"@type\":\"WebSite\",\"@id\":\"https:\/\/empow-her.com\/#website\",\"url\":\"https:\/\/empow-her.com\/\",\"name\":\"Empow&#039;Her\",\"description\":\"Women Development\",\"potentialAction\":[{\"@type\":\"SearchAction\",\"target\":{\"@type\":\"EntryPoint\",\"urlTemplate\":\"https:\/\/empow-her.com\/?s={search_term_string}\"},\"query-input\":{\"@type\":\"PropertyValueSpecification\",\"valueRequired\":true,\"valueName\":\"search_term_string\"}}],\"inLanguage\":\"en-US\"}]}<\/script>\n<!-- \/ Yoast SEO plugin. -->","yoast_head_json":{"title":"Vernissage - Fancy Black Women - Empow&#039;Her","robots":{"index":"index","follow":"follow","max-snippet":"max-snippet:-1","max-image-preview":"max-image-preview:large","max-video-preview":"max-video-preview:-1"},"canonical":"https:\/\/empow-her.com\/produit\/vernissage-fancy-black-women\/","og_locale":"en_US","og_type":"article","og_title":"Vernissage - Fancy Black Women - Empow&#039;Her","og_description":"Rendez-vous pour la prochaine soir\u00e9e vernissage de l'exposition photo \"Fancy Mama\" organis\u00e9e par l'artiste Krissima.  A propos de l'artiste\u00a0  Krissima Poba est une artiste engag\u00e9e qui fait part de ses engagements en image. \u00c0 travers ses s\u00e9ries Black French Touch, Fancy mama, Banlieusarde, ou ses photographies documentaires, elle lie sciences (exactes et humaines !) et arts. La maternit\u00e9 est un des points centraux de la pratique photographique de Krissima. Cette exp\u00e9rience qu\u2019elle vit au quotidien et 24h\/24, Krissima d\u00e9cide de la raconter. C\u2019est maintenant sa plus grande source d\u2019inspiration.  &nbsp;  Quelques mots sur l'exposition\u00a0  Ma maman a toujours eu l\u2019\u00e9l\u00e9gance fran\u00e7aise et la classe congolaise. Chez moi la mama est extr\u00eamement respect\u00e9e \u00eatre une maman c\u2019est \u00eatre\u00a0b\u00e9n\u00e9ficiaire d\u2019autorit\u00e9, de force, de sagesse... En France le clich\u00e9 visuel de la mama africaine est unilat\u00e9ral et n\u2019a aucun sens puisque l\u2019Afrique n\u2019est pas un pays Je refuse de laisser cette expression tomber du c\u00f4t\u00e9 n\u00e9gatif. Je veux \u00eatre la mama africaine ou plut\u00f4t la mama congolaise. Je vous pr\u00e9senterai donc ma version de ce clich\u00e9 : fancy mama  Cette s\u00e9rie rend hommage \u00e0 ma grand-m\u00e8re et \u00e0 ma m\u00e8re en s\u2019inspirant tr\u00e8s fortement d\u2019elles. Cette s\u00e9rie me permet \u00e9galement d\u2019avoir des r\u00e9flexions sur des sujets qui me touchent particuli\u00e8rement en tant que maman afrodescendante d\u2019un afrodescendant.  &nbsp; Femme africaine, Femme afro fran\u00e7aise, engag\u00e9e, cr\u00e9ative, m\u00e8re, s\u0153ur, fille et amante, elle n\u2019a de cesse de lancer \u00a0\u00e0 l\u2019humanit\u00e9 tout enti\u00e8re \u00ab le d\u00e9fi de sa beaut\u00e9, de son intelligence et de sa g\u00e9n\u00e9rosit\u00e9. \u00bb\u00a0 En cette fin d\u2019ann\u00e9e ne serait-il \u00a0pas temps ( ENFIN) de la c\u00e9l\u00e9brer comme il se doit ?  A l\u2019occasion de l\u2019exposition de notre Fancy mama nationale. Krissima et Sauce Gombo vous invitent, le temps d\u2019une soir\u00e9e \u00e0 c\u00e9l\u00e9brer la femme noire.  Au Programme :\u00a0  Concert, slam, ateliers photo, projection, concert acoustique et Bissap ! \u00c7a promet n\u2019est-ce pas ?\u00a0                &#x1f637; Mesures sanitaires &#x1f4f1; PASS SANITAIRE Un pass sanitaire valide vous sera demand\u00e9 \u00e0 l\u2019entr\u00e9e. &#x1f4cd; Vous pouvez r\u00e9aliser un test antig\u00e9nique Pharmacie Boutin au 90 rue du faubourg Saint-Martin \u00e0 proximit\u00e9.  &#x1f4cd; Sist\u2019her Paris, 82 rue du Faubourg St Martin Ouvert en mars 2021, Sist\u2019Her est le premier tiers-lieu d\u00e9di\u00e9 \u00e0 toutes celles qui souhaitent fa\u00e7onner le monde &#x1f30e;. Port\u00e9 par l\u2019association Empow\u2019Her, c\u2019est un lieu de vie bienveillant et joyeux, ouvert \u00e0 tou\u00b7te\u00b7s o\u00f9 il est possible de se former, cr\u00e9er et se rencontrer. &#x1f3e1;  &nbsp;","og_url":"https:\/\/empow-her.com\/produit\/vernissage-fancy-black-women\/","og_site_name":"Empow&#039;Her","article_modified_time":"2022-09-28T09:47:22+00:00","og_image":[{"width":1080,"height":1080,"url":"https:\/\/empow-her.com\/wp-content\/uploads\/2021\/11\/TEMPLATE-EVENTS-WOMEN-DARE.png","type":"image\/png"}],"twitter_card":"summary_large_image","schema":{"@context":"https:\/\/schema.org","@graph":[{"@type":"WebPage","@id":"https:\/\/empow-her.com\/produit\/vernissage-fancy-black-women\/","url":"https:\/\/empow-her.com\/produit\/vernissage-fancy-black-women\/","name":"Vernissage - Fancy Black Women - Empow&#039;Her","isPartOf":{"@id":"https:\/\/empow-her.com\/#website"},"primaryImageOfPage":{"@id":"https:\/\/empow-her.com\/produit\/vernissage-fancy-black-women\/#primaryimage"},"image":{"@id":"https:\/\/empow-her.com\/produit\/vernissage-fancy-black-women\/#primaryimage"},"thumbnailUrl":"https:\/\/empow-her.com\/wp-content\/uploads\/2021\/11\/TEMPLATE-EVENTS-WOMEN-DARE.png","datePublished":"2021-11-22T10:32:19+00:00","dateModified":"2022-09-28T09:47:22+00:00","breadcrumb":{"@id":"https:\/\/empow-her.com\/produit\/vernissage-fancy-black-women\/#breadcrumb"},"inLanguage":"en-US","potentialAction":[{"@type":"ReadAction","target":["https:\/\/empow-her.com\/produit\/vernissage-fancy-black-women\/"]}]},{"@type":"ImageObject","inLanguage":"en-US","@id":"https:\/\/empow-her.com\/produit\/vernissage-fancy-black-women\/#primaryimage","url":"https:\/\/empow-her.com\/wp-content\/uploads\/2021\/11\/TEMPLATE-EVENTS-WOMEN-DARE.png","contentUrl":"https:\/\/empow-her.com\/wp-content\/uploads\/2021\/11\/TEMPLATE-EVENTS-WOMEN-DARE.png","width":1080,"height":1080},{"@type":"BreadcrumbList","@id":"https:\/\/empow-her.com\/produit\/vernissage-fancy-black-women\/#breadcrumb","itemListElement":[{"@type":"ListItem","position":1,"name":"Accueil","item":"https:\/\/empow-her.com\/en\/landing-page\/"},{"@type":"ListItem","position":2,"name":"LA BOUTIQUE","item":"https:\/\/empow-her.com\/boutique\/"},{"@type":"ListItem","position":3,"name":"Vernissage &#8211; Fancy Black Women"}]},{"@type":"WebSite","@id":"https:\/\/empow-her.com\/#website","url":"https:\/\/empow-her.com\/","name":"Empow&#039;Her","description":"Women Development","potentialAction":[{"@type":"SearchAction","target":{"@type":"EntryPoint","urlTemplate":"https:\/\/empow-her.com\/?s={search_term_string}"},"query-input":{"@type":"PropertyValueSpecification","valueRequired":true,"valueName":"search_term_string"}}],"inLanguage":"en-US"}]}},"_links":{"self":[{"href":"https:\/\/empow-her.com\/en\/wp-json\/wp\/v2\/product\/113053","targetHints":{"allow":["GET"]}}],"collection":[{"href":"https:\/\/empow-her.com\/en\/wp-json\/wp\/v2\/product"}],"about":[{"href":"https:\/\/empow-her.com\/en\/wp-json\/wp\/v2\/types\/product"}],"wp:featuredmedia":[{"embeddable":true,"href":"https:\/\/empow-her.com\/en\/wp-json\/wp\/v2\/media\/113577"}],"wp:attachment":[{"href":"https:\/\/empow-her.com\/en\/wp-json\/wp\/v2\/media?parent=113053"}],"wp:term":[{"taxonomy":"product_brand","embeddable":true,"href":"https:\/\/empow-her.com\/en\/wp-json\/wp\/v2\/product_brand?post=113053"},{"taxonomy":"product_cat","embeddable":true,"href":"https:\/\/empow-her.com\/en\/wp-json\/wp\/v2\/product_cat?post=113053"},{"taxonomy":"product_tag","embeddable":true,"href":"https:\/\/empow-her.com\/en\/wp-json\/wp\/v2\/product_tag?post=113053"},{"taxonomy":"lieu","embeddable":true,"href":"https:\/\/empow-her.com\/en\/wp-json\/wp\/v2\/lieu?post=113053"},{"taxonomy":"thematiques","embeddable":true,"href":"https:\/\/empow-her.com\/en\/wp-json\/wp\/v2\/thematiques?post=113053"}],"curies":[{"name":"wp","href":"https:\/\/api.w.org\/{rel}","templated":true}]}}