{"id":11301,"date":"2021-02-17T10:16:30","date_gmt":"2021-02-17T09:16:30","guid":{"rendered":"https:\/\/empow-her.com\/?post_type=product&#038;p=11301"},"modified":"2021-02-24T09:20:23","modified_gmt":"2021-02-24T08:20:23","slug":"coaching-strategie-digitale-reseaux-sociaux","status":"publish","type":"product","link":"https:\/\/empow-her.com\/en\/produit\/coaching-strategie-digitale-reseaux-sociaux\/","title":{"rendered":"Coaching &#8211; Strat\u00e9gie digitale &#038; R\u00e9seaux sociaux"},"content":{"rendered":"","protected":false},"excerpt":{"rendered":"<p>Vous souhaitez construire une strat\u00e9gie de contenu sur les r\u00e9seaux sociaux ? Pr\u00e9ciser votre branding ? Conna\u00eetre les techniques du community management et le syst\u00e8me publicitaire ? \u00c9changez avec Coralie, expert\u00b7e\u00b7s en communication et fondatrice de YesforComm\u00a0!<\/p>\n<p>&nbsp;<\/p>\n<p><b>Par : <\/b>YesForComm<\/p>\n<p>&nbsp;<\/p>\n<p><span data-sheets-value=\"{&quot;1&quot;:2,&quot;2&quot;:&quot;Alexandre Sourzac-Lami est co-fondateur de Comit, une structure sp\u00e9cialis\u00e9e qui con\u00e7oit et adapte des outils et m\u00e9thodes pour donner aux entrepreneur.e.s la capacit\u00e9 de d\u00e9velopper des mod\u00e8les \u00e9conomiques p\u00e9rennes.&quot;}\" data-sheets-userformat=\"{&quot;2&quot;:1055743,&quot;3&quot;:{&quot;1&quot;:0},&quot;4&quot;:{&quot;1&quot;:2,&quot;2&quot;:16777215},&quot;5&quot;:{&quot;1&quot;:[{&quot;1&quot;:2,&quot;2&quot;:0,&quot;5&quot;:{&quot;1&quot;:2,&quot;2&quot;:0}},{&quot;1&quot;:0,&quot;2&quot;:0,&quot;3&quot;:3},{&quot;1&quot;:1,&quot;2&quot;:0,&quot;4&quot;:1}]},&quot;6&quot;:{&quot;1&quot;:[{&quot;1&quot;:2,&quot;2&quot;:0,&quot;5&quot;:{&quot;1&quot;:2,&quot;2&quot;:0}},{&quot;1&quot;:0,&quot;2&quot;:0,&quot;3&quot;:3},{&quot;1&quot;:1,&quot;2&quot;:0,&quot;4&quot;:1}]},&quot;7&quot;:{&quot;1&quot;:[{&quot;1&quot;:2,&quot;2&quot;:0,&quot;5&quot;:{&quot;1&quot;:2,&quot;2&quot;:0}},{&quot;1&quot;:0,&quot;2&quot;:0,&quot;3&quot;:3},{&quot;1&quot;:1,&quot;2&quot;:0,&quot;4&quot;:1}]},&quot;8&quot;:{&quot;1&quot;:[{&quot;1&quot;:2,&quot;2&quot;:0,&quot;5&quot;:{&quot;1&quot;:2,&quot;2&quot;:0}},{&quot;1&quot;:0,&quot;2&quot;:0,&quot;3&quot;:3},{&quot;1&quot;:1,&quot;2&quot;:0,&quot;4&quot;:1}]},&quot;9&quot;:0,&quot;10&quot;:1,&quot;11&quot;:4,&quot;12&quot;:0,&quot;14&quot;:{&quot;1&quot;:2,&quot;2&quot;:0},&quot;15&quot;:&quot;Calibri&quot;,&quot;23&quot;:1}\" data-sheets-textstyleruns=\"{&quot;1&quot;:0}\uee10{&quot;1&quot;:43,&quot;2&quot;:{&quot;2&quot;:{&quot;1&quot;:2,&quot;2&quot;:1136076},&quot;9&quot;:1}}\uee10{&quot;1&quot;:48}\" data-sheets-hyperlinkruns=\"{&quot;1&quot;:43,&quot;2&quot;:&quot;https:\/\/www.comit.berlin\/&quot;}\uee10{&quot;1&quot;:48}\"><strong>Intervenant.e.s :<\/strong> Coralie est entrepreneure et fondatrice de l&#8217;agence de communication <a class=\"in-cell-link\" href=\"https:\/\/yesforcomm.com\/\" target=\"_blank\" rel=\"noopener noreferrer\">Yes for Comm<\/a>. Elle accompagne les entrepreneurs et porteurs de projet sur leur strat\u00e9gie globale de communication et sa mise en \u0153uvre op\u00e9rationnelle. Son expertise se concentre sur l&#8217;augmentation de la visibilit\u00e9 et de la notori\u00e9t\u00e9 des marques \u00e0 impact. Coralie a \u00e0 c\u0153ur d&#8217;encourager les initiatives qui ont du sens et de renforcer la confiance des femmes entrepreneures !<\/span><\/p>\n<p><strong>Lieu<\/strong> : <a href=\"https:\/\/www.google.com\/maps\/place\/82+Rue+du+Faubourg+Saint-Martin,+75010+Paris\/@48.8723101,2.3554985,17z\/data=!3m1!4b1!4m5!3m4!1s0x47e66e0d8d5dbbb5:0x3a38f7fe5f8d025f!8m2!3d48.8723101!4d2.3576872\">Sist&#8217;Her<\/a><span data-sheets-value=\"{&quot;1&quot;:2,&quot;2&quot;:&quot;Au Hub Empow'Her ou \u00e0 distance selon les conditions sanitaires&quot;}\" data-sheets-userformat=\"{&quot;2&quot;:1053693,&quot;3&quot;:{&quot;1&quot;:0},&quot;5&quot;:{&quot;1&quot;:[{&quot;1&quot;:2,&quot;2&quot;:0,&quot;5&quot;:{&quot;1&quot;:2,&quot;2&quot;:0}},{&quot;1&quot;:0,&quot;2&quot;:0,&quot;3&quot;:3},{&quot;1&quot;:1,&quot;2&quot;:0,&quot;4&quot;:1}]},&quot;6&quot;:{&quot;1&quot;:[{&quot;1&quot;:2,&quot;2&quot;:0,&quot;5&quot;:{&quot;1&quot;:2,&quot;2&quot;:0}},{&quot;1&quot;:0,&quot;2&quot;:0,&quot;3&quot;:3},{&quot;1&quot;:1,&quot;2&quot;:0,&quot;4&quot;:1}]},&quot;7&quot;:{&quot;1&quot;:[{&quot;1&quot;:2,&quot;2&quot;:0,&quot;5&quot;:{&quot;1&quot;:2,&quot;2&quot;:0}},{&quot;1&quot;:0,&quot;2&quot;:0,&quot;3&quot;:3},{&quot;1&quot;:1,&quot;2&quot;:0,&quot;4&quot;:1}]},&quot;8&quot;:{&quot;1&quot;:[{&quot;1&quot;:2,&quot;2&quot;:0,&quot;5&quot;:{&quot;1&quot;:2,&quot;2&quot;:0}},{&quot;1&quot;:0,&quot;2&quot;:0,&quot;3&quot;:3},{&quot;1&quot;:1,&quot;2&quot;:0,&quot;4&quot;:1}]},&quot;9&quot;:1,&quot;10&quot;:1,&quot;11&quot;:4,&quot;12&quot;:0,&quot;15&quot;:&quot;Calibri&quot;,&quot;23&quot;:1}\" data-sheets-textstyleruns=\"{&quot;1&quot;:0}\uee10{&quot;1&quot;:3,&quot;2&quot;:{&quot;2&quot;:{&quot;1&quot;:2,&quot;2&quot;:1136076},&quot;9&quot;:1}}\uee10{&quot;1&quot;:16}\" data-sheets-hyperlinkruns=\"{&quot;1&quot;:3,&quot;2&quot;:&quot;https:\/\/www.google.com\/maps\/place\/82+Rue+du+Faubourg+Saint-Martin,+75010+Paris\/@48.8723101,2.3554985,17z\/data=!3m1!4b1!4m5!3m4!1s0x47e66e0d8d5dbbb5:0x3a38f7fe5f8d025f!8m2!3d48.8723101!4d2.3576872&quot;}\uee10{&quot;1&quot;:16}\">\u00a0ou \u00e0 distance selon les conditions sanitaires<\/span><\/p>\n<p><strong>Dur\u00e9e<\/strong> : <span data-sheets-value=\"{&quot;1&quot;:2,&quot;2&quot;:&quot;Permanence de 4h avec un cr\u00e9neau de 1h par participante (+ 15 minutes entre chaque)&quot;}\" data-sheets-userformat=\"{&quot;2&quot;:7167,&quot;3&quot;:{&quot;1&quot;:0},&quot;4&quot;:{&quot;1&quot;:2,&quot;2&quot;:16777215},&quot;5&quot;:{&quot;1&quot;:[{&quot;1&quot;:2,&quot;2&quot;:0,&quot;5&quot;:{&quot;1&quot;:2,&quot;2&quot;:0}},{&quot;1&quot;:0,&quot;2&quot;:0,&quot;3&quot;:3},{&quot;1&quot;:1,&quot;2&quot;:0,&quot;4&quot;:1}]},&quot;6&quot;:{&quot;1&quot;:[{&quot;1&quot;:2,&quot;2&quot;:0,&quot;5&quot;:{&quot;1&quot;:2,&quot;2&quot;:0}},{&quot;1&quot;:0,&quot;2&quot;:0,&quot;3&quot;:3},{&quot;1&quot;:1,&quot;2&quot;:0,&quot;4&quot;:1}]},&quot;7&quot;:{&quot;1&quot;:[{&quot;1&quot;:2,&quot;2&quot;:0,&quot;5&quot;:{&quot;1&quot;:2,&quot;2&quot;:0}},{&quot;1&quot;:0,&quot;2&quot;:0,&quot;3&quot;:3},{&quot;1&quot;:1,&quot;2&quot;:0,&quot;4&quot;:1}]},&quot;8&quot;:{&quot;1&quot;:[{&quot;1&quot;:2,&quot;2&quot;:0,&quot;5&quot;:{&quot;1&quot;:2,&quot;2&quot;:0}},{&quot;1&quot;:0,&quot;2&quot;:0,&quot;3&quot;:3},{&quot;1&quot;:1,&quot;2&quot;:0,&quot;4&quot;:1}]},&quot;9&quot;:0,&quot;10&quot;:1,&quot;11&quot;:4,&quot;12&quot;:0,&quot;14&quot;:{&quot;1&quot;:2,&quot;2&quot;:0},&quot;15&quot;:&quot;Calibri&quot;}\">Permanence de 4h avec un cr\u00e9neau de 1h par participante<\/span><\/p>\n<p>&nbsp;<\/p>\n","protected":false},"featured_media":0,"template":"","format":"standard","meta":{"_acf_changed":false,"om_disable_all_campaigns":false,"_uf_show_specific_survey":0,"_uf_disable_surveys":false},"product_brand":[],"product_cat":[121],"product_tag":[],"lieu":[127],"thematiques":[],"class_list":{"0":"post-11301","1":"product","2":"type-product","3":"status-publish","4":"format-standard","6":"product_cat-coaching","7":"lieu-hub-empowher","9":"first","10":"instock","11":"virtual","12":"purchasable","13":"product-type-appointment"},"exclude_global_add_ons":[],"addons":[],"acf":[],"yoast_head":"<!-- This site is optimized with the Yoast SEO plugin v24.8 - https:\/\/yoast.com\/wordpress\/plugins\/seo\/ -->\n<title>Coaching - Strat\u00e9gie digitale &amp; R\u00e9seaux sociaux - Empow&#039;Her<\/title>\n<meta name=\"robots\" content=\"index, follow, max-snippet:-1, max-image-preview:large, max-video-preview:-1\" \/>\n<link rel=\"canonical\" href=\"https:\/\/empow-her.com\/es\/produit\/coaching-strategie-digitale-reseaux-sociaux\/\" \/>\n<meta property=\"og:locale\" content=\"en_US\" \/>\n<meta property=\"og:type\" content=\"article\" \/>\n<meta property=\"og:title\" content=\"Coaching - Strat\u00e9gie digitale &amp; R\u00e9seaux sociaux - Empow&#039;Her\" \/>\n<meta property=\"og:description\" content=\"Vous souhaitez construire une strat\u00e9gie de contenu sur les r\u00e9seaux sociaux ? Pr\u00e9ciser votre branding ? Conna\u00eetre les techniques du community management et le syst\u00e8me publicitaire ? \u00c9changez avec Coralie, expert\u00b7e\u00b7s en communication et fondatrice de YesforComm\u00a0!  &nbsp;  Par : YesForComm  &nbsp;  Intervenant.e.s : Coralie est entrepreneure et fondatrice de l&#039;agence de communication Yes for Comm. Elle accompagne les entrepreneurs et porteurs de projet sur leur strat\u00e9gie globale de communication et sa mise en \u0153uvre op\u00e9rationnelle. Son expertise se concentre sur l&#039;augmentation de la visibilit\u00e9 et de la notori\u00e9t\u00e9 des marques \u00e0 impact. Coralie a \u00e0 c\u0153ur d&#039;encourager les initiatives qui ont du sens et de renforcer la confiance des femmes entrepreneures !  Lieu : Sist&#039;Her\u00a0ou \u00e0 distance selon les conditions sanitaires  Dur\u00e9e : Permanence de 4h avec un cr\u00e9neau de 1h par participante  &nbsp;\" \/>\n<meta property=\"og:url\" content=\"https:\/\/empow-her.com\/es\/produit\/coaching-strategie-digitale-reseaux-sociaux\/\" \/>\n<meta property=\"og:site_name\" content=\"Empow&#039;Her\" \/>\n<meta property=\"article:modified_time\" content=\"2021-02-24T08:20:23+00:00\" \/>\n<meta name=\"twitter:card\" content=\"summary_large_image\" \/>\n<script type=\"application\/ld+json\" class=\"yoast-schema-graph\">{\"@context\":\"https:\/\/schema.org\",\"@graph\":[{\"@type\":\"WebPage\",\"@id\":\"https:\/\/empow-her.com\/es\/produit\/coaching-strategie-digitale-reseaux-sociaux\/\",\"url\":\"https:\/\/empow-her.com\/es\/produit\/coaching-strategie-digitale-reseaux-sociaux\/\",\"name\":\"Coaching - Strat\u00e9gie digitale & R\u00e9seaux sociaux - Empow&#039;Her\",\"isPartOf\":{\"@id\":\"https:\/\/empow-her.com\/#website\"},\"datePublished\":\"2021-02-17T09:16:30+00:00\",\"dateModified\":\"2021-02-24T08:20:23+00:00\",\"breadcrumb\":{\"@id\":\"https:\/\/empow-her.com\/es\/produit\/coaching-strategie-digitale-reseaux-sociaux\/#breadcrumb\"},\"inLanguage\":\"en-US\",\"potentialAction\":[{\"@type\":\"ReadAction\",\"target\":[\"https:\/\/empow-her.com\/es\/produit\/coaching-strategie-digitale-reseaux-sociaux\/\"]}]},{\"@type\":\"BreadcrumbList\",\"@id\":\"https:\/\/empow-her.com\/es\/produit\/coaching-strategie-digitale-reseaux-sociaux\/#breadcrumb\",\"itemListElement\":[{\"@type\":\"ListItem\",\"position\":1,\"name\":\"Accueil\",\"item\":\"https:\/\/empow-her.com\/en\/landing-page\/\"},{\"@type\":\"ListItem\",\"position\":2,\"name\":\"LA BOUTIQUE\",\"item\":\"https:\/\/empow-her.com\/boutique\/\"},{\"@type\":\"ListItem\",\"position\":3,\"name\":\"Coaching &#8211; Strat\u00e9gie digitale &#038; R\u00e9seaux sociaux\"}]},{\"@type\":\"WebSite\",\"@id\":\"https:\/\/empow-her.com\/#website\",\"url\":\"https:\/\/empow-her.com\/\",\"name\":\"Empow&#039;Her\",\"description\":\"Women Development\",\"potentialAction\":[{\"@type\":\"SearchAction\",\"target\":{\"@type\":\"EntryPoint\",\"urlTemplate\":\"https:\/\/empow-her.com\/?s={search_term_string}\"},\"query-input\":{\"@type\":\"PropertyValueSpecification\",\"valueRequired\":true,\"valueName\":\"search_term_string\"}}],\"inLanguage\":\"en-US\"}]}<\/script>\n<!-- \/ Yoast SEO plugin. -->","yoast_head_json":{"title":"Coaching - Strat\u00e9gie digitale & R\u00e9seaux sociaux - Empow&#039;Her","robots":{"index":"index","follow":"follow","max-snippet":"max-snippet:-1","max-image-preview":"max-image-preview:large","max-video-preview":"max-video-preview:-1"},"canonical":"https:\/\/empow-her.com\/es\/produit\/coaching-strategie-digitale-reseaux-sociaux\/","og_locale":"en_US","og_type":"article","og_title":"Coaching - Strat\u00e9gie digitale & R\u00e9seaux sociaux - Empow&#039;Her","og_description":"Vous souhaitez construire une strat\u00e9gie de contenu sur les r\u00e9seaux sociaux ? Pr\u00e9ciser votre branding ? Conna\u00eetre les techniques du community management et le syst\u00e8me publicitaire ? \u00c9changez avec Coralie, expert\u00b7e\u00b7s en communication et fondatrice de YesforComm\u00a0!  &nbsp;  Par : YesForComm  &nbsp;  Intervenant.e.s : Coralie est entrepreneure et fondatrice de l'agence de communication Yes for Comm. Elle accompagne les entrepreneurs et porteurs de projet sur leur strat\u00e9gie globale de communication et sa mise en \u0153uvre op\u00e9rationnelle. Son expertise se concentre sur l'augmentation de la visibilit\u00e9 et de la notori\u00e9t\u00e9 des marques \u00e0 impact. Coralie a \u00e0 c\u0153ur d'encourager les initiatives qui ont du sens et de renforcer la confiance des femmes entrepreneures !  Lieu : Sist'Her\u00a0ou \u00e0 distance selon les conditions sanitaires  Dur\u00e9e : Permanence de 4h avec un cr\u00e9neau de 1h par participante  &nbsp;","og_url":"https:\/\/empow-her.com\/es\/produit\/coaching-strategie-digitale-reseaux-sociaux\/","og_site_name":"Empow&#039;Her","article_modified_time":"2021-02-24T08:20:23+00:00","twitter_card":"summary_large_image","schema":{"@context":"https:\/\/schema.org","@graph":[{"@type":"WebPage","@id":"https:\/\/empow-her.com\/es\/produit\/coaching-strategie-digitale-reseaux-sociaux\/","url":"https:\/\/empow-her.com\/es\/produit\/coaching-strategie-digitale-reseaux-sociaux\/","name":"Coaching - Strat\u00e9gie digitale & R\u00e9seaux sociaux - Empow&#039;Her","isPartOf":{"@id":"https:\/\/empow-her.com\/#website"},"datePublished":"2021-02-17T09:16:30+00:00","dateModified":"2021-02-24T08:20:23+00:00","breadcrumb":{"@id":"https:\/\/empow-her.com\/es\/produit\/coaching-strategie-digitale-reseaux-sociaux\/#breadcrumb"},"inLanguage":"en-US","potentialAction":[{"@type":"ReadAction","target":["https:\/\/empow-her.com\/es\/produit\/coaching-strategie-digitale-reseaux-sociaux\/"]}]},{"@type":"BreadcrumbList","@id":"https:\/\/empow-her.com\/es\/produit\/coaching-strategie-digitale-reseaux-sociaux\/#breadcrumb","itemListElement":[{"@type":"ListItem","position":1,"name":"Accueil","item":"https:\/\/empow-her.com\/en\/landing-page\/"},{"@type":"ListItem","position":2,"name":"LA BOUTIQUE","item":"https:\/\/empow-her.com\/boutique\/"},{"@type":"ListItem","position":3,"name":"Coaching &#8211; Strat\u00e9gie digitale &#038; R\u00e9seaux sociaux"}]},{"@type":"WebSite","@id":"https:\/\/empow-her.com\/#website","url":"https:\/\/empow-her.com\/","name":"Empow&#039;Her","description":"Women Development","potentialAction":[{"@type":"SearchAction","target":{"@type":"EntryPoint","urlTemplate":"https:\/\/empow-her.com\/?s={search_term_string}"},"query-input":{"@type":"PropertyValueSpecification","valueRequired":true,"valueName":"search_term_string"}}],"inLanguage":"en-US"}]}},"_links":{"self":[{"href":"https:\/\/empow-her.com\/en\/wp-json\/wp\/v2\/product\/11301","targetHints":{"allow":["GET"]}}],"collection":[{"href":"https:\/\/empow-her.com\/en\/wp-json\/wp\/v2\/product"}],"about":[{"href":"https:\/\/empow-her.com\/en\/wp-json\/wp\/v2\/types\/product"}],"wp:attachment":[{"href":"https:\/\/empow-her.com\/en\/wp-json\/wp\/v2\/media?parent=11301"}],"wp:term":[{"taxonomy":"product_brand","embeddable":true,"href":"https:\/\/empow-her.com\/en\/wp-json\/wp\/v2\/product_brand?post=11301"},{"taxonomy":"product_cat","embeddable":true,"href":"https:\/\/empow-her.com\/en\/wp-json\/wp\/v2\/product_cat?post=11301"},{"taxonomy":"product_tag","embeddable":true,"href":"https:\/\/empow-her.com\/en\/wp-json\/wp\/v2\/product_tag?post=11301"},{"taxonomy":"lieu","embeddable":true,"href":"https:\/\/empow-her.com\/en\/wp-json\/wp\/v2\/lieu?post=11301"},{"taxonomy":"thematiques","embeddable":true,"href":"https:\/\/empow-her.com\/en\/wp-json\/wp\/v2\/thematiques?post=11301"}],"curies":[{"name":"wp","href":"https:\/\/api.w.org\/{rel}","templated":true}]}}