{"id":112963,"date":"2021-11-19T10:47:39","date_gmt":"2021-11-19T09:47:39","guid":{"rendered":"https:\/\/empow-her.com\/?post_type=product&#038;p=112963"},"modified":"2021-11-19T10:59:38","modified_gmt":"2021-11-19T09:59:38","slug":"marche-de-noel-feministe-11-dec","status":"publish","type":"product","link":"https:\/\/empow-her.com\/en\/produit\/marche-de-noel-feministe-11-dec\/","title":{"rendered":"March\u00e9 de No\u00ebl F\u00e9ministe"},"content":{"rendered":"<p><strong>Empow&#8217;her organise son village de l&#8217;ESS au f\u00e9minin !<\/strong> &#x1f3e1;<br \/>\nVenez \u00e0 la rencontre de toutes celles qui imaginent et cr\u00e9ent des produits et des solutions \u00e9thiques et durables et inspirez-vous pour vous engager, vous aussi, dans la transition \u00e9cologique et sociale. C&#8217;est l&#8217;occasion de (re)d\u00e9couvrir Sist&#8217;Her mais surtout prendre un shoot de motivation et de rencontrer des entrepreneures engag\u00e9es. &#x1f4aa;<\/p>\n<p>De 14h \u00e0 19h, venez d\u00e9couvrir des entrepreneures sociales et tester leurs solutions au travers des stands du village : <em>mobilit\u00e9, mode, \u00e9ducation, \u00e9nergie ou encore cosm\u00e9tique. <\/em>&#x1f3d9;<em><br \/>\n<\/em>D\u00e9couvrez des initiatives qui font bouger les lignes de leur secteur. Nous vous proposons aussi un <strong>comptoir d&#8217;information \u201cse lancer dans l\u2019ESS\u201d<\/strong> pour vous donner toutes les informations et clefs n\u00e9cessaires pour trouver le bon dispositif et passer \u00e0 l&#8217;action. &#x2728;<\/p>\n<p><strong>Tu pourras aussi participer tout au long de la journ\u00e9e \u00e0 des ateliers :<\/strong><br \/>\n\u2013 14h-15h : Fireside Talk avec Flora Gherbali, fondatrice de Coalitions<\/p>\n<p>\u2013 16h &#8211; 17h : Atelier Do It Yourself avec Ohmboa. D\u00e9couvrez les cultures d&#8217;Afrique de fa\u00e7on ludique en Fabriquant un mac\u00e9rat huileux 100% naturel pour fortifier vos cheveux. Attention, nombre de places limit\u00e9es. Paiement au chapeau<\/p>\n<p>\u2013 17h &#8211; 18h: Atelier \u2013 se lancer dans l\u2019entrepreneuriat social avec Empow\u2019Her<\/p>\n<p><strong>\u00c9v\u00e9nement gratuit et accessibles \u00e0 toutes et tous !<\/strong><\/p>\n<p>&#x1f516; <strong>R\u00e9servation gratuite obligatoire<\/strong><\/p>\n<p>Les inscriptions aux ateliers et conf\u00e9rences se font \u00e0 travers ce formulaire : https:\/\/airtable.com\/shr5xatsxllYHRUM1<\/p>\n<p>&#x1f4cd; <strong>Sist&#8217;her Paris<\/strong>, 82 rue du Faubourg St Martin<br \/>\nOuvert en mars 2021, Sist\u2019Her est le premier tiers-lieu d\u00e9di\u00e9 \u00e0 toutes celles qui souhaitent fa\u00e7onner le monde &#x1f30e;. Port\u00e9 par l\u2019association Empow\u2019Her, c\u2019est un lieu de vie bienveillant et joyeux, ouvert \u00e0 tou\u00b7te\u00b7s o\u00f9 il est possible de se former, cr\u00e9er et se rencontrer. &#x1f3e1;<\/p>\n<p>&nbsp;<\/p>\n<p>Ce projet est co-financ\u00e9 par le Fonds Social Europ\u00e9en.<\/p>\n<p><img decoding=\"async\" class=\"\" src=\"https:\/\/www.sep-asso.fr\/wp-content\/uploads\/2018\/02\/logo-union-europeenne.png\" alt=\"logo union europeenne \u2013 SEP\" width=\"87\" height=\"72\" \/>\u00a0\u00a0<img decoding=\"async\" class=\"alignnone wp-image-15218\" src=\"https:\/\/empow-her.com\/wp-content\/uploads\/2021\/06\/logo_fonds_social_europeen-300x187.png\" alt=\"\" width=\"104\" height=\"65\" srcset=\"https:\/\/empow-her.com\/wp-content\/uploads\/2021\/06\/logo_fonds_social_europeen-300x187.png 300w, https:\/\/empow-her.com\/wp-content\/uploads\/2021\/06\/logo_fonds_social_europeen-600x375.png 600w, https:\/\/empow-her.com\/wp-content\/uploads\/2021\/06\/logo_fonds_social_europeen-24x15.png 24w, https:\/\/empow-her.com\/wp-content\/uploads\/2021\/06\/logo_fonds_social_europeen-36x22.png 36w, https:\/\/empow-her.com\/wp-content\/uploads\/2021\/06\/logo_fonds_social_europeen-48x30.png 48w, https:\/\/empow-her.com\/wp-content\/uploads\/2021\/06\/logo_fonds_social_europeen.png 666w\" sizes=\"(max-width: 104px) 100vw, 104px\" \/> <img decoding=\"async\" class=\"\" src=\"https:\/\/franceactive-idf.org\/wp-content\/uploads\/2020\/02\/logo-region-ile-de-france.png\" alt=\"Logo Region Ile De France - France Active \u00cele-de-France\" width=\"126\" height=\"29\" \/><\/p>\n","protected":false},"excerpt":{"rendered":"<p><strong>Un march\u00e9 de No\u00ebl f\u00e9ministe chez Sist&#8217;Her<\/strong> &#x1f384;<\/p>\n<p>Pour un no\u00ebl engag\u00e9, soutenez des femmes entrepreneures !<br \/>\nLe march\u00e9 de no\u00ebl f\u00e9ministe chez Sist&#8217;Her, c&#8217;est l&#8217;occasion de d\u00e9couvrir des <strong>produits con\u00e7us par des femmes<\/strong> : bijoux, parfums, artisanat\u2026 Il y en a pour tous les go\u00fbts.<br \/>\n&#x1f381; Alors profitez-en pour g\u00e2ter vos proches tout en soutenant une entrepreneure, et repartez le c\u0153ur l\u00e9ger. Des conf\u00e9rences et des ateliers vous attendent \u00e9galement pour plonger en immersion dans le monde du f\u00e9minisme&#x1f93f; !<\/p>\n<p>Au programme :<\/p>\n<p>-Le march\u00e9 est ouvert de 14h \u00e0 18h avec des <strong>stands<\/strong> f\u00e9ministes f\u00e9ministes &#x1f64b;&#x200d;&#x2640;&#xfe0f;. Il sera aussi possible, tout au long de l&#8217;apr\u00e8s-midi, de participer \u00e0 des <strong>ateliers<\/strong> motivants anim\u00e9s par des femmes engag\u00e9es &#x1f4aa; Elles seront d\u00e9voil\u00e9es dans les jours \u00e0 venir !<\/p>\n<p>-De 18h \u00e0 21h, vous pourrez profiter de <strong>conf\u00e9rences<\/strong> passionnantes &#x1f3a4; de femmes engag\u00e9es et inspirantes : <em>stay in touch<\/em>, bient\u00f4t plus de d\u00e9tails !<\/p>\n<p><strong>Ev\u00e8nement GRATUIT et accessible \u00e0 toutes et \u00e0 tous.<\/strong><br \/>\n&#x1f516; R\u00e9servation gratuite obligatoire<\/p>\n<p>Tu souhaites participer au march\u00e9 de no\u00ebl en tant qu&#8217;exposante? Tu peux postuler via ce formulaire &#x1f449; <a href=\"https:\/\/airtable.com\/shrPNgzPhD2Dxef1M\">https:\/\/airtable.com\/shrPNgzPhD2Dxef1M<\/a><\/p>\n<p>&#x1f637; Mesures sanitaires<br \/>\n&#x1f4f1; PASS SANITAIRE<br \/>\nUn pass sanitaire valide vous sera demand\u00e9 \u00e0 l\u2019entr\u00e9e.<br \/>\n&#x1f9f0; Vous pouvez r\u00e9aliser un test antig\u00e9nique Pharmacie Boutin<br \/>\nau 90 rue du faubourg Saint-Martin \u00e0 proximit\u00e9.<\/p>\n<p>&#x1f4cd; <strong>Sist\u2019her Paris, 82 rue du Faubourg St Martin<\/strong><br \/>\nOuvert en mars 2021, Sist\u2019Her est le premier tiers-lieu d\u00e9di\u00e9 \u00e0 toutes celles qui souhaitent fa\u00e7onner le monde &#x1f30e;. Port\u00e9 par l\u2019association Empow\u2019Her, c\u2019est un lieu de vie bienveillant et joyeux, ouvert \u00e0 tou\u00b7te\u00b7s o\u00f9 il est possible de se former, cr\u00e9er et se rencontrer. &#x1f3e1;<\/p>\n<p>&nbsp;<\/p>\n<p>Ce projet est co-financ\u00e9 par le Fonds Social Europ\u00e9en.<\/p>\n<p><img decoding=\"async\" class=\"\" src=\"https:\/\/www.sep-asso.fr\/wp-content\/uploads\/2018\/02\/logo-union-europeenne.png\" alt=\"logo union europeenne \u2013 SEP\" width=\"87\" height=\"72\" \/>\u00a0\u00a0<img decoding=\"async\" class=\"alignnone wp-image-15218\" src=\"https:\/\/empow-her.com\/wp-content\/uploads\/2021\/06\/logo_fonds_social_europeen-300x187.png\" alt=\"\" width=\"104\" height=\"65\" srcset=\"https:\/\/empow-her.com\/wp-content\/uploads\/2021\/06\/logo_fonds_social_europeen-300x187.png 300w, https:\/\/empow-her.com\/wp-content\/uploads\/2021\/06\/logo_fonds_social_europeen-600x375.png 600w, https:\/\/empow-her.com\/wp-content\/uploads\/2021\/06\/logo_fonds_social_europeen-24x15.png 24w, https:\/\/empow-her.com\/wp-content\/uploads\/2021\/06\/logo_fonds_social_europeen-36x22.png 36w, https:\/\/empow-her.com\/wp-content\/uploads\/2021\/06\/logo_fonds_social_europeen-48x30.png 48w, https:\/\/empow-her.com\/wp-content\/uploads\/2021\/06\/logo_fonds_social_europeen.png 666w\" sizes=\"(max-width: 104px) 100vw, 104px\" \/> <img decoding=\"async\" class=\"\" src=\"https:\/\/franceactive-idf.org\/wp-content\/uploads\/2020\/02\/logo-region-ile-de-france.png\" alt=\"Logo Region Ile De France - France Active \u00cele-de-France\" width=\"126\" height=\"29\" \/><\/p>\n","protected":false},"featured_media":112964,"template":"","format":"standard","meta":{"_acf_changed":false,"om_disable_all_campaigns":false,"_uf_show_specific_survey":0,"_uf_disable_surveys":false},"product_brand":[],"product_cat":[119],"product_tag":[],"lieu":[127],"thematiques":[],"class_list":{"0":"post-112963","1":"product","2":"type-product","3":"status-publish","4":"format-standard","5":"has-post-thumbnail","7":"product_cat-evenement-sisther","8":"lieu-hub-empowher","10":"first","11":"instock","12":"virtual","13":"purchasable","14":"product-type-appointment"},"exclude_global_add_ons":[],"addons":[],"acf":[],"yoast_head":"<!-- This site is optimized with the Yoast SEO plugin v24.8 - https:\/\/yoast.com\/wordpress\/plugins\/seo\/ -->\n<title>March\u00e9 de No\u00ebl F\u00e9ministe - Empow&#039;Her<\/title>\n<meta name=\"robots\" content=\"index, follow, max-snippet:-1, max-image-preview:large, max-video-preview:-1\" \/>\n<link rel=\"canonical\" href=\"https:\/\/empow-her.com\/es\/produit\/marche-de-noel-feministe-11-dec\/\" \/>\n<meta property=\"og:locale\" content=\"en_US\" \/>\n<meta property=\"og:type\" content=\"article\" \/>\n<meta property=\"og:title\" content=\"March\u00e9 de No\u00ebl F\u00e9ministe - Empow&#039;Her\" \/>\n<meta property=\"og:description\" content=\"Un march\u00e9 de No\u00ebl f\u00e9ministe chez Sist&#039;Her &#x1f384;  Pour un no\u00ebl engag\u00e9, soutenez des femmes entrepreneures ! Le march\u00e9 de no\u00ebl f\u00e9ministe chez Sist&#039;Her, c&#039;est l&#039;occasion de d\u00e9couvrir des produits con\u00e7us par des femmes : bijoux, parfums, artisanat\u2026 Il y en a pour tous les go\u00fbts. &#x1f381; Alors profitez-en pour g\u00e2ter vos proches tout en soutenant une entrepreneure, et repartez le c\u0153ur l\u00e9ger. Des conf\u00e9rences et des ateliers vous attendent \u00e9galement pour plonger en immersion dans le monde du f\u00e9minisme&#x1f93f; !  Au programme :  -Le march\u00e9 est ouvert de 14h \u00e0 18h avec des stands f\u00e9ministes f\u00e9ministes &#x1f64b;&#x200d;&#x2640;&#xfe0f;. Il sera aussi possible, tout au long de l&#039;apr\u00e8s-midi, de participer \u00e0 des ateliers motivants anim\u00e9s par des femmes engag\u00e9es &#x1f4aa; Elles seront d\u00e9voil\u00e9es dans les jours \u00e0 venir !  -De 18h \u00e0 21h, vous pourrez profiter de conf\u00e9rences passionnantes &#x1f3a4; de femmes engag\u00e9es et inspirantes : stay in touch, bient\u00f4t plus de d\u00e9tails !  Ev\u00e8nement GRATUIT et accessible \u00e0 toutes et \u00e0 tous. &#x1f516; R\u00e9servation gratuite obligatoire  Tu souhaites participer au march\u00e9 de no\u00ebl en tant qu&#039;exposante? Tu peux postuler via ce formulaire &#x1f449; https:\/\/airtable.com\/shrPNgzPhD2Dxef1M  &#x1f637; Mesures sanitaires &#x1f4f1; PASS SANITAIRE Un pass sanitaire valide vous sera demand\u00e9 \u00e0 l\u2019entr\u00e9e. &#x1f9f0; Vous pouvez r\u00e9aliser un test antig\u00e9nique Pharmacie Boutin au 90 rue du faubourg Saint-Martin \u00e0 proximit\u00e9.  &#x1f4cd; Sist\u2019her Paris, 82 rue du Faubourg St Martin Ouvert en mars 2021, Sist\u2019Her est le premier tiers-lieu d\u00e9di\u00e9 \u00e0 toutes celles qui souhaitent fa\u00e7onner le monde &#x1f30e;. Port\u00e9 par l\u2019association Empow\u2019Her, c\u2019est un lieu de vie bienveillant et joyeux, ouvert \u00e0 tou\u00b7te\u00b7s o\u00f9 il est possible de se former, cr\u00e9er et se rencontrer. &#x1f3e1;  &nbsp;  Ce projet est co-financ\u00e9 par le Fonds Social Europ\u00e9en.  \u00a0\u00a0\" \/>\n<meta property=\"og:url\" content=\"https:\/\/empow-her.com\/es\/produit\/marche-de-noel-feministe-11-dec\/\" \/>\n<meta property=\"og:site_name\" content=\"Empow&#039;Her\" \/>\n<meta property=\"article:modified_time\" content=\"2021-11-19T09:59:38+00:00\" \/>\n<meta property=\"og:image\" content=\"https:\/\/empow-her.com\/wp-content\/uploads\/2021\/11\/TEMPLATES-EVENTS-WOMEN-DARE-AGENDA-38.webp\" \/>\n\t<meta property=\"og:image:width\" content=\"1080\" \/>\n\t<meta property=\"og:image:height\" content=\"1080\" \/>\n\t<meta property=\"og:image:type\" content=\"image\/webp\" \/>\n<meta name=\"twitter:card\" content=\"summary_large_image\" \/>\n<meta name=\"twitter:label1\" content=\"Est. reading time\" \/>\n\t<meta name=\"twitter:data1\" content=\"2 minutes\" \/>\n<script type=\"application\/ld+json\" class=\"yoast-schema-graph\">{\"@context\":\"https:\/\/schema.org\",\"@graph\":[{\"@type\":\"WebPage\",\"@id\":\"https:\/\/empow-her.com\/es\/produit\/marche-de-noel-feministe-11-dec\/\",\"url\":\"https:\/\/empow-her.com\/es\/produit\/marche-de-noel-feministe-11-dec\/\",\"name\":\"March\u00e9 de No\u00ebl F\u00e9ministe - Empow&#039;Her\",\"isPartOf\":{\"@id\":\"https:\/\/empow-her.com\/#website\"},\"primaryImageOfPage\":{\"@id\":\"https:\/\/empow-her.com\/es\/produit\/marche-de-noel-feministe-11-dec\/#primaryimage\"},\"image\":{\"@id\":\"https:\/\/empow-her.com\/es\/produit\/marche-de-noel-feministe-11-dec\/#primaryimage\"},\"thumbnailUrl\":\"https:\/\/empow-her.com\/wp-content\/uploads\/2021\/11\/TEMPLATES-EVENTS-WOMEN-DARE-AGENDA-38.webp\",\"datePublished\":\"2021-11-19T09:47:39+00:00\",\"dateModified\":\"2021-11-19T09:59:38+00:00\",\"breadcrumb\":{\"@id\":\"https:\/\/empow-her.com\/es\/produit\/marche-de-noel-feministe-11-dec\/#breadcrumb\"},\"inLanguage\":\"en-US\",\"potentialAction\":[{\"@type\":\"ReadAction\",\"target\":[\"https:\/\/empow-her.com\/es\/produit\/marche-de-noel-feministe-11-dec\/\"]}]},{\"@type\":\"ImageObject\",\"inLanguage\":\"en-US\",\"@id\":\"https:\/\/empow-her.com\/es\/produit\/marche-de-noel-feministe-11-dec\/#primaryimage\",\"url\":\"https:\/\/empow-her.com\/wp-content\/uploads\/2021\/11\/TEMPLATES-EVENTS-WOMEN-DARE-AGENDA-38.webp\",\"contentUrl\":\"https:\/\/empow-her.com\/wp-content\/uploads\/2021\/11\/TEMPLATES-EVENTS-WOMEN-DARE-AGENDA-38.webp\",\"width\":1080,\"height\":1080},{\"@type\":\"BreadcrumbList\",\"@id\":\"https:\/\/empow-her.com\/es\/produit\/marche-de-noel-feministe-11-dec\/#breadcrumb\",\"itemListElement\":[{\"@type\":\"ListItem\",\"position\":1,\"name\":\"Accueil\",\"item\":\"https:\/\/empow-her.com\/en\/landing-page\/\"},{\"@type\":\"ListItem\",\"position\":2,\"name\":\"LA BOUTIQUE\",\"item\":\"https:\/\/empow-her.com\/boutique\/\"},{\"@type\":\"ListItem\",\"position\":3,\"name\":\"March\u00e9 de No\u00ebl F\u00e9ministe\"}]},{\"@type\":\"WebSite\",\"@id\":\"https:\/\/empow-her.com\/#website\",\"url\":\"https:\/\/empow-her.com\/\",\"name\":\"Empow&#039;Her\",\"description\":\"Women Development\",\"potentialAction\":[{\"@type\":\"SearchAction\",\"target\":{\"@type\":\"EntryPoint\",\"urlTemplate\":\"https:\/\/empow-her.com\/?s={search_term_string}\"},\"query-input\":{\"@type\":\"PropertyValueSpecification\",\"valueRequired\":true,\"valueName\":\"search_term_string\"}}],\"inLanguage\":\"en-US\"}]}<\/script>\n<!-- \/ Yoast SEO plugin. -->","yoast_head_json":{"title":"March\u00e9 de No\u00ebl F\u00e9ministe - Empow&#039;Her","robots":{"index":"index","follow":"follow","max-snippet":"max-snippet:-1","max-image-preview":"max-image-preview:large","max-video-preview":"max-video-preview:-1"},"canonical":"https:\/\/empow-her.com\/es\/produit\/marche-de-noel-feministe-11-dec\/","og_locale":"en_US","og_type":"article","og_title":"March\u00e9 de No\u00ebl F\u00e9ministe - Empow&#039;Her","og_description":"Un march\u00e9 de No\u00ebl f\u00e9ministe chez Sist'Her &#x1f384;  Pour un no\u00ebl engag\u00e9, soutenez des femmes entrepreneures ! Le march\u00e9 de no\u00ebl f\u00e9ministe chez Sist'Her, c'est l'occasion de d\u00e9couvrir des produits con\u00e7us par des femmes : bijoux, parfums, artisanat\u2026 Il y en a pour tous les go\u00fbts. &#x1f381; Alors profitez-en pour g\u00e2ter vos proches tout en soutenant une entrepreneure, et repartez le c\u0153ur l\u00e9ger. Des conf\u00e9rences et des ateliers vous attendent \u00e9galement pour plonger en immersion dans le monde du f\u00e9minisme&#x1f93f; !  Au programme :  -Le march\u00e9 est ouvert de 14h \u00e0 18h avec des stands f\u00e9ministes f\u00e9ministes &#x1f64b;&#x200d;&#x2640;&#xfe0f;. Il sera aussi possible, tout au long de l'apr\u00e8s-midi, de participer \u00e0 des ateliers motivants anim\u00e9s par des femmes engag\u00e9es &#x1f4aa; Elles seront d\u00e9voil\u00e9es dans les jours \u00e0 venir !  -De 18h \u00e0 21h, vous pourrez profiter de conf\u00e9rences passionnantes &#x1f3a4; de femmes engag\u00e9es et inspirantes : stay in touch, bient\u00f4t plus de d\u00e9tails !  Ev\u00e8nement GRATUIT et accessible \u00e0 toutes et \u00e0 tous. &#x1f516; R\u00e9servation gratuite obligatoire  Tu souhaites participer au march\u00e9 de no\u00ebl en tant qu'exposante? Tu peux postuler via ce formulaire &#x1f449; https:\/\/airtable.com\/shrPNgzPhD2Dxef1M  &#x1f637; Mesures sanitaires &#x1f4f1; PASS SANITAIRE Un pass sanitaire valide vous sera demand\u00e9 \u00e0 l\u2019entr\u00e9e. &#x1f9f0; Vous pouvez r\u00e9aliser un test antig\u00e9nique Pharmacie Boutin au 90 rue du faubourg Saint-Martin \u00e0 proximit\u00e9.  &#x1f4cd; Sist\u2019her Paris, 82 rue du Faubourg St Martin Ouvert en mars 2021, Sist\u2019Her est le premier tiers-lieu d\u00e9di\u00e9 \u00e0 toutes celles qui souhaitent fa\u00e7onner le monde &#x1f30e;. Port\u00e9 par l\u2019association Empow\u2019Her, c\u2019est un lieu de vie bienveillant et joyeux, ouvert \u00e0 tou\u00b7te\u00b7s o\u00f9 il est possible de se former, cr\u00e9er et se rencontrer. &#x1f3e1;  &nbsp;  Ce projet est co-financ\u00e9 par le Fonds Social Europ\u00e9en.  \u00a0\u00a0","og_url":"https:\/\/empow-her.com\/es\/produit\/marche-de-noel-feministe-11-dec\/","og_site_name":"Empow&#039;Her","article_modified_time":"2021-11-19T09:59:38+00:00","og_image":[{"width":1080,"height":1080,"url":"https:\/\/empow-her.com\/wp-content\/uploads\/2021\/11\/TEMPLATES-EVENTS-WOMEN-DARE-AGENDA-38.webp","type":"image\/webp"}],"twitter_card":"summary_large_image","twitter_misc":{"Est. reading time":"2 minutes"},"schema":{"@context":"https:\/\/schema.org","@graph":[{"@type":"WebPage","@id":"https:\/\/empow-her.com\/es\/produit\/marche-de-noel-feministe-11-dec\/","url":"https:\/\/empow-her.com\/es\/produit\/marche-de-noel-feministe-11-dec\/","name":"March\u00e9 de No\u00ebl F\u00e9ministe - Empow&#039;Her","isPartOf":{"@id":"https:\/\/empow-her.com\/#website"},"primaryImageOfPage":{"@id":"https:\/\/empow-her.com\/es\/produit\/marche-de-noel-feministe-11-dec\/#primaryimage"},"image":{"@id":"https:\/\/empow-her.com\/es\/produit\/marche-de-noel-feministe-11-dec\/#primaryimage"},"thumbnailUrl":"https:\/\/empow-her.com\/wp-content\/uploads\/2021\/11\/TEMPLATES-EVENTS-WOMEN-DARE-AGENDA-38.webp","datePublished":"2021-11-19T09:47:39+00:00","dateModified":"2021-11-19T09:59:38+00:00","breadcrumb":{"@id":"https:\/\/empow-her.com\/es\/produit\/marche-de-noel-feministe-11-dec\/#breadcrumb"},"inLanguage":"en-US","potentialAction":[{"@type":"ReadAction","target":["https:\/\/empow-her.com\/es\/produit\/marche-de-noel-feministe-11-dec\/"]}]},{"@type":"ImageObject","inLanguage":"en-US","@id":"https:\/\/empow-her.com\/es\/produit\/marche-de-noel-feministe-11-dec\/#primaryimage","url":"https:\/\/empow-her.com\/wp-content\/uploads\/2021\/11\/TEMPLATES-EVENTS-WOMEN-DARE-AGENDA-38.webp","contentUrl":"https:\/\/empow-her.com\/wp-content\/uploads\/2021\/11\/TEMPLATES-EVENTS-WOMEN-DARE-AGENDA-38.webp","width":1080,"height":1080},{"@type":"BreadcrumbList","@id":"https:\/\/empow-her.com\/es\/produit\/marche-de-noel-feministe-11-dec\/#breadcrumb","itemListElement":[{"@type":"ListItem","position":1,"name":"Accueil","item":"https:\/\/empow-her.com\/en\/landing-page\/"},{"@type":"ListItem","position":2,"name":"LA BOUTIQUE","item":"https:\/\/empow-her.com\/boutique\/"},{"@type":"ListItem","position":3,"name":"March\u00e9 de No\u00ebl F\u00e9ministe"}]},{"@type":"WebSite","@id":"https:\/\/empow-her.com\/#website","url":"https:\/\/empow-her.com\/","name":"Empow&#039;Her","description":"Women Development","potentialAction":[{"@type":"SearchAction","target":{"@type":"EntryPoint","urlTemplate":"https:\/\/empow-her.com\/?s={search_term_string}"},"query-input":{"@type":"PropertyValueSpecification","valueRequired":true,"valueName":"search_term_string"}}],"inLanguage":"en-US"}]}},"_links":{"self":[{"href":"https:\/\/empow-her.com\/en\/wp-json\/wp\/v2\/product\/112963","targetHints":{"allow":["GET"]}}],"collection":[{"href":"https:\/\/empow-her.com\/en\/wp-json\/wp\/v2\/product"}],"about":[{"href":"https:\/\/empow-her.com\/en\/wp-json\/wp\/v2\/types\/product"}],"wp:featuredmedia":[{"embeddable":true,"href":"https:\/\/empow-her.com\/en\/wp-json\/wp\/v2\/media\/112964"}],"wp:attachment":[{"href":"https:\/\/empow-her.com\/en\/wp-json\/wp\/v2\/media?parent=112963"}],"wp:term":[{"taxonomy":"product_brand","embeddable":true,"href":"https:\/\/empow-her.com\/en\/wp-json\/wp\/v2\/product_brand?post=112963"},{"taxonomy":"product_cat","embeddable":true,"href":"https:\/\/empow-her.com\/en\/wp-json\/wp\/v2\/product_cat?post=112963"},{"taxonomy":"product_tag","embeddable":true,"href":"https:\/\/empow-her.com\/en\/wp-json\/wp\/v2\/product_tag?post=112963"},{"taxonomy":"lieu","embeddable":true,"href":"https:\/\/empow-her.com\/en\/wp-json\/wp\/v2\/lieu?post=112963"},{"taxonomy":"thematiques","embeddable":true,"href":"https:\/\/empow-her.com\/en\/wp-json\/wp\/v2\/thematiques?post=112963"}],"curies":[{"name":"wp","href":"https:\/\/api.w.org\/{rel}","templated":true}]}}