{"id":112183,"date":"2021-11-03T15:36:33","date_gmt":"2021-11-03T14:36:33","guid":{"rendered":"https:\/\/empow-her.com\/?post_type=product&#038;p=112183"},"modified":"2021-11-15T16:04:07","modified_gmt":"2021-11-15T15:04:07","slug":"atelier-negociation-commerciale-3-dec","status":"publish","type":"product","link":"https:\/\/empow-her.com\/en\/produit\/atelier-negociation-commerciale-3-dec\/","title":{"rendered":"Atelier &#8211; N\u00e9gociation commerciale"},"content":{"rendered":"","protected":false},"excerpt":{"rendered":"<div><\/div>\n<div>\n<div>Votre argumentaire commercial en main, vous allez pouvoir prendre des des RDV cibl\u00e9s, d\u00e9couvrir votre client, pr\u00e9senter votre offre, signer vos premiers partenariats ou contrats Cet atelier vous permet d&#8217;avoir tous les trucs et astuces pour gagner en confiance et en efficacit\u00e9 dans votre d\u00e9marche commerciale : de la prise de RDV au RDV et ainsi optimiser la signature.<\/div>\n<\/div>\n<div><\/div>\n<div><strong>Intervenants : <\/strong>BBetween<\/div>\n<div><\/div>\n<div>\n<div><strong>Super pouvoir<\/strong><\/div>\n<div>Directrice commerciale passionn\u00e9e (depuis plus de 10 ans), M\u00e9lanie aide, avec B.Between, les TPE et PME \u00e0 se d\u00e9velopper commercialement. Leur mission : votre r\u00e9ussite commerciale ! Laurence est passionn\u00e9e de vente. Apr\u00e8s de multiples exp\u00e9riences sur diff\u00e9rents secteurs, du public au priv\u00e9, de la formation au conseil, elle a souhait\u00e9 rejoindre une aventure stimulante pour aider les cr\u00e9ateurs d&#8217;entreprise \u00e0 booster leur entreprise.<\/div>\n<\/div>\n<div><\/div>\n<div><strong>En Ligne.\u00a0<\/strong><\/div>\n<p>Ce projet est co-financ\u00e9 par le Fonds Social Europ\u00e9en.<\/p>\n<p><img decoding=\"async\" class=\"\" src=\"https:\/\/www.sep-asso.fr\/wp-content\/uploads\/2018\/02\/logo-union-europeenne.png\" alt=\"logo union europeenne \u2013 SEP\" width=\"87\" height=\"72\" \/>\u00a0\u00a0<img decoding=\"async\" class=\"alignnone wp-image-15218\" src=\"https:\/\/empow-her.com\/wp-content\/uploads\/2021\/06\/logo_fonds_social_europeen-300x187.png\" alt=\"\" width=\"104\" height=\"65\" srcset=\"https:\/\/empow-her.com\/wp-content\/uploads\/2021\/06\/logo_fonds_social_europeen-300x187.png 300w, https:\/\/empow-her.com\/wp-content\/uploads\/2021\/06\/logo_fonds_social_europeen-600x375.png 600w, https:\/\/empow-her.com\/wp-content\/uploads\/2021\/06\/logo_fonds_social_europeen-24x15.png 24w, https:\/\/empow-her.com\/wp-content\/uploads\/2021\/06\/logo_fonds_social_europeen-36x22.png 36w, https:\/\/empow-her.com\/wp-content\/uploads\/2021\/06\/logo_fonds_social_europeen-48x30.png 48w, https:\/\/empow-her.com\/wp-content\/uploads\/2021\/06\/logo_fonds_social_europeen.png 666w\" sizes=\"(max-width: 104px) 100vw, 104px\" \/>\u00a0<img decoding=\"async\" class=\"\" src=\"https:\/\/franceactive-idf.org\/wp-content\/uploads\/2020\/02\/logo-region-ile-de-france.png\" alt=\"Logo Region Ile De France - France Active \u00cele-de-France\" width=\"126\" height=\"29\" \/><\/p>\n","protected":false},"featured_media":112823,"template":"","format":"standard","meta":{"_acf_changed":false,"om_disable_all_campaigns":false,"_uf_show_specific_survey":0,"_uf_disable_surveys":false},"product_brand":[],"product_cat":[118],"product_tag":[],"lieu":[125],"thematiques":[],"class_list":{"0":"post-112183","1":"product","2":"type-product","3":"status-publish","4":"format-standard","5":"has-post-thumbnail","7":"product_cat-atelier-collectif","8":"lieu-en-ligne","10":"first","11":"instock","12":"virtual","13":"purchasable","14":"product-type-appointment"},"exclude_global_add_ons":[],"addons":[],"acf":[],"yoast_head":"<!-- This site is optimized with the Yoast SEO plugin v24.8 - https:\/\/yoast.com\/wordpress\/plugins\/seo\/ -->\n<title>Atelier - N\u00e9gociation commerciale - Empow&#039;Her<\/title>\n<meta name=\"robots\" content=\"index, follow, max-snippet:-1, max-image-preview:large, max-video-preview:-1\" \/>\n<link rel=\"canonical\" href=\"https:\/\/empow-her.com\/es\/produit\/atelier-negociation-commerciale-3-dec\/\" \/>\n<meta property=\"og:locale\" content=\"en_US\" \/>\n<meta property=\"og:type\" content=\"article\" \/>\n<meta property=\"og:title\" content=\"Atelier - N\u00e9gociation commerciale - Empow&#039;Her\" \/>\n<meta property=\"og:description\" content=\"Votre argumentaire commercial en main, vous allez pouvoir prendre des des RDV cibl\u00e9s, d\u00e9couvrir votre client, pr\u00e9senter votre offre, signer vos premiers partenariats ou contrats Cet atelier vous permet d&#039;avoir tous les trucs et astuces pour gagner en confiance et en efficacit\u00e9 dans votre d\u00e9marche commerciale : de la prise de RDV au RDV et ainsi optimiser la signature.   Intervenants : BBetween   Super pouvoir Directrice commerciale passionn\u00e9e (depuis plus de 10 ans), M\u00e9lanie aide, avec B.Between, les TPE et PME \u00e0 se d\u00e9velopper commercialement. Leur mission : votre r\u00e9ussite commerciale ! Laurence est passionn\u00e9e de vente. Apr\u00e8s de multiples exp\u00e9riences sur diff\u00e9rents secteurs, du public au priv\u00e9, de la formation au conseil, elle a souhait\u00e9 rejoindre une aventure stimulante pour aider les cr\u00e9ateurs d&#039;entreprise \u00e0 booster leur entreprise.   En Ligne.\u00a0 Ce projet est co-financ\u00e9 par le Fonds Social Europ\u00e9en.  \u00a0\u00a0\u00a0\" \/>\n<meta property=\"og:url\" content=\"https:\/\/empow-her.com\/es\/produit\/atelier-negociation-commerciale-3-dec\/\" \/>\n<meta property=\"og:site_name\" content=\"Empow&#039;Her\" \/>\n<meta property=\"article:modified_time\" content=\"2021-11-15T15:04:07+00:00\" \/>\n<meta property=\"og:image\" content=\"https:\/\/empow-her.com\/wp-content\/uploads\/2021\/11\/TEMPLATES-EVENTS-WOMEN-DARE-AGENDA-14.png\" \/>\n\t<meta property=\"og:image:width\" content=\"1080\" \/>\n\t<meta property=\"og:image:height\" content=\"1080\" \/>\n\t<meta property=\"og:image:type\" content=\"image\/png\" \/>\n<meta name=\"twitter:card\" content=\"summary_large_image\" \/>\n<script type=\"application\/ld+json\" class=\"yoast-schema-graph\">{\"@context\":\"https:\/\/schema.org\",\"@graph\":[{\"@type\":\"WebPage\",\"@id\":\"https:\/\/empow-her.com\/es\/produit\/atelier-negociation-commerciale-3-dec\/\",\"url\":\"https:\/\/empow-her.com\/es\/produit\/atelier-negociation-commerciale-3-dec\/\",\"name\":\"Atelier - N\u00e9gociation commerciale - Empow&#039;Her\",\"isPartOf\":{\"@id\":\"https:\/\/empow-her.com\/#website\"},\"primaryImageOfPage\":{\"@id\":\"https:\/\/empow-her.com\/es\/produit\/atelier-negociation-commerciale-3-dec\/#primaryimage\"},\"image\":{\"@id\":\"https:\/\/empow-her.com\/es\/produit\/atelier-negociation-commerciale-3-dec\/#primaryimage\"},\"thumbnailUrl\":\"https:\/\/empow-her.com\/wp-content\/uploads\/2021\/11\/TEMPLATES-EVENTS-WOMEN-DARE-AGENDA-14.png\",\"datePublished\":\"2021-11-03T14:36:33+00:00\",\"dateModified\":\"2021-11-15T15:04:07+00:00\",\"breadcrumb\":{\"@id\":\"https:\/\/empow-her.com\/es\/produit\/atelier-negociation-commerciale-3-dec\/#breadcrumb\"},\"inLanguage\":\"en-US\",\"potentialAction\":[{\"@type\":\"ReadAction\",\"target\":[\"https:\/\/empow-her.com\/es\/produit\/atelier-negociation-commerciale-3-dec\/\"]}]},{\"@type\":\"ImageObject\",\"inLanguage\":\"en-US\",\"@id\":\"https:\/\/empow-her.com\/es\/produit\/atelier-negociation-commerciale-3-dec\/#primaryimage\",\"url\":\"https:\/\/empow-her.com\/wp-content\/uploads\/2021\/11\/TEMPLATES-EVENTS-WOMEN-DARE-AGENDA-14.png\",\"contentUrl\":\"https:\/\/empow-her.com\/wp-content\/uploads\/2021\/11\/TEMPLATES-EVENTS-WOMEN-DARE-AGENDA-14.png\",\"width\":1080,\"height\":1080},{\"@type\":\"BreadcrumbList\",\"@id\":\"https:\/\/empow-her.com\/es\/produit\/atelier-negociation-commerciale-3-dec\/#breadcrumb\",\"itemListElement\":[{\"@type\":\"ListItem\",\"position\":1,\"name\":\"Accueil\",\"item\":\"https:\/\/empow-her.com\/en\/landing-page\/\"},{\"@type\":\"ListItem\",\"position\":2,\"name\":\"LA BOUTIQUE\",\"item\":\"https:\/\/empow-her.com\/boutique\/\"},{\"@type\":\"ListItem\",\"position\":3,\"name\":\"Atelier &#8211; N\u00e9gociation commerciale\"}]},{\"@type\":\"WebSite\",\"@id\":\"https:\/\/empow-her.com\/#website\",\"url\":\"https:\/\/empow-her.com\/\",\"name\":\"Empow&#039;Her\",\"description\":\"Women Development\",\"potentialAction\":[{\"@type\":\"SearchAction\",\"target\":{\"@type\":\"EntryPoint\",\"urlTemplate\":\"https:\/\/empow-her.com\/?s={search_term_string}\"},\"query-input\":{\"@type\":\"PropertyValueSpecification\",\"valueRequired\":true,\"valueName\":\"search_term_string\"}}],\"inLanguage\":\"en-US\"}]}<\/script>\n<!-- \/ Yoast SEO plugin. -->","yoast_head_json":{"title":"Atelier - N\u00e9gociation commerciale - Empow&#039;Her","robots":{"index":"index","follow":"follow","max-snippet":"max-snippet:-1","max-image-preview":"max-image-preview:large","max-video-preview":"max-video-preview:-1"},"canonical":"https:\/\/empow-her.com\/es\/produit\/atelier-negociation-commerciale-3-dec\/","og_locale":"en_US","og_type":"article","og_title":"Atelier - N\u00e9gociation commerciale - Empow&#039;Her","og_description":"Votre argumentaire commercial en main, vous allez pouvoir prendre des des RDV cibl\u00e9s, d\u00e9couvrir votre client, pr\u00e9senter votre offre, signer vos premiers partenariats ou contrats Cet atelier vous permet d'avoir tous les trucs et astuces pour gagner en confiance et en efficacit\u00e9 dans votre d\u00e9marche commerciale : de la prise de RDV au RDV et ainsi optimiser la signature.   Intervenants : BBetween   Super pouvoir Directrice commerciale passionn\u00e9e (depuis plus de 10 ans), M\u00e9lanie aide, avec B.Between, les TPE et PME \u00e0 se d\u00e9velopper commercialement. Leur mission : votre r\u00e9ussite commerciale ! Laurence est passionn\u00e9e de vente. Apr\u00e8s de multiples exp\u00e9riences sur diff\u00e9rents secteurs, du public au priv\u00e9, de la formation au conseil, elle a souhait\u00e9 rejoindre une aventure stimulante pour aider les cr\u00e9ateurs d'entreprise \u00e0 booster leur entreprise.   En Ligne.\u00a0 Ce projet est co-financ\u00e9 par le Fonds Social Europ\u00e9en.  \u00a0\u00a0\u00a0","og_url":"https:\/\/empow-her.com\/es\/produit\/atelier-negociation-commerciale-3-dec\/","og_site_name":"Empow&#039;Her","article_modified_time":"2021-11-15T15:04:07+00:00","og_image":[{"width":1080,"height":1080,"url":"https:\/\/empow-her.com\/wp-content\/uploads\/2021\/11\/TEMPLATES-EVENTS-WOMEN-DARE-AGENDA-14.png","type":"image\/png"}],"twitter_card":"summary_large_image","schema":{"@context":"https:\/\/schema.org","@graph":[{"@type":"WebPage","@id":"https:\/\/empow-her.com\/es\/produit\/atelier-negociation-commerciale-3-dec\/","url":"https:\/\/empow-her.com\/es\/produit\/atelier-negociation-commerciale-3-dec\/","name":"Atelier - N\u00e9gociation commerciale - Empow&#039;Her","isPartOf":{"@id":"https:\/\/empow-her.com\/#website"},"primaryImageOfPage":{"@id":"https:\/\/empow-her.com\/es\/produit\/atelier-negociation-commerciale-3-dec\/#primaryimage"},"image":{"@id":"https:\/\/empow-her.com\/es\/produit\/atelier-negociation-commerciale-3-dec\/#primaryimage"},"thumbnailUrl":"https:\/\/empow-her.com\/wp-content\/uploads\/2021\/11\/TEMPLATES-EVENTS-WOMEN-DARE-AGENDA-14.png","datePublished":"2021-11-03T14:36:33+00:00","dateModified":"2021-11-15T15:04:07+00:00","breadcrumb":{"@id":"https:\/\/empow-her.com\/es\/produit\/atelier-negociation-commerciale-3-dec\/#breadcrumb"},"inLanguage":"en-US","potentialAction":[{"@type":"ReadAction","target":["https:\/\/empow-her.com\/es\/produit\/atelier-negociation-commerciale-3-dec\/"]}]},{"@type":"ImageObject","inLanguage":"en-US","@id":"https:\/\/empow-her.com\/es\/produit\/atelier-negociation-commerciale-3-dec\/#primaryimage","url":"https:\/\/empow-her.com\/wp-content\/uploads\/2021\/11\/TEMPLATES-EVENTS-WOMEN-DARE-AGENDA-14.png","contentUrl":"https:\/\/empow-her.com\/wp-content\/uploads\/2021\/11\/TEMPLATES-EVENTS-WOMEN-DARE-AGENDA-14.png","width":1080,"height":1080},{"@type":"BreadcrumbList","@id":"https:\/\/empow-her.com\/es\/produit\/atelier-negociation-commerciale-3-dec\/#breadcrumb","itemListElement":[{"@type":"ListItem","position":1,"name":"Accueil","item":"https:\/\/empow-her.com\/en\/landing-page\/"},{"@type":"ListItem","position":2,"name":"LA BOUTIQUE","item":"https:\/\/empow-her.com\/boutique\/"},{"@type":"ListItem","position":3,"name":"Atelier &#8211; N\u00e9gociation commerciale"}]},{"@type":"WebSite","@id":"https:\/\/empow-her.com\/#website","url":"https:\/\/empow-her.com\/","name":"Empow&#039;Her","description":"Women Development","potentialAction":[{"@type":"SearchAction","target":{"@type":"EntryPoint","urlTemplate":"https:\/\/empow-her.com\/?s={search_term_string}"},"query-input":{"@type":"PropertyValueSpecification","valueRequired":true,"valueName":"search_term_string"}}],"inLanguage":"en-US"}]}},"_links":{"self":[{"href":"https:\/\/empow-her.com\/en\/wp-json\/wp\/v2\/product\/112183","targetHints":{"allow":["GET"]}}],"collection":[{"href":"https:\/\/empow-her.com\/en\/wp-json\/wp\/v2\/product"}],"about":[{"href":"https:\/\/empow-her.com\/en\/wp-json\/wp\/v2\/types\/product"}],"wp:featuredmedia":[{"embeddable":true,"href":"https:\/\/empow-her.com\/en\/wp-json\/wp\/v2\/media\/112823"}],"wp:attachment":[{"href":"https:\/\/empow-her.com\/en\/wp-json\/wp\/v2\/media?parent=112183"}],"wp:term":[{"taxonomy":"product_brand","embeddable":true,"href":"https:\/\/empow-her.com\/en\/wp-json\/wp\/v2\/product_brand?post=112183"},{"taxonomy":"product_cat","embeddable":true,"href":"https:\/\/empow-her.com\/en\/wp-json\/wp\/v2\/product_cat?post=112183"},{"taxonomy":"product_tag","embeddable":true,"href":"https:\/\/empow-her.com\/en\/wp-json\/wp\/v2\/product_tag?post=112183"},{"taxonomy":"lieu","embeddable":true,"href":"https:\/\/empow-her.com\/en\/wp-json\/wp\/v2\/lieu?post=112183"},{"taxonomy":"thematiques","embeddable":true,"href":"https:\/\/empow-her.com\/en\/wp-json\/wp\/v2\/thematiques?post=112183"}],"curies":[{"name":"wp","href":"https:\/\/api.w.org\/{rel}","templated":true}]}}