{"id":11038,"date":"2021-02-10T21:03:34","date_gmt":"2021-02-10T20:03:34","guid":{"rendered":"https:\/\/empow-her.com\/produit\/import-placeholder-for-11980\/"},"modified":"2021-04-01T19:10:09","modified_gmt":"2021-04-01T17:10:09","slug":"atelier-oser-affirmer-sa-posture-dentrepreneure","status":"publish","type":"product","link":"https:\/\/empow-her.com\/en\/produit\/atelier-oser-affirmer-sa-posture-dentrepreneure\/","title":{"rendered":"Atelier &#8211; R\u00eaver grand son projet et agir avec audace et confiance"},"content":{"rendered":"","protected":false},"excerpt":{"rendered":"<p style=\"text-align: left;\">Vous souhaitez r\u00eaver grand votre projet et oser les premiers petits pas pour cultiver votre puissance d&#8217;agir avec confiance ?<br \/>\nVous autoriser \u00e0 r\u00eaver les possibles pour votre projet, une dimension cl\u00e9 pour vous connecter \u00e0 ce que vous souhaitez vraiment accomplir? Cultiver cette vision lointaine vous permettra \u00e9galement de vous donner un cap et l&#8217;audace d\u2019affronter l\u2019incertain pour pers\u00e9v\u00e9rer dans votre projet et c&#8217;est tout l&#8217;objectif de cet atelier sp\u00e9cial Audace et Confiance !<\/p>\n<p>Le manque de confiance en soi est un ressenti souvent exprime\u0301 par les femmes qui se lancent dans des projets. Il peut devenir une barrie\u0300re a\u0300 l\u2019expression de son ve\u0301ritable potentiel. Dans cet atelier vous \u00e9changerez sur ce sujet pour mieux le comprendre et mieux le de\u0301passer.<br \/>\nCar se lancer dans l\u2019entrepreneuriat \u00e0 impact, c\u2019est non seulement avoir l\u2019envie d\u2019oeuvrer pour une cause mais aussi de re\u0301aliser un re\u0302ve pour soi et la soci\u00e9t\u00e9. Jacques Brel disait \u00ab Le talent, c\u2019est avoir l&#8217;envie de faire quelque chose. Avoir envie de r\u00e9aliser un r\u00eave, c\u2019est le talent. Et tout le restant c\u2019est de la sueur, c\u2019est de la discipline, c\u2019est de la transpiration \u00bb.<\/p>\n<p>Alors osons re\u0302ver ensemble avant de se retrousser les manches !<\/p>\n<p>&nbsp;<\/p>\n<p style=\"text-align: left;\"><strong>Par<\/strong> : <span data-sheets-value=\"{&quot;1&quot;:2,&quot;2&quot;:&quot;Sophie Petit&quot;}\" data-sheets-userformat=\"{&quot;2&quot;:5117,&quot;3&quot;:{&quot;1&quot;:0},&quot;5&quot;:{&quot;1&quot;:[{&quot;1&quot;:2,&quot;2&quot;:0,&quot;5&quot;:{&quot;1&quot;:2,&quot;2&quot;:0}},{&quot;1&quot;:0,&quot;2&quot;:0,&quot;3&quot;:3},{&quot;1&quot;:1,&quot;2&quot;:0,&quot;4&quot;:1}]},&quot;6&quot;:{&quot;1&quot;:[{&quot;1&quot;:2,&quot;2&quot;:0,&quot;5&quot;:{&quot;1&quot;:2,&quot;2&quot;:0}},{&quot;1&quot;:0,&quot;2&quot;:0,&quot;3&quot;:3},{&quot;1&quot;:1,&quot;2&quot;:0,&quot;4&quot;:1}]},&quot;7&quot;:{&quot;1&quot;:[{&quot;1&quot;:2,&quot;2&quot;:0,&quot;5&quot;:{&quot;1&quot;:2,&quot;2&quot;:0}},{&quot;1&quot;:0,&quot;2&quot;:0,&quot;3&quot;:3},{&quot;1&quot;:1,&quot;2&quot;:0,&quot;4&quot;:1}]},&quot;8&quot;:{&quot;1&quot;:[{&quot;1&quot;:2,&quot;2&quot;:0,&quot;5&quot;:{&quot;1&quot;:2,&quot;2&quot;:0}},{&quot;1&quot;:0,&quot;2&quot;:0,&quot;3&quot;:3},{&quot;1&quot;:1,&quot;2&quot;:0,&quot;4&quot;:1}]},&quot;9&quot;:1,&quot;10&quot;:1,&quot;11&quot;:4,&quot;12&quot;:0,&quot;15&quot;:&quot;Calibri&quot;}\">Sophie Petit, du collectif Bulles<\/span><\/p>\n<p>&nbsp;<\/p>\n<p style=\"text-align: left;\"><strong>Intervenant.e.s<\/strong> : <span data-sheets-value=\"{&quot;1&quot;:2,&quot;2&quot;:&quot;Avec sa soeur, Sophie a fond\u00e9 Bulles pour cr\u00e9er des espaces-temps de dialogue au coeur de nos vies professionnelles. Telle une reporter, elle aime questionner et encourager \u00e0 imaginer les possibles pour s\u2019\u00e9panouir pleinement, et \u00e9crit des r\u00e9cits et reportages pour explorer la vie du bout de la rue jusqu\u2019au bout du monde.&quot;}\" data-sheets-userformat=\"{&quot;2&quot;:1053629,&quot;3&quot;:{&quot;1&quot;:0},&quot;5&quot;:{&quot;1&quot;:[{&quot;1&quot;:2,&quot;2&quot;:0,&quot;5&quot;:{&quot;1&quot;:2,&quot;2&quot;:0}},{&quot;1&quot;:0,&quot;2&quot;:0,&quot;3&quot;:3},{&quot;1&quot;:1,&quot;2&quot;:0,&quot;4&quot;:1}]},&quot;6&quot;:{&quot;1&quot;:[{&quot;1&quot;:2,&quot;2&quot;:0,&quot;5&quot;:{&quot;1&quot;:2,&quot;2&quot;:0}},{&quot;1&quot;:0,&quot;2&quot;:0,&quot;3&quot;:3},{&quot;1&quot;:1,&quot;2&quot;:0,&quot;4&quot;:1}]},&quot;7&quot;:{&quot;1&quot;:[{&quot;1&quot;:2,&quot;2&quot;:0,&quot;5&quot;:{&quot;1&quot;:2,&quot;2&quot;:0}},{&quot;1&quot;:0,&quot;2&quot;:0,&quot;3&quot;:3},{&quot;1&quot;:1,&quot;2&quot;:0,&quot;4&quot;:1}]},&quot;8&quot;:{&quot;1&quot;:[{&quot;1&quot;:2,&quot;2&quot;:0,&quot;5&quot;:{&quot;1&quot;:2,&quot;2&quot;:0}},{&quot;1&quot;:0,&quot;2&quot;:0,&quot;3&quot;:3},{&quot;1&quot;:1,&quot;2&quot;:0,&quot;4&quot;:1}]},&quot;10&quot;:1,&quot;11&quot;:4,&quot;12&quot;:0,&quot;15&quot;:&quot;Calibri&quot;,&quot;23&quot;:1}\" data-sheets-textstyleruns=\"{&quot;1&quot;:0}\uee10{&quot;1&quot;:30,&quot;2&quot;:{&quot;2&quot;:{&quot;1&quot;:2,&quot;2&quot;:1136076},&quot;9&quot;:1}}\uee10{&quot;1&quot;:36}\" data-sheets-hyperlinkruns=\"{&quot;1&quot;:30,&quot;2&quot;:&quot;https:\/\/bulles.ooo\/&quot;}\uee10{&quot;1&quot;:36}\">Avec sa soeur, Sophie a fond\u00e9 <a class=\"in-cell-link\" href=\"https:\/\/bulles.ooo\/\" target=\"_blank\" rel=\"noopener noreferrer\">Bulles<\/a> pour cr\u00e9er des espaces-temps de dialogue au coeur de nos vies professionnelles. Telle une reporter, elle aime questionner et encourager \u00e0 imaginer les possibles pour s\u2019\u00e9panouir pleinement, et \u00e9crit des r\u00e9cits et reportages pour explorer la vie du bout de la rue jusqu\u2019au bout du monde.<\/span><\/p>\n<p>&nbsp;<\/p>\n<p style=\"text-align: left;\"><strong>Dur\u00e9e<\/strong> : 4h<\/p>\n","protected":false},"featured_media":0,"template":"","format":"standard","meta":{"_acf_changed":false,"om_disable_all_campaigns":false,"_uf_show_specific_survey":0,"_uf_disable_surveys":false},"product_brand":[],"product_cat":[118],"product_tag":[],"lieu":[127],"thematiques":[],"class_list":{"0":"post-11038","1":"product","2":"type-product","3":"status-publish","4":"format-standard","6":"product_cat-atelier-collectif","7":"lieu-hub-empowher","9":"first","10":"instock","11":"virtual","12":"purchasable","13":"product-type-appointment"},"exclude_global_add_ons":[],"addons":[],"acf":[],"yoast_head":"<!-- This site is optimized with the Yoast SEO plugin v24.8 - https:\/\/yoast.com\/wordpress\/plugins\/seo\/ -->\n<title>Atelier - R\u00eaver grand son projet et agir avec audace et confiance - Empow&#039;Her<\/title>\n<meta name=\"robots\" content=\"index, follow, max-snippet:-1, max-image-preview:large, max-video-preview:-1\" \/>\n<link rel=\"canonical\" href=\"https:\/\/empow-her.com\/es\/produit\/atelier-oser-affirmer-sa-posture-dentrepreneure\/\" \/>\n<meta property=\"og:locale\" content=\"en_US\" \/>\n<meta property=\"og:type\" content=\"article\" \/>\n<meta property=\"og:title\" content=\"Atelier - R\u00eaver grand son projet et agir avec audace et confiance - Empow&#039;Her\" \/>\n<meta property=\"og:description\" content=\"Vous souhaitez r\u00eaver grand votre projet et oser les premiers petits pas pour cultiver votre puissance d&#039;agir avec confiance ? Vous autoriser \u00e0 r\u00eaver les possibles pour votre projet, une dimension cl\u00e9 pour vous connecter \u00e0 ce que vous souhaitez vraiment accomplir? Cultiver cette vision lointaine vous permettra \u00e9galement de vous donner un cap et l&#039;audace d\u2019affronter l\u2019incertain pour pers\u00e9v\u00e9rer dans votre projet et c&#039;est tout l&#039;objectif de cet atelier sp\u00e9cial Audace et Confiance ! Le manque de confiance en soi est un ressenti souvent exprime\u0301 par les femmes qui se lancent dans des projets. Il peut devenir une barrie\u0300re a\u0300 l\u2019expression de son ve\u0301ritable potentiel. Dans cet atelier vous \u00e9changerez sur ce sujet pour mieux le comprendre et mieux le de\u0301passer. Car se lancer dans l\u2019entrepreneuriat \u00e0 impact, c\u2019est non seulement avoir l\u2019envie d\u2019oeuvrer pour une cause mais aussi de re\u0301aliser un re\u0302ve pour soi et la soci\u00e9t\u00e9. Jacques Brel disait \u00ab Le talent, c\u2019est avoir l&#039;envie de faire quelque chose. Avoir envie de r\u00e9aliser un r\u00eave, c\u2019est le talent. Et tout le restant c\u2019est de la sueur, c\u2019est de la discipline, c\u2019est de la transpiration \u00bb.  Alors osons re\u0302ver ensemble avant de se retrousser les manches !  &nbsp; Par : Sophie Petit, du collectif Bulles &nbsp; Intervenant.e.s : Avec sa soeur, Sophie a fond\u00e9 Bulles pour cr\u00e9er des espaces-temps de dialogue au coeur de nos vies professionnelles. Telle une reporter, elle aime questionner et encourager \u00e0 imaginer les possibles pour s\u2019\u00e9panouir pleinement, et \u00e9crit des r\u00e9cits et reportages pour explorer la vie du bout de la rue jusqu\u2019au bout du monde. &nbsp; Dur\u00e9e : 4h\" \/>\n<meta property=\"og:url\" content=\"https:\/\/empow-her.com\/es\/produit\/atelier-oser-affirmer-sa-posture-dentrepreneure\/\" \/>\n<meta property=\"og:site_name\" content=\"Empow&#039;Her\" \/>\n<meta property=\"article:modified_time\" content=\"2021-04-01T17:10:09+00:00\" \/>\n<meta name=\"twitter:card\" content=\"summary_large_image\" \/>\n<script type=\"application\/ld+json\" class=\"yoast-schema-graph\">{\"@context\":\"https:\/\/schema.org\",\"@graph\":[{\"@type\":\"WebPage\",\"@id\":\"https:\/\/empow-her.com\/es\/produit\/atelier-oser-affirmer-sa-posture-dentrepreneure\/\",\"url\":\"https:\/\/empow-her.com\/es\/produit\/atelier-oser-affirmer-sa-posture-dentrepreneure\/\",\"name\":\"Atelier - R\u00eaver grand son projet et agir avec audace et confiance - Empow&#039;Her\",\"isPartOf\":{\"@id\":\"https:\/\/empow-her.com\/#website\"},\"datePublished\":\"2021-02-10T20:03:34+00:00\",\"dateModified\":\"2021-04-01T17:10:09+00:00\",\"breadcrumb\":{\"@id\":\"https:\/\/empow-her.com\/es\/produit\/atelier-oser-affirmer-sa-posture-dentrepreneure\/#breadcrumb\"},\"inLanguage\":\"en-US\",\"potentialAction\":[{\"@type\":\"ReadAction\",\"target\":[\"https:\/\/empow-her.com\/es\/produit\/atelier-oser-affirmer-sa-posture-dentrepreneure\/\"]}]},{\"@type\":\"BreadcrumbList\",\"@id\":\"https:\/\/empow-her.com\/es\/produit\/atelier-oser-affirmer-sa-posture-dentrepreneure\/#breadcrumb\",\"itemListElement\":[{\"@type\":\"ListItem\",\"position\":1,\"name\":\"Accueil\",\"item\":\"https:\/\/empow-her.com\/en\/landing-page\/\"},{\"@type\":\"ListItem\",\"position\":2,\"name\":\"LA BOUTIQUE\",\"item\":\"https:\/\/empow-her.com\/boutique\/\"},{\"@type\":\"ListItem\",\"position\":3,\"name\":\"Atelier &#8211; R\u00eaver grand son projet et agir avec audace et confiance\"}]},{\"@type\":\"WebSite\",\"@id\":\"https:\/\/empow-her.com\/#website\",\"url\":\"https:\/\/empow-her.com\/\",\"name\":\"Empow&#039;Her\",\"description\":\"Women Development\",\"potentialAction\":[{\"@type\":\"SearchAction\",\"target\":{\"@type\":\"EntryPoint\",\"urlTemplate\":\"https:\/\/empow-her.com\/?s={search_term_string}\"},\"query-input\":{\"@type\":\"PropertyValueSpecification\",\"valueRequired\":true,\"valueName\":\"search_term_string\"}}],\"inLanguage\":\"en-US\"}]}<\/script>\n<!-- \/ Yoast SEO plugin. -->","yoast_head_json":{"title":"Atelier - R\u00eaver grand son projet et agir avec audace et confiance - Empow&#039;Her","robots":{"index":"index","follow":"follow","max-snippet":"max-snippet:-1","max-image-preview":"max-image-preview:large","max-video-preview":"max-video-preview:-1"},"canonical":"https:\/\/empow-her.com\/es\/produit\/atelier-oser-affirmer-sa-posture-dentrepreneure\/","og_locale":"en_US","og_type":"article","og_title":"Atelier - R\u00eaver grand son projet et agir avec audace et confiance - Empow&#039;Her","og_description":"Vous souhaitez r\u00eaver grand votre projet et oser les premiers petits pas pour cultiver votre puissance d'agir avec confiance ? Vous autoriser \u00e0 r\u00eaver les possibles pour votre projet, une dimension cl\u00e9 pour vous connecter \u00e0 ce que vous souhaitez vraiment accomplir? Cultiver cette vision lointaine vous permettra \u00e9galement de vous donner un cap et l'audace d\u2019affronter l\u2019incertain pour pers\u00e9v\u00e9rer dans votre projet et c'est tout l'objectif de cet atelier sp\u00e9cial Audace et Confiance ! Le manque de confiance en soi est un ressenti souvent exprime\u0301 par les femmes qui se lancent dans des projets. Il peut devenir une barrie\u0300re a\u0300 l\u2019expression de son ve\u0301ritable potentiel. Dans cet atelier vous \u00e9changerez sur ce sujet pour mieux le comprendre et mieux le de\u0301passer. Car se lancer dans l\u2019entrepreneuriat \u00e0 impact, c\u2019est non seulement avoir l\u2019envie d\u2019oeuvrer pour une cause mais aussi de re\u0301aliser un re\u0302ve pour soi et la soci\u00e9t\u00e9. Jacques Brel disait \u00ab Le talent, c\u2019est avoir l'envie de faire quelque chose. Avoir envie de r\u00e9aliser un r\u00eave, c\u2019est le talent. Et tout le restant c\u2019est de la sueur, c\u2019est de la discipline, c\u2019est de la transpiration \u00bb.  Alors osons re\u0302ver ensemble avant de se retrousser les manches !  &nbsp; Par : Sophie Petit, du collectif Bulles &nbsp; Intervenant.e.s : Avec sa soeur, Sophie a fond\u00e9 Bulles pour cr\u00e9er des espaces-temps de dialogue au coeur de nos vies professionnelles. Telle une reporter, elle aime questionner et encourager \u00e0 imaginer les possibles pour s\u2019\u00e9panouir pleinement, et \u00e9crit des r\u00e9cits et reportages pour explorer la vie du bout de la rue jusqu\u2019au bout du monde. &nbsp; Dur\u00e9e : 4h","og_url":"https:\/\/empow-her.com\/es\/produit\/atelier-oser-affirmer-sa-posture-dentrepreneure\/","og_site_name":"Empow&#039;Her","article_modified_time":"2021-04-01T17:10:09+00:00","twitter_card":"summary_large_image","schema":{"@context":"https:\/\/schema.org","@graph":[{"@type":"WebPage","@id":"https:\/\/empow-her.com\/es\/produit\/atelier-oser-affirmer-sa-posture-dentrepreneure\/","url":"https:\/\/empow-her.com\/es\/produit\/atelier-oser-affirmer-sa-posture-dentrepreneure\/","name":"Atelier - R\u00eaver grand son projet et agir avec audace et confiance - Empow&#039;Her","isPartOf":{"@id":"https:\/\/empow-her.com\/#website"},"datePublished":"2021-02-10T20:03:34+00:00","dateModified":"2021-04-01T17:10:09+00:00","breadcrumb":{"@id":"https:\/\/empow-her.com\/es\/produit\/atelier-oser-affirmer-sa-posture-dentrepreneure\/#breadcrumb"},"inLanguage":"en-US","potentialAction":[{"@type":"ReadAction","target":["https:\/\/empow-her.com\/es\/produit\/atelier-oser-affirmer-sa-posture-dentrepreneure\/"]}]},{"@type":"BreadcrumbList","@id":"https:\/\/empow-her.com\/es\/produit\/atelier-oser-affirmer-sa-posture-dentrepreneure\/#breadcrumb","itemListElement":[{"@type":"ListItem","position":1,"name":"Accueil","item":"https:\/\/empow-her.com\/en\/landing-page\/"},{"@type":"ListItem","position":2,"name":"LA BOUTIQUE","item":"https:\/\/empow-her.com\/boutique\/"},{"@type":"ListItem","position":3,"name":"Atelier &#8211; R\u00eaver grand son projet et agir avec audace et confiance"}]},{"@type":"WebSite","@id":"https:\/\/empow-her.com\/#website","url":"https:\/\/empow-her.com\/","name":"Empow&#039;Her","description":"Women Development","potentialAction":[{"@type":"SearchAction","target":{"@type":"EntryPoint","urlTemplate":"https:\/\/empow-her.com\/?s={search_term_string}"},"query-input":{"@type":"PropertyValueSpecification","valueRequired":true,"valueName":"search_term_string"}}],"inLanguage":"en-US"}]}},"_links":{"self":[{"href":"https:\/\/empow-her.com\/en\/wp-json\/wp\/v2\/product\/11038","targetHints":{"allow":["GET"]}}],"collection":[{"href":"https:\/\/empow-her.com\/en\/wp-json\/wp\/v2\/product"}],"about":[{"href":"https:\/\/empow-her.com\/en\/wp-json\/wp\/v2\/types\/product"}],"wp:attachment":[{"href":"https:\/\/empow-her.com\/en\/wp-json\/wp\/v2\/media?parent=11038"}],"wp:term":[{"taxonomy":"product_brand","embeddable":true,"href":"https:\/\/empow-her.com\/en\/wp-json\/wp\/v2\/product_brand?post=11038"},{"taxonomy":"product_cat","embeddable":true,"href":"https:\/\/empow-her.com\/en\/wp-json\/wp\/v2\/product_cat?post=11038"},{"taxonomy":"product_tag","embeddable":true,"href":"https:\/\/empow-her.com\/en\/wp-json\/wp\/v2\/product_tag?post=11038"},{"taxonomy":"lieu","embeddable":true,"href":"https:\/\/empow-her.com\/en\/wp-json\/wp\/v2\/lieu?post=11038"},{"taxonomy":"thematiques","embeddable":true,"href":"https:\/\/empow-her.com\/en\/wp-json\/wp\/v2\/thematiques?post=11038"}],"curies":[{"name":"wp","href":"https:\/\/api.w.org\/{rel}","templated":true}]}}