{"id":224657,"date":"2023-11-30T11:45:50","date_gmt":"2023-11-30T10:45:50","guid":{"rendered":"https:\/\/empow-her.com\/business-report-2022\/"},"modified":"2023-11-30T11:45:51","modified_gmt":"2023-11-30T10:45:51","slug":"business-report-2022","status":"publish","type":"page","link":"https:\/\/empow-her.com\/en\/business-report-2022\/","title":{"rendered":"Business report 2022"},"content":{"rendered":"\t\t<div data-elementor-type=\"wp-page\" data-elementor-id=\"224657\" class=\"elementor elementor-224657 elementor-201137\" data-elementor-post-type=\"page\">\n\t\t\t\t\t\t<section class=\"elementor-section elementor-top-section elementor-element elementor-element-6509603 elementor-section-boxed elementor-section-height-default elementor-section-height-default\" data-id=\"6509603\" data-element_type=\"section\" data-settings=\"{&quot;jet_parallax_layout_list&quot;:[],&quot;background_background&quot;:&quot;classic&quot;}\">\n\t\t\t\t\t\t<div class=\"elementor-container elementor-column-gap-default\">\n\t\t\t\t\t<div class=\"elementor-column elementor-col-100 elementor-top-column elementor-element elementor-element-01a57de\" data-id=\"01a57de\" data-element_type=\"column\">\n\t\t\t<div class=\"elementor-widget-wrap elementor-element-populated\">\n\t\t\t\t\t\t<div class=\"elementor-element elementor-element-e910aee elementor-absolute animated-slow elementor-invisible elementor-widget elementor-widget-image\" data-id=\"e910aee\" data-element_type=\"widget\" data-settings=\"{&quot;_position&quot;:&quot;absolute&quot;,&quot;_animation&quot;:&quot;fadeIn&quot;,&quot;_animation_delay&quot;:300}\" data-widget_type=\"image.default\">\n\t\t\t\t<div class=\"elementor-widget-container\">\n\t\t\t\t\t\t\t\t\t\t\t\t\t\t\t<img fetchpriority=\"high\" decoding=\"async\" width=\"600\" height=\"420\" src=\"https:\/\/empow-her.com\/wp-content\/uploads\/2023\/09\/Capture-decran-2023-09-21-103732-01-3-e1695998929951-600x420.png\" class=\"attachment-woocommerce_single size-woocommerce_single wp-image-204223\" alt=\"\" srcset=\"https:\/\/empow-her.com\/wp-content\/uploads\/2023\/09\/Capture-decran-2023-09-21-103732-01-3-e1695998929951-600x420.png 600w, https:\/\/empow-her.com\/wp-content\/uploads\/2023\/09\/Capture-decran-2023-09-21-103732-01-3-e1695998929951-300x210.png 300w, https:\/\/empow-her.com\/wp-content\/uploads\/2023\/09\/Capture-decran-2023-09-21-103732-01-3-e1695998929951-1024x716.png 1024w, https:\/\/empow-her.com\/wp-content\/uploads\/2023\/09\/Capture-decran-2023-09-21-103732-01-3-e1695998929951-768x537.png 768w, https:\/\/empow-her.com\/wp-content\/uploads\/2023\/09\/Capture-decran-2023-09-21-103732-01-3-e1695998929951-1536x1074.png 1536w, https:\/\/empow-her.com\/wp-content\/uploads\/2023\/09\/Capture-decran-2023-09-21-103732-01-3-e1695998929951-2048x1432.png 2048w\" sizes=\"(max-width: 600px) 100vw, 600px\" \/>\t\t\t\t\t\t\t\t\t\t\t\t\t\t\t<\/div>\n\t\t\t\t<\/div>\n\t\t\t\t<div class=\"elementor-element elementor-element-95de6b0 elementor-widget__width-auto elementor-absolute animated-slow elementor-invisible elementor-widget elementor-widget-button\" data-id=\"95de6b0\" data-element_type=\"widget\" data-settings=\"{&quot;_position&quot;:&quot;absolute&quot;,&quot;_animation&quot;:&quot;fadeIn&quot;}\" data-widget_type=\"button.default\">\n\t\t\t\t<div class=\"elementor-widget-container\">\n\t\t\t\t\t\t\t\t\t<div class=\"elementor-button-wrapper\">\n\t\t\t\t\t<a class=\"elementor-button elementor-button-link elementor-size-sm\" href=\"https:\/\/empow-her.com\/rapport-dactivite-fr-1\/\">\n\t\t\t\t\t\t<span class=\"elementor-button-content-wrapper\">\n\t\t\t\t\t\t\t\t\t<span class=\"elementor-button-text\">FR<\/span>\n\t\t\t\t\t<\/span>\n\t\t\t\t\t<\/a>\n\t\t\t\t<\/div>\n\t\t\t\t\t\t\t\t<\/div>\n\t\t\t\t<\/div>\n\t\t\t\t<div class=\"elementor-element elementor-element-2621845 elementor-widget__width-auto elementor-absolute animated-slow elementor-invisible elementor-widget elementor-widget-button\" data-id=\"2621845\" data-element_type=\"widget\" data-settings=\"{&quot;_position&quot;:&quot;absolute&quot;,&quot;_animation&quot;:&quot;fadeIn&quot;}\" data-widget_type=\"button.default\">\n\t\t\t\t<div class=\"elementor-widget-container\">\n\t\t\t\t\t\t\t\t\t<div class=\"elementor-button-wrapper\">\n\t\t\t\t\t<a class=\"elementor-button elementor-button-link elementor-size-sm\" href=\"https:\/\/empow-her.com\/rapport-dactivite-en-1\/\">\n\t\t\t\t\t\t<span class=\"elementor-button-content-wrapper\">\n\t\t\t\t\t\t\t\t\t<span class=\"elementor-button-text\">EN<\/span>\n\t\t\t\t\t<\/span>\n\t\t\t\t\t<\/a>\n\t\t\t\t<\/div>\n\t\t\t\t\t\t\t\t<\/div>\n\t\t\t\t<\/div>\n\t\t\t\t<div class=\"elementor-element elementor-element-9ba97c3 elementor-widget elementor-widget-html\" data-id=\"9ba97c3\" data-element_type=\"widget\" data-widget_type=\"html.default\">\n\t\t\t\t<div class=\"elementor-widget-container\">\n\t\t\t\t\t<script>\/\/ Fonction pour effectuer le fade out de la div apr\u00e8s 3 secondes\n    function fadeOutDiv() {\n        const div = document.querySelector('.disappearing-div');\n        if (div) {\n            \/\/ Attendez 3 secondes avant de d\u00e9clencher le fade out\n            setTimeout(function () {\n                div.style.opacity = '0'; \/\/ R\u00e9duit l'opacit\u00e9 \u00e0 0 (invisible)\n            }, 700);\n        }\n    }\n\n    \/\/ Attendez que la page soit enti\u00e8rement charg\u00e9e avant d'appeler la fonction\n    window.addEventListener('load', fadeOutDiv);\n<\/script>\t\t\t\t<\/div>\n\t\t\t\t<\/div>\n\t\t\t\t<div class=\"elementor-element elementor-element-d26416a disappearing-div jedv-enabled--yes elementor-widget elementor-widget-image\" data-id=\"d26416a\" data-element_type=\"widget\" data-widget_type=\"image.default\">\n\t\t\t\t<div class=\"elementor-widget-container\">\n\t\t\t\t\t\t\t\t\t\t\t\t\t\t\t<img decoding=\"async\" width=\"600\" height=\"580\" src=\"https:\/\/empow-her.com\/wp-content\/uploads\/2023\/09\/EMPOWHER-RA-COUVERTURE-COULEUR2-e1695284146456-600x580.png\" class=\"attachment-woocommerce_single size-woocommerce_single wp-image-201698\" alt=\"\" srcset=\"https:\/\/empow-her.com\/wp-content\/uploads\/2023\/09\/EMPOWHER-RA-COUVERTURE-COULEUR2-e1695284146456-600x580.png 600w, https:\/\/empow-her.com\/wp-content\/uploads\/2023\/09\/EMPOWHER-RA-COUVERTURE-COULEUR2-e1695284146456-300x290.png 300w, https:\/\/empow-her.com\/wp-content\/uploads\/2023\/09\/EMPOWHER-RA-COUVERTURE-COULEUR2-e1695284146456-1024x990.png 1024w, https:\/\/empow-her.com\/wp-content\/uploads\/2023\/09\/EMPOWHER-RA-COUVERTURE-COULEUR2-e1695284146456-768x742.png 768w, https:\/\/empow-her.com\/wp-content\/uploads\/2023\/09\/EMPOWHER-RA-COUVERTURE-COULEUR2-e1695284146456-1536x1485.png 1536w, https:\/\/empow-her.com\/wp-content\/uploads\/2023\/09\/EMPOWHER-RA-COUVERTURE-COULEUR2-e1695284146456-2048x1980.png 2048w\" sizes=\"(max-width: 600px) 100vw, 600px\" \/>\t\t\t\t\t\t\t\t\t\t\t\t\t\t\t<\/div>\n\t\t\t\t<\/div>\n\t\t\t\t\t<\/div>\n\t\t<\/div>\n\t\t\t\t\t<\/div>\n\t\t<\/section>\n\t\t\t\t<\/div>\n\t\t","protected":false},"excerpt":{"rendered":"<p>FR EN<\/p>\n","protected":false},"author":262,"featured_media":0,"parent":0,"menu_order":0,"comment_status":"closed","ping_status":"closed","template":"elementor_header_footer","meta":{"_acf_changed":false,"om_disable_all_campaigns":false,"_uf_show_specific_survey":0,"_uf_disable_surveys":false,"footnotes":""},"class_list":["post-224657","page","type-page","status-publish","format-standard","hentry"],"acf":[],"yoast_head":"<!-- This site is optimized with the Yoast SEO plugin v24.8 - https:\/\/yoast.com\/wordpress\/plugins\/seo\/ -->\n<title>Business report 2022 - Empow&#039;Her<\/title>\n<meta name=\"robots\" content=\"index, follow, max-snippet:-1, max-image-preview:large, max-video-preview:-1\" \/>\n<link rel=\"canonical\" href=\"https:\/\/empow-her.com\/en\/business-report-2022\/\" \/>\n<meta property=\"og:locale\" content=\"en_US\" \/>\n<meta property=\"og:type\" content=\"article\" \/>\n<meta property=\"og:title\" content=\"Business report 2022 - Empow&#039;Her\" \/>\n<meta property=\"og:description\" content=\"FR EN\" \/>\n<meta property=\"og:url\" content=\"https:\/\/empow-her.com\/en\/business-report-2022\/\" \/>\n<meta property=\"og:site_name\" content=\"Empow&#039;Her\" \/>\n<meta property=\"article:modified_time\" content=\"2023-11-30T10:45:51+00:00\" \/>\n<meta property=\"og:image\" content=\"https:\/\/empow-her.com\/wp-content\/uploads\/2023\/09\/Capture-decran-2023-09-21-103732-01-3-e1695998929951-600x420.png\" \/>\n<meta name=\"twitter:card\" content=\"summary_large_image\" \/>\n<script type=\"application\/ld+json\" class=\"yoast-schema-graph\">{\"@context\":\"https:\/\/schema.org\",\"@graph\":[{\"@type\":\"WebPage\",\"@id\":\"https:\/\/empow-her.com\/en\/business-report-2022\/\",\"url\":\"https:\/\/empow-her.com\/en\/business-report-2022\/\",\"name\":\"Business report 2022 - Empow&#039;Her\",\"isPartOf\":{\"@id\":\"https:\/\/empow-her.com\/#website\"},\"primaryImageOfPage\":{\"@id\":\"https:\/\/empow-her.com\/en\/business-report-2022\/#primaryimage\"},\"image\":{\"@id\":\"https:\/\/empow-her.com\/en\/business-report-2022\/#primaryimage\"},\"thumbnailUrl\":\"https:\/\/empow-her.com\/wp-content\/uploads\/2023\/09\/Capture-decran-2023-09-21-103732-01-3-e1695998929951-600x420.png\",\"datePublished\":\"2023-11-30T10:45:50+00:00\",\"dateModified\":\"2023-11-30T10:45:51+00:00\",\"breadcrumb\":{\"@id\":\"https:\/\/empow-her.com\/en\/business-report-2022\/#breadcrumb\"},\"inLanguage\":\"en-US\",\"potentialAction\":[{\"@type\":\"ReadAction\",\"target\":[\"https:\/\/empow-her.com\/en\/business-report-2022\/\"]}]},{\"@type\":\"ImageObject\",\"inLanguage\":\"en-US\",\"@id\":\"https:\/\/empow-her.com\/en\/business-report-2022\/#primaryimage\",\"url\":\"https:\/\/empow-her.com\/wp-content\/uploads\/2023\/09\/Capture-decran-2023-09-21-103732-01-3-e1695998929951-600x420.png\",\"contentUrl\":\"https:\/\/empow-her.com\/wp-content\/uploads\/2023\/09\/Capture-decran-2023-09-21-103732-01-3-e1695998929951-600x420.png\"},{\"@type\":\"BreadcrumbList\",\"@id\":\"https:\/\/empow-her.com\/en\/business-report-2022\/#breadcrumb\",\"itemListElement\":[{\"@type\":\"ListItem\",\"position\":1,\"name\":\"Accueil\",\"item\":\"https:\/\/empow-her.com\/en\/landing-page\/\"},{\"@type\":\"ListItem\",\"position\":2,\"name\":\"Business report 2022\"}]},{\"@type\":\"WebSite\",\"@id\":\"https:\/\/empow-her.com\/#website\",\"url\":\"https:\/\/empow-her.com\/\",\"name\":\"Empow&#039;Her\",\"description\":\"Women Development\",\"potentialAction\":[{\"@type\":\"SearchAction\",\"target\":{\"@type\":\"EntryPoint\",\"urlTemplate\":\"https:\/\/empow-her.com\/?s={search_term_string}\"},\"query-input\":{\"@type\":\"PropertyValueSpecification\",\"valueRequired\":true,\"valueName\":\"search_term_string\"}}],\"inLanguage\":\"en-US\"}]}<\/script>\n<!-- \/ Yoast SEO plugin. -->","yoast_head_json":{"title":"Business report 2022 - Empow&#039;Her","robots":{"index":"index","follow":"follow","max-snippet":"max-snippet:-1","max-image-preview":"max-image-preview:large","max-video-preview":"max-video-preview:-1"},"canonical":"https:\/\/empow-her.com\/en\/business-report-2022\/","og_locale":"en_US","og_type":"article","og_title":"Business report 2022 - Empow&#039;Her","og_description":"FR EN","og_url":"https:\/\/empow-her.com\/en\/business-report-2022\/","og_site_name":"Empow&#039;Her","article_modified_time":"2023-11-30T10:45:51+00:00","og_image":[{"url":"https:\/\/empow-her.com\/wp-content\/uploads\/2023\/09\/Capture-decran-2023-09-21-103732-01-3-e1695998929951-600x420.png","type":"","width":"","height":""}],"twitter_card":"summary_large_image","schema":{"@context":"https:\/\/schema.org","@graph":[{"@type":"WebPage","@id":"https:\/\/empow-her.com\/en\/business-report-2022\/","url":"https:\/\/empow-her.com\/en\/business-report-2022\/","name":"Business report 2022 - Empow&#039;Her","isPartOf":{"@id":"https:\/\/empow-her.com\/#website"},"primaryImageOfPage":{"@id":"https:\/\/empow-her.com\/en\/business-report-2022\/#primaryimage"},"image":{"@id":"https:\/\/empow-her.com\/en\/business-report-2022\/#primaryimage"},"thumbnailUrl":"https:\/\/empow-her.com\/wp-content\/uploads\/2023\/09\/Capture-decran-2023-09-21-103732-01-3-e1695998929951-600x420.png","datePublished":"2023-11-30T10:45:50+00:00","dateModified":"2023-11-30T10:45:51+00:00","breadcrumb":{"@id":"https:\/\/empow-her.com\/en\/business-report-2022\/#breadcrumb"},"inLanguage":"en-US","potentialAction":[{"@type":"ReadAction","target":["https:\/\/empow-her.com\/en\/business-report-2022\/"]}]},{"@type":"ImageObject","inLanguage":"en-US","@id":"https:\/\/empow-her.com\/en\/business-report-2022\/#primaryimage","url":"https:\/\/empow-her.com\/wp-content\/uploads\/2023\/09\/Capture-decran-2023-09-21-103732-01-3-e1695998929951-600x420.png","contentUrl":"https:\/\/empow-her.com\/wp-content\/uploads\/2023\/09\/Capture-decran-2023-09-21-103732-01-3-e1695998929951-600x420.png"},{"@type":"BreadcrumbList","@id":"https:\/\/empow-her.com\/en\/business-report-2022\/#breadcrumb","itemListElement":[{"@type":"ListItem","position":1,"name":"Accueil","item":"https:\/\/empow-her.com\/en\/landing-page\/"},{"@type":"ListItem","position":2,"name":"Business report 2022"}]},{"@type":"WebSite","@id":"https:\/\/empow-her.com\/#website","url":"https:\/\/empow-her.com\/","name":"Empow&#039;Her","description":"Women Development","potentialAction":[{"@type":"SearchAction","target":{"@type":"EntryPoint","urlTemplate":"https:\/\/empow-her.com\/?s={search_term_string}"},"query-input":{"@type":"PropertyValueSpecification","valueRequired":true,"valueName":"search_term_string"}}],"inLanguage":"en-US"}]}},"_links":{"self":[{"href":"https:\/\/empow-her.com\/en\/wp-json\/wp\/v2\/pages\/224657","targetHints":{"allow":["GET"]}}],"collection":[{"href":"https:\/\/empow-her.com\/en\/wp-json\/wp\/v2\/pages"}],"about":[{"href":"https:\/\/empow-her.com\/en\/wp-json\/wp\/v2\/types\/page"}],"author":[{"embeddable":true,"href":"https:\/\/empow-her.com\/en\/wp-json\/wp\/v2\/users\/262"}],"replies":[{"embeddable":true,"href":"https:\/\/empow-her.com\/en\/wp-json\/wp\/v2\/comments?post=224657"}],"version-history":[{"count":0,"href":"https:\/\/empow-her.com\/en\/wp-json\/wp\/v2\/pages\/224657\/revisions"}],"wp:attachment":[{"href":"https:\/\/empow-her.com\/en\/wp-json\/wp\/v2\/media?parent=224657"}],"curies":[{"name":"wp","href":"https:\/\/api.w.org\/{rel}","templated":true}]}}